{"id":119595,"date":"2026-05-06T01:36:06","date_gmt":"2026-05-06T04:36:06","guid":{"rendered":"https:\/\/www.hediyepazar.com\/?product=sarjli-tiftik-temizleyici-cikarilabilir-hazneli-anti-statik-fircali-usb-sarjli"},"modified":"2026-05-06T01:36:06","modified_gmt":"2026-05-06T04:36:06","slug":"sarjli-tiftik-temizleyici-cikarilabilir-hazneli-anti-statik-fircali-usb-sarjli","status":"publish","type":"product","link":"https:\/\/www.hediyepazar.com\/?product=sarjli-tiftik-temizleyici-cikarilabilir-hazneli-anti-statik-fircali-usb-sarjli","title":{"rendered":"\u015earjl\u0131 Tiftik Temizleyici \u2013 \u00c7\u0131kar\u0131labilir Hazneli Anti-Statik F\u0131r\u00e7al\u0131 USB \u015earjl\u0131"},"content":{"rendered":"<p>K\u0131yafetlerinizi yenilemenin en pratik yolu! \u015earjl\u0131 Tiftik Temizleyici, giysilerinizdeki tiftik, topak ve t\u00fcyleri saniyeler i\u00e7inde temizleyerek kuma\u015flar\u0131n\u0131za yeni bir g\u00f6r\u00fcn\u00fcm kazand\u0131r\u0131r. Kolay kullan\u0131m\u0131 sayesinde zahmetsizce p\u00fcr\u00fczs\u00fcz bir sonu\u00e7 elde edebilirsiniz.\u00c7\u0131kar\u0131labilir at\u0131k haznesi hijyenik kullan\u0131m sa\u011flar, b\u0131\u00e7ak b\u00f6lmesi ise kolay temizlenebilir yap\u0131s\u0131yla cihaz\u0131n uzun \u00f6m\u00fcrl\u00fc olmas\u0131na yard\u0131mc\u0131 olur. Arka k\u0131sm\u0131ndaki anti-statik manuel f\u0131r\u00e7a, hassas kuma\u015flarda nazik bir bak\u0131m sunar. Micro USB kablosu ile \u015farj edilerek kablosuz kullan\u0131labilir.<\/p>\n","protected":false},"excerpt":{"rendered":"<p>K\u0131yafetlerinizi yenilemenin en pratik yolu! \u015earjl\u0131 Tiftik Temizleyici, giysilerinizdeki tiftik, topak ve t\u00fcyleri saniyeler i\u00e7inde temizleyerek kuma\u015flar\u0131n\u0131za yeni bir g\u00f6r\u00fcn\u00fcm kazand\u0131r\u0131r. Kolay kullan\u0131m\u0131 sayesinde zahmetsizce p\u00fcr\u00fczs\u00fcz bir sonu\u00e7 elde edebilirsiniz.\u00c7\u0131kar\u0131labilir at\u0131k haznesi hijyenik kullan\u0131m sa\u011flar, b\u0131\u00e7ak b\u00f6lmesi ise kolay temizlenebilir yap\u0131s\u0131yla cihaz\u0131n uzun \u00f6m\u00fcrl\u00fc olmas\u0131na yard\u0131mc\u0131 olur. Arka k\u0131sm\u0131ndaki anti-statik manuel f\u0131r\u00e7a, hassas kuma\u015flarda nazik&#8230;<\/p>\n","protected":false},"featured_media":119594,"comment_status":"open","ping_status":"closed","template":"","meta":{"_kad_post_transparent":"","_kad_post_title":"","_kad_post_layout":"","_kad_post_sidebar_id":"","_kad_post_content_style":"","_kad_post_vertical_padding":"","_kad_post_feature":"","_kad_post_feature_position":"","_kad_post_header":false,"_kad_post_footer":false,"_kad_post_classname":""},"product_brand":[],"product_cat":[15006],"product_tag":[],"class_list":{"0":"post-119595","1":"product","2":"type-product","3":"status-publish","4":"has-post-thumbnail","6":"product_cat-tuy-toplayici-tuy-toplayici","8":"first","9":"instock","10":"purchasable","11":"product-type-simple","12":"entry","13":"content-bg","14":"loop-entry"},"_links":{"self":[{"href":"https:\/\/www.hediyepazar.com\/index.php?rest_route=\/wp\/v2\/product\/119595","targetHints":{"allow":["GET"]}}],"collection":[{"href":"https:\/\/www.hediyepazar.com\/index.php?rest_route=\/wp\/v2\/product"}],"about":[{"href":"https:\/\/www.hediyepazar.com\/index.php?rest_route=\/wp\/v2\/types\/product"}],"replies":[{"embeddable":true,"href":"https:\/\/www.hediyepazar.com\/index.php?rest_route=%2Fwp%2Fv2%2Fcomments&post=119595"}],"wp:featuredmedia":[{"embeddable":true,"href":"https:\/\/www.hediyepazar.com\/index.php?rest_route=\/wp\/v2\/media\/119594"}],"wp:attachment":[{"href":"https:\/\/www.hediyepazar.com\/index.php?rest_route=%2Fwp%2Fv2%2Fmedia&parent=119595"}],"wp:term":[{"taxonomy":"product_brand","embeddable":true,"href":"https:\/\/www.hediyepazar.com\/index.php?rest_route=%2Fwp%2Fv2%2Fproduct_brand&post=119595"},{"taxonomy":"product_cat","embeddable":true,"href":"https:\/\/www.hediyepazar.com\/index.php?rest_route=%2Fwp%2Fv2%2Fproduct_cat&post=119595"},{"taxonomy":"product_tag","embeddable":true,"href":"https:\/\/www.hediyepazar.com\/index.php?rest_route=%2Fwp%2Fv2%2Fproduct_tag&post=119595"}],"curies":[{"name":"wp","href":"https:\/\/api.w.org\/{rel}","templated":true}]}}