{"id":119601,"date":"2026-05-06T01:37:06","date_gmt":"2026-05-06T04:37:06","guid":{"rendered":"https:\/\/www.hediyepazar.com\/?product=hassas-dijital-mutfak-tartisi-1g-dogruluk-lcd-ekran-otomatik-kapanma"},"modified":"2026-05-06T01:37:06","modified_gmt":"2026-05-06T04:37:06","slug":"hassas-dijital-mutfak-tartisi-1g-dogruluk-lcd-ekran-otomatik-kapanma","status":"publish","type":"product","link":"https:\/\/www.hediyepazar.com\/?product=hassas-dijital-mutfak-tartisi-1g-dogruluk-lcd-ekran-otomatik-kapanma","title":{"rendered":"Hassas Dijital Mutfak Tart\u0131s\u0131 \u2013 1g Do\u011fruluk LCD Ekran Otomatik Kapanma"},"content":{"rendered":"<p>G\u00fcnl\u00fck ya\u015famda y\u00fcksek do\u011frulukta \u00f6l\u00e7\u00fcmler i\u00e7in tasarlanan bu Hassas Dijital Tart\u0131, mutfakta, diyet programlar\u0131n\u0131zda veya k\u00fc\u00e7\u00fck nesnelerin a\u011f\u0131rl\u0131\u011f\u0131n\u0131 belirlemede m\u00fckemmel bir yard\u0131mc\u0131d\u0131r. 1 gram hassasiyet ile \u00f6l\u00e7\u00fcm yaparak her kullan\u0131mda g\u00fcvenilir sonu\u00e7lar sunar.Geni\u015f LCD ekran\u0131 sayesinde verileri kolayca okuyabilir, gram (g), ons (oz) ve libre (lb) birimleri aras\u0131nda tek tu\u015fla ge\u00e7i\u015f yapabilirsiniz. Kompakt ve hafif tasar\u0131m\u0131 sayesinde diledi\u011finiz yere rahat\u00e7a ta\u015f\u0131yabilirsiniz. Otomatik kapanma \u00f6zelli\u011fi, enerji tasarrufu sa\u011flayarak uzun pil \u00f6mr\u00fc sunar.<\/p>\n","protected":false},"excerpt":{"rendered":"<p>G\u00fcnl\u00fck ya\u015famda y\u00fcksek do\u011frulukta \u00f6l\u00e7\u00fcmler i\u00e7in tasarlanan bu Hassas Dijital Tart\u0131, mutfakta, diyet programlar\u0131n\u0131zda veya k\u00fc\u00e7\u00fck nesnelerin a\u011f\u0131rl\u0131\u011f\u0131n\u0131 belirlemede m\u00fckemmel bir yard\u0131mc\u0131d\u0131r. 1 gram hassasiyet ile \u00f6l\u00e7\u00fcm yaparak her kullan\u0131mda g\u00fcvenilir sonu\u00e7lar sunar.Geni\u015f LCD ekran\u0131 sayesinde verileri kolayca okuyabilir, gram (g), ons (oz) ve libre (lb) birimleri aras\u0131nda tek tu\u015fla ge\u00e7i\u015f yapabilirsiniz. Kompakt ve hafif&#8230;<\/p>\n","protected":false},"featured_media":119600,"comment_status":"open","ping_status":"closed","template":"","meta":{"_kad_post_transparent":"","_kad_post_title":"","_kad_post_layout":"","_kad_post_sidebar_id":"","_kad_post_content_style":"","_kad_post_vertical_padding":"","_kad_post_feature":"","_kad_post_feature_position":"","_kad_post_header":false,"_kad_post_footer":false,"_kad_post_classname":""},"product_brand":[],"product_cat":[15031],"product_tag":[],"class_list":{"0":"post-119601","1":"product","2":"type-product","3":"status-publish","4":"has-post-thumbnail","6":"product_cat-mutfak-tartisi-mutfak-tartisi","8":"first","9":"instock","10":"purchasable","11":"product-type-simple","12":"entry","13":"content-bg","14":"loop-entry"},"_links":{"self":[{"href":"https:\/\/www.hediyepazar.com\/index.php?rest_route=\/wp\/v2\/product\/119601","targetHints":{"allow":["GET"]}}],"collection":[{"href":"https:\/\/www.hediyepazar.com\/index.php?rest_route=\/wp\/v2\/product"}],"about":[{"href":"https:\/\/www.hediyepazar.com\/index.php?rest_route=\/wp\/v2\/types\/product"}],"replies":[{"embeddable":true,"href":"https:\/\/www.hediyepazar.com\/index.php?rest_route=%2Fwp%2Fv2%2Fcomments&post=119601"}],"wp:featuredmedia":[{"embeddable":true,"href":"https:\/\/www.hediyepazar.com\/index.php?rest_route=\/wp\/v2\/media\/119600"}],"wp:attachment":[{"href":"https:\/\/www.hediyepazar.com\/index.php?rest_route=%2Fwp%2Fv2%2Fmedia&parent=119601"}],"wp:term":[{"taxonomy":"product_brand","embeddable":true,"href":"https:\/\/www.hediyepazar.com\/index.php?rest_route=%2Fwp%2Fv2%2Fproduct_brand&post=119601"},{"taxonomy":"product_cat","embeddable":true,"href":"https:\/\/www.hediyepazar.com\/index.php?rest_route=%2Fwp%2Fv2%2Fproduct_cat&post=119601"},{"taxonomy":"product_tag","embeddable":true,"href":"https:\/\/www.hediyepazar.com\/index.php?rest_route=%2Fwp%2Fv2%2Fproduct_tag&post=119601"}],"curies":[{"name":"wp","href":"https:\/\/api.w.org\/{rel}","templated":true}]}}