{"id":119615,"date":"2026-05-06T01:39:50","date_gmt":"2026-05-06T04:39:50","guid":{"rendered":"https:\/\/www.hediyepazar.com\/?product=bluetooth-hoparlor-kablosuz-baglanti-2-saat-muzik-suresi"},"modified":"2026-05-06T01:39:50","modified_gmt":"2026-05-06T04:39:50","slug":"bluetooth-hoparlor-kablosuz-baglanti-2-saat-muzik-suresi","status":"publish","type":"product","link":"https:\/\/www.hediyepazar.com\/?product=bluetooth-hoparlor-kablosuz-baglanti-2-saat-muzik-suresi","title":{"rendered":"Bluetooth Hoparl\u00f6r \u2013 Kablosuz Ba\u011flant\u0131 2 Saat M\u00fczik S\u00fcresi"},"content":{"rendered":"<p>Modern tasar\u0131m\u0131 ve geli\u015fmi\u015f \u00f6zellikleriyle bu Bluetooth m\u00fczik cihaz\u0131, m\u00fczik deneyiminizi yeni bir seviyeye ta\u015f\u0131r. 2 saat boyunca kesintisiz m\u00fczik \u00e7alma kapasitesiyle uzun dinleme keyfi sunar.Bluetooth ba\u011flant\u0131s\u0131 sayesinde cihaz\u0131n\u0131za kablosuz olarak ba\u011flanabilir, diledi\u011finiz ortamda \u00f6zg\u00fcrce m\u00fczik dinleyebilirsiniz. Kompakt ve ta\u015f\u0131nabilir yap\u0131s\u0131 her an\u0131n\u0131za e\u015flik eder. 2 y\u0131l ithalat\u00e7\u0131 garantisi ile teknik destek g\u00fcvencesine sahiptir.<\/p>\n","protected":false},"excerpt":{"rendered":"<p>Modern tasar\u0131m\u0131 ve geli\u015fmi\u015f \u00f6zellikleriyle bu Bluetooth m\u00fczik cihaz\u0131, m\u00fczik deneyiminizi yeni bir seviyeye ta\u015f\u0131r. 2 saat boyunca kesintisiz m\u00fczik \u00e7alma kapasitesiyle uzun dinleme keyfi sunar.Bluetooth ba\u011flant\u0131s\u0131 sayesinde cihaz\u0131n\u0131za kablosuz olarak ba\u011flanabilir, diledi\u011finiz ortamda \u00f6zg\u00fcrce m\u00fczik dinleyebilirsiniz. Kompakt ve ta\u015f\u0131nabilir yap\u0131s\u0131 her an\u0131n\u0131za e\u015flik eder. 2 y\u0131l ithalat\u00e7\u0131 garantisi ile teknik destek g\u00fcvencesine sahiptir.<\/p>\n","protected":false},"featured_media":119614,"comment_status":"open","ping_status":"closed","template":"","meta":{"_kad_post_transparent":"","_kad_post_title":"","_kad_post_layout":"","_kad_post_sidebar_id":"","_kad_post_content_style":"","_kad_post_vertical_padding":"","_kad_post_feature":"","_kad_post_feature_position":"","_kad_post_header":false,"_kad_post_footer":false,"_kad_post_classname":""},"product_brand":[],"product_cat":[14911],"product_tag":[],"class_list":{"0":"post-119615","1":"product","2":"type-product","3":"status-publish","4":"has-post-thumbnail","6":"product_cat-kablosuz-hoparlor-kablosuz-hoparlor","8":"first","9":"instock","10":"purchasable","11":"product-type-simple","12":"entry","13":"content-bg","14":"loop-entry"},"_links":{"self":[{"href":"https:\/\/www.hediyepazar.com\/index.php?rest_route=\/wp\/v2\/product\/119615","targetHints":{"allow":["GET"]}}],"collection":[{"href":"https:\/\/www.hediyepazar.com\/index.php?rest_route=\/wp\/v2\/product"}],"about":[{"href":"https:\/\/www.hediyepazar.com\/index.php?rest_route=\/wp\/v2\/types\/product"}],"replies":[{"embeddable":true,"href":"https:\/\/www.hediyepazar.com\/index.php?rest_route=%2Fwp%2Fv2%2Fcomments&post=119615"}],"wp:featuredmedia":[{"embeddable":true,"href":"https:\/\/www.hediyepazar.com\/index.php?rest_route=\/wp\/v2\/media\/119614"}],"wp:attachment":[{"href":"https:\/\/www.hediyepazar.com\/index.php?rest_route=%2Fwp%2Fv2%2Fmedia&parent=119615"}],"wp:term":[{"taxonomy":"product_brand","embeddable":true,"href":"https:\/\/www.hediyepazar.com\/index.php?rest_route=%2Fwp%2Fv2%2Fproduct_brand&post=119615"},{"taxonomy":"product_cat","embeddable":true,"href":"https:\/\/www.hediyepazar.com\/index.php?rest_route=%2Fwp%2Fv2%2Fproduct_cat&post=119615"},{"taxonomy":"product_tag","embeddable":true,"href":"https:\/\/www.hediyepazar.com\/index.php?rest_route=%2Fwp%2Fv2%2Fproduct_tag&post=119615"}],"curies":[{"name":"wp","href":"https:\/\/api.w.org\/{rel}","templated":true}]}}