{"id":119619,"date":"2026-05-06T01:41:16","date_gmt":"2026-05-06T04:41:16","guid":{"rendered":"https:\/\/www.hediyepazar.com\/?product=bluetooth-baglantili-tasinabilir-muzik-cihazi-2-saat-kesintisiz-muzik"},"modified":"2026-05-06T01:41:16","modified_gmt":"2026-05-06T04:41:16","slug":"bluetooth-baglantili-tasinabilir-muzik-cihazi-2-saat-kesintisiz-muzik","status":"publish","type":"product","link":"https:\/\/www.hediyepazar.com\/?product=bluetooth-baglantili-tasinabilir-muzik-cihazi-2-saat-kesintisiz-muzik","title":{"rendered":"Bluetooth Ba\u011flant\u0131l\u0131 Ta\u015f\u0131nabilir M\u00fczik Cihaz\u0131 \u2013 2 Saat Kesintisiz M\u00fczik"},"content":{"rendered":"<p>M\u00fczik keyfini her an yan\u0131n\u0131zda ta\u015f\u0131y\u0131n! Bu modern Bluetooth m\u00fczik cihaz\u0131, \u00fcst\u00fcn ses teknolojisiyle net ve g\u00fc\u00e7l\u00fc bir m\u00fczik deneyimi sunar. Tam dolu bataryas\u0131yla 2 saate kadar kesintisiz m\u00fczik dinleyebilir, kablosuz ba\u011flant\u0131 \u00f6zelli\u011fi sayesinde kablo karma\u015fas\u0131ndan kurtulabilirsiniz.Bluetooth teknolojisi, cihaz\u0131n\u0131za saniyeler i\u00e7inde ba\u011flanarak \u00f6zg\u00fcrce hareket etmenizi sa\u011flar. Kompakt tasar\u0131m\u0131yla evde, ofiste veya d\u0131\u015f mek\u00e2nda kolayl\u0131kla kullan\u0131labilir. 2 y\u0131l ithalat\u00e7\u0131 garantisiyle desteklenen bu cihaz, g\u00fcvenli ve uzun \u00f6m\u00fcrl\u00fc kullan\u0131m i\u00e7in ideal bir tercihtir.<\/p>\n","protected":false},"excerpt":{"rendered":"<p>M\u00fczik keyfini her an yan\u0131n\u0131zda ta\u015f\u0131y\u0131n! Bu modern Bluetooth m\u00fczik cihaz\u0131, \u00fcst\u00fcn ses teknolojisiyle net ve g\u00fc\u00e7l\u00fc bir m\u00fczik deneyimi sunar. Tam dolu bataryas\u0131yla 2 saate kadar kesintisiz m\u00fczik dinleyebilir, kablosuz ba\u011flant\u0131 \u00f6zelli\u011fi sayesinde kablo karma\u015fas\u0131ndan kurtulabilirsiniz.Bluetooth teknolojisi, cihaz\u0131n\u0131za saniyeler i\u00e7inde ba\u011flanarak \u00f6zg\u00fcrce hareket etmenizi sa\u011flar. Kompakt tasar\u0131m\u0131yla evde, ofiste veya d\u0131\u015f mek\u00e2nda kolayl\u0131kla kullan\u0131labilir&#8230;.<\/p>\n","protected":false},"featured_media":119618,"comment_status":"open","ping_status":"closed","template":"","meta":{"_kad_post_transparent":"","_kad_post_title":"","_kad_post_layout":"","_kad_post_sidebar_id":"","_kad_post_content_style":"","_kad_post_vertical_padding":"","_kad_post_feature":"","_kad_post_feature_position":"","_kad_post_header":false,"_kad_post_footer":false,"_kad_post_classname":""},"product_brand":[],"product_cat":[14911],"product_tag":[],"class_list":{"0":"post-119619","1":"product","2":"type-product","3":"status-publish","4":"has-post-thumbnail","6":"product_cat-kablosuz-hoparlor-kablosuz-hoparlor","8":"first","9":"instock","10":"purchasable","11":"product-type-simple","12":"entry","13":"content-bg","14":"loop-entry"},"_links":{"self":[{"href":"https:\/\/www.hediyepazar.com\/index.php?rest_route=\/wp\/v2\/product\/119619","targetHints":{"allow":["GET"]}}],"collection":[{"href":"https:\/\/www.hediyepazar.com\/index.php?rest_route=\/wp\/v2\/product"}],"about":[{"href":"https:\/\/www.hediyepazar.com\/index.php?rest_route=\/wp\/v2\/types\/product"}],"replies":[{"embeddable":true,"href":"https:\/\/www.hediyepazar.com\/index.php?rest_route=%2Fwp%2Fv2%2Fcomments&post=119619"}],"wp:featuredmedia":[{"embeddable":true,"href":"https:\/\/www.hediyepazar.com\/index.php?rest_route=\/wp\/v2\/media\/119618"}],"wp:attachment":[{"href":"https:\/\/www.hediyepazar.com\/index.php?rest_route=%2Fwp%2Fv2%2Fmedia&parent=119619"}],"wp:term":[{"taxonomy":"product_brand","embeddable":true,"href":"https:\/\/www.hediyepazar.com\/index.php?rest_route=%2Fwp%2Fv2%2Fproduct_brand&post=119619"},{"taxonomy":"product_cat","embeddable":true,"href":"https:\/\/www.hediyepazar.com\/index.php?rest_route=%2Fwp%2Fv2%2Fproduct_cat&post=119619"},{"taxonomy":"product_tag","embeddable":true,"href":"https:\/\/www.hediyepazar.com\/index.php?rest_route=%2Fwp%2Fv2%2Fproduct_tag&post=119619"}],"curies":[{"name":"wp","href":"https:\/\/api.w.org\/{rel}","templated":true}]}}