{"id":119625,"date":"2026-05-06T01:43:15","date_gmt":"2026-05-06T04:43:15","guid":{"rendered":"https:\/\/www.hediyepazar.com\/?product=rgb-isikli-kablosuz-sarjli-hoparlor-fm-radyolu-akilli-gece-lambasi"},"modified":"2026-05-06T01:43:15","modified_gmt":"2026-05-06T04:43:15","slug":"rgb-isikli-kablosuz-sarjli-hoparlor-fm-radyolu-akilli-gece-lambasi","status":"publish","type":"product","link":"https:\/\/www.hediyepazar.com\/?product=rgb-isikli-kablosuz-sarjli-hoparlor-fm-radyolu-akilli-gece-lambasi","title":{"rendered":"RGB I\u015f\u0131kl\u0131 Kablosuz \u015earjl\u0131 Hoparl\u00f6r \u2013 FM Radyolu Ak\u0131ll\u0131 Gece Lambas\u0131"},"content":{"rendered":"<p>Evinize hem m\u00fczik hem \u0131\u015f\u0131k enerjisi getiren bu ak\u0131ll\u0131 hoparl\u00f6r, \u00e7ok y\u00f6nl\u00fc \u00f6zellikleriyle fark yarat\u0131r. Kablosuz \u015farj \u00f6zelli\u011fi ve NFC deste\u011fi ile kablolardan kurtulun; telefonunuzu kolayca \u015farj edin.Bluetooth 5.0 teknolojisiyle 10 metreye kadar g\u00fc\u00e7l\u00fc ba\u011flant\u0131 kurar, 10 saate varan m\u00fczik keyfi sunar. LED gece lambas\u0131 \u00f6zelli\u011fi, s\u0131cak beyazdan \u00e7ok renkli RGB \u0131\u015f\u0131klara ge\u00e7i\u015f yaparak ortam\u0131n\u0131za estetik bir hava katar. FM radyo, \u00e7alar saat, uyku zamanlay\u0131c\u0131s\u0131 ve enerji tasarruflu yap\u0131s\u0131 ile her ev i\u00e7in m\u00fckemmel bir se\u00e7imdir.<\/p>\n","protected":false},"excerpt":{"rendered":"<p>Evinize hem m\u00fczik hem \u0131\u015f\u0131k enerjisi getiren bu ak\u0131ll\u0131 hoparl\u00f6r, \u00e7ok y\u00f6nl\u00fc \u00f6zellikleriyle fark yarat\u0131r. Kablosuz \u015farj \u00f6zelli\u011fi ve NFC deste\u011fi ile kablolardan kurtulun; telefonunuzu kolayca \u015farj edin.Bluetooth 5.0 teknolojisiyle 10 metreye kadar g\u00fc\u00e7l\u00fc ba\u011flant\u0131 kurar, 10 saate varan m\u00fczik keyfi sunar. LED gece lambas\u0131 \u00f6zelli\u011fi, s\u0131cak beyazdan \u00e7ok renkli RGB \u0131\u015f\u0131klara ge\u00e7i\u015f yaparak ortam\u0131n\u0131za&#8230;<\/p>\n","protected":false},"featured_media":119624,"comment_status":"open","ping_status":"closed","template":"","meta":{"_kad_post_transparent":"","_kad_post_title":"","_kad_post_layout":"","_kad_post_sidebar_id":"","_kad_post_content_style":"","_kad_post_vertical_padding":"","_kad_post_feature":"","_kad_post_feature_position":"","_kad_post_header":false,"_kad_post_footer":false,"_kad_post_classname":""},"product_brand":[],"product_cat":[14911],"product_tag":[],"class_list":{"0":"post-119625","1":"product","2":"type-product","3":"status-publish","4":"has-post-thumbnail","6":"product_cat-kablosuz-hoparlor-kablosuz-hoparlor","8":"first","9":"instock","10":"purchasable","11":"product-type-simple","12":"entry","13":"content-bg","14":"loop-entry"},"_links":{"self":[{"href":"https:\/\/www.hediyepazar.com\/index.php?rest_route=\/wp\/v2\/product\/119625","targetHints":{"allow":["GET"]}}],"collection":[{"href":"https:\/\/www.hediyepazar.com\/index.php?rest_route=\/wp\/v2\/product"}],"about":[{"href":"https:\/\/www.hediyepazar.com\/index.php?rest_route=\/wp\/v2\/types\/product"}],"replies":[{"embeddable":true,"href":"https:\/\/www.hediyepazar.com\/index.php?rest_route=%2Fwp%2Fv2%2Fcomments&post=119625"}],"wp:featuredmedia":[{"embeddable":true,"href":"https:\/\/www.hediyepazar.com\/index.php?rest_route=\/wp\/v2\/media\/119624"}],"wp:attachment":[{"href":"https:\/\/www.hediyepazar.com\/index.php?rest_route=%2Fwp%2Fv2%2Fmedia&parent=119625"}],"wp:term":[{"taxonomy":"product_brand","embeddable":true,"href":"https:\/\/www.hediyepazar.com\/index.php?rest_route=%2Fwp%2Fv2%2Fproduct_brand&post=119625"},{"taxonomy":"product_cat","embeddable":true,"href":"https:\/\/www.hediyepazar.com\/index.php?rest_route=%2Fwp%2Fv2%2Fproduct_cat&post=119625"},{"taxonomy":"product_tag","embeddable":true,"href":"https:\/\/www.hediyepazar.com\/index.php?rest_route=%2Fwp%2Fv2%2Fproduct_tag&post=119625"}],"curies":[{"name":"wp","href":"https:\/\/api.w.org\/{rel}","templated":true}]}}