{"id":119631,"date":"2026-05-06T01:45:07","date_gmt":"2026-05-06T04:45:07","guid":{"rendered":"https:\/\/www.hediyepazar.com\/?product=askisiz-gorunmez-gogus-bandi-dekolteli-kiyafetler-icin-destekleyici-bant"},"modified":"2026-05-06T01:45:07","modified_gmt":"2026-05-06T04:45:07","slug":"askisiz-gorunmez-gogus-bandi-dekolteli-kiyafetler-icin-destekleyici-bant","status":"publish","type":"product","link":"https:\/\/www.hediyepazar.com\/?product=askisiz-gorunmez-gogus-bandi-dekolteli-kiyafetler-icin-destekleyici-bant","title":{"rendered":"Ask\u0131s\u0131z G\u00f6r\u00fcnmez G\u00f6\u011f\u00fcs Band\u0131 \u2013 Dekolteli K\u0131yafetler \u0130\u00e7in Destekleyici Bant"},"content":{"rendered":"<p>G\u00f6\u011f\u00fcsleri do\u011fal bir \u015fekilde toparlayan bu g\u00f6r\u00fcnmez destek band\u0131, konfor ve zarafeti bir arada sunar. %95 pamuk \u2013 %5 elastan kar\u0131\u015f\u0131m\u0131 sayesinde nefes alabilir, ciltte tahri\u015f yapmadan g\u00fcvenli bir kullan\u0131m sa\u011flar.\u00d6zel dalgal\u0131 yap\u0131\u015fkan tasar\u0131m\u0131 ile g\u00fc\u00e7l\u00fc tutu\u015f sunarken, cildinizden kolayca \u00e7\u0131kar. Diledi\u011finiz forma g\u00f6re kesilebilir ve her beden i\u00e7in uygundur. G\u00fcnl\u00fck kombinlerden \u00f6zel davetlere kadar her ortamda k\u0131yafet alt\u0131nda g\u00f6r\u00fcnmeden destek sa\u011flar.<\/p>\n","protected":false},"excerpt":{"rendered":"<p>G\u00f6\u011f\u00fcsleri do\u011fal bir \u015fekilde toparlayan bu g\u00f6r\u00fcnmez destek band\u0131, konfor ve zarafeti bir arada sunar. %95 pamuk \u2013 %5 elastan kar\u0131\u015f\u0131m\u0131 sayesinde nefes alabilir, ciltte tahri\u015f yapmadan g\u00fcvenli bir kullan\u0131m sa\u011flar.\u00d6zel dalgal\u0131 yap\u0131\u015fkan tasar\u0131m\u0131 ile g\u00fc\u00e7l\u00fc tutu\u015f sunarken, cildinizden kolayca \u00e7\u0131kar. Diledi\u011finiz forma g\u00f6re kesilebilir ve her beden i\u00e7in uygundur. G\u00fcnl\u00fck kombinlerden \u00f6zel davetlere kadar&#8230;<\/p>\n","protected":false},"featured_media":119630,"comment_status":"open","ping_status":"closed","template":"","meta":{"_kad_post_transparent":"","_kad_post_title":"","_kad_post_layout":"","_kad_post_sidebar_id":"","_kad_post_content_style":"","_kad_post_vertical_padding":"","_kad_post_feature":"","_kad_post_feature_position":"","_kad_post_header":false,"_kad_post_footer":false,"_kad_post_classname":""},"product_brand":[],"product_cat":[14953],"product_tag":[],"class_list":{"0":"post-119631","1":"product","2":"type-product","3":"status-publish","4":"has-post-thumbnail","6":"product_cat-toparlayici-sutyen-sutyen-toparlayici-sutyen","8":"first","9":"instock","10":"purchasable","11":"product-type-simple","12":"entry","13":"content-bg","14":"loop-entry"},"_links":{"self":[{"href":"https:\/\/www.hediyepazar.com\/index.php?rest_route=\/wp\/v2\/product\/119631","targetHints":{"allow":["GET"]}}],"collection":[{"href":"https:\/\/www.hediyepazar.com\/index.php?rest_route=\/wp\/v2\/product"}],"about":[{"href":"https:\/\/www.hediyepazar.com\/index.php?rest_route=\/wp\/v2\/types\/product"}],"replies":[{"embeddable":true,"href":"https:\/\/www.hediyepazar.com\/index.php?rest_route=%2Fwp%2Fv2%2Fcomments&post=119631"}],"wp:featuredmedia":[{"embeddable":true,"href":"https:\/\/www.hediyepazar.com\/index.php?rest_route=\/wp\/v2\/media\/119630"}],"wp:attachment":[{"href":"https:\/\/www.hediyepazar.com\/index.php?rest_route=%2Fwp%2Fv2%2Fmedia&parent=119631"}],"wp:term":[{"taxonomy":"product_brand","embeddable":true,"href":"https:\/\/www.hediyepazar.com\/index.php?rest_route=%2Fwp%2Fv2%2Fproduct_brand&post=119631"},{"taxonomy":"product_cat","embeddable":true,"href":"https:\/\/www.hediyepazar.com\/index.php?rest_route=%2Fwp%2Fv2%2Fproduct_cat&post=119631"},{"taxonomy":"product_tag","embeddable":true,"href":"https:\/\/www.hediyepazar.com\/index.php?rest_route=%2Fwp%2Fv2%2Fproduct_tag&post=119631"}],"curies":[{"name":"wp","href":"https:\/\/api.w.org\/{rel}","templated":true}]}}