{"id":119633,"date":"2026-05-06T01:45:13","date_gmt":"2026-05-06T04:45:13","guid":{"rendered":"https:\/\/www.hediyepazar.com\/?product=suya-dayanikli-gorunmez-gogus-bandi-pamuklu-ve-esnek-destek-bandi"},"modified":"2026-05-06T01:45:13","modified_gmt":"2026-05-06T04:45:13","slug":"suya-dayanikli-gorunmez-gogus-bandi-pamuklu-ve-esnek-destek-bandi","status":"publish","type":"product","link":"https:\/\/www.hediyepazar.com\/?product=suya-dayanikli-gorunmez-gogus-bandi-pamuklu-ve-esnek-destek-bandi","title":{"rendered":"Suya Dayan\u0131kl\u0131 G\u00f6r\u00fcnmez G\u00f6\u011f\u00fcs Band\u0131 \u2013 Pamuklu ve Esnek Destek Band\u0131"},"content":{"rendered":"<p>Her k\u0131yafetle \u00f6zg\u00fcvenle hareket edin! Bu g\u00f6r\u00fcnmez g\u00f6\u011f\u00fcs band\u0131, do\u011fal destek ve \u015fekillendirme sa\u011flar. %95 pamuk i\u00e7eri\u011fiyle cilt dostu bir deneyim sunarken, %5 elastan esnekli\u011fiyle v\u00fccudunuza rahat\u00e7a uyum sa\u011flar.Suya ve tere dayan\u0131kl\u0131 yap\u0131s\u0131 sayesinde \u00f6zel g\u00fcnlerde, davetlerde ve g\u00fcnl\u00fck kullan\u0131mlarda g\u00fcvenle tercih edebilirsiniz. K\u0131yafet alt\u0131nda iz yapmayan ultra ince yap\u0131s\u0131, ask\u0131s\u0131z veya dekolteli elbiselerle kusursuz bir g\u00f6r\u00fcn\u00fcm sunar. Kolay uygulan\u0131r, kolay \u00e7\u0131kar\u0131l\u0131r ve g\u00fcn boyu konfor sa\u011flar.<\/p>\n","protected":false},"excerpt":{"rendered":"<p>Her k\u0131yafetle \u00f6zg\u00fcvenle hareket edin! Bu g\u00f6r\u00fcnmez g\u00f6\u011f\u00fcs band\u0131, do\u011fal destek ve \u015fekillendirme sa\u011flar. %95 pamuk i\u00e7eri\u011fiyle cilt dostu bir deneyim sunarken, %5 elastan esnekli\u011fiyle v\u00fccudunuza rahat\u00e7a uyum sa\u011flar.Suya ve tere dayan\u0131kl\u0131 yap\u0131s\u0131 sayesinde \u00f6zel g\u00fcnlerde, davetlerde ve g\u00fcnl\u00fck kullan\u0131mlarda g\u00fcvenle tercih edebilirsiniz. K\u0131yafet alt\u0131nda iz yapmayan ultra ince yap\u0131s\u0131, ask\u0131s\u0131z veya dekolteli elbiselerle kusursuz&#8230;<\/p>\n","protected":false},"featured_media":119632,"comment_status":"open","ping_status":"closed","template":"","meta":{"_kad_post_transparent":"","_kad_post_title":"","_kad_post_layout":"","_kad_post_sidebar_id":"","_kad_post_content_style":"","_kad_post_vertical_padding":"","_kad_post_feature":"","_kad_post_feature_position":"","_kad_post_header":false,"_kad_post_footer":false,"_kad_post_classname":""},"product_brand":[],"product_cat":[14953],"product_tag":[],"class_list":{"0":"post-119633","1":"product","2":"type-product","3":"status-publish","4":"has-post-thumbnail","6":"product_cat-toparlayici-sutyen-sutyen-toparlayici-sutyen","8":"first","9":"instock","10":"purchasable","11":"product-type-simple","12":"entry","13":"content-bg","14":"loop-entry"},"_links":{"self":[{"href":"https:\/\/www.hediyepazar.com\/index.php?rest_route=\/wp\/v2\/product\/119633","targetHints":{"allow":["GET"]}}],"collection":[{"href":"https:\/\/www.hediyepazar.com\/index.php?rest_route=\/wp\/v2\/product"}],"about":[{"href":"https:\/\/www.hediyepazar.com\/index.php?rest_route=\/wp\/v2\/types\/product"}],"replies":[{"embeddable":true,"href":"https:\/\/www.hediyepazar.com\/index.php?rest_route=%2Fwp%2Fv2%2Fcomments&post=119633"}],"wp:featuredmedia":[{"embeddable":true,"href":"https:\/\/www.hediyepazar.com\/index.php?rest_route=\/wp\/v2\/media\/119632"}],"wp:attachment":[{"href":"https:\/\/www.hediyepazar.com\/index.php?rest_route=%2Fwp%2Fv2%2Fmedia&parent=119633"}],"wp:term":[{"taxonomy":"product_brand","embeddable":true,"href":"https:\/\/www.hediyepazar.com\/index.php?rest_route=%2Fwp%2Fv2%2Fproduct_brand&post=119633"},{"taxonomy":"product_cat","embeddable":true,"href":"https:\/\/www.hediyepazar.com\/index.php?rest_route=%2Fwp%2Fv2%2Fproduct_cat&post=119633"},{"taxonomy":"product_tag","embeddable":true,"href":"https:\/\/www.hediyepazar.com\/index.php?rest_route=%2Fwp%2Fv2%2Fproduct_tag&post=119633"}],"curies":[{"name":"wp","href":"https:\/\/api.w.org\/{rel}","templated":true}]}}