{"id":119635,"date":"2026-05-06T01:45:19","date_gmt":"2026-05-06T04:45:19","guid":{"rendered":"https:\/\/www.hediyepazar.com\/?product=gorunmez-destekleyici-gogus-bandi-askisiz-ve-sirti-acik-kiyafetler-icin"},"modified":"2026-05-06T01:45:19","modified_gmt":"2026-05-06T04:45:19","slug":"gorunmez-destekleyici-gogus-bandi-askisiz-ve-sirti-acik-kiyafetler-icin","status":"publish","type":"product","link":"https:\/\/www.hediyepazar.com\/?product=gorunmez-destekleyici-gogus-bandi-askisiz-ve-sirti-acik-kiyafetler-icin","title":{"rendered":"G\u00f6r\u00fcnmez Destekleyici G\u00f6\u011f\u00fcs Band\u0131 \u2013 Ask\u0131s\u0131z ve S\u0131rt\u0131 A\u00e7\u0131k K\u0131yafetler \u0130\u00e7in"},"content":{"rendered":"<p>Do\u011fal kald\u0131rma etkisiyle zarif bir g\u00f6r\u00fcn\u00fcm sunan G\u00f6r\u00fcnmez Destekleyici G\u00f6\u011f\u00fcs Band\u0131, %95 pamuk ve %5 elastan kar\u0131\u015f\u0131m\u0131yla cildinizin nefes almas\u0131n\u0131 sa\u011flar. Y\u00fcksek yap\u0131\u015fkanl\u0131k g\u00fcc\u00fc sayesinde g\u00fcn boyu yerinden oynamaz; suya ve terlemeye dayan\u0131kl\u0131d\u0131r. Ask\u0131s\u0131z, s\u0131rt\u0131 a\u00e7\u0131k veya derin dekolteli k\u0131yafetlerle m\u00fckemmel uyum sa\u011flar.Dalgal\u0131 yap\u0131\u015fkan yap\u0131s\u0131, teninize zarar vermeden g\u00fc\u00e7l\u00fc bir tutu\u015f sunar. Diledi\u011finiz boyutta kesilerek farkl\u0131 g\u00f6\u011f\u00fcs \u00f6l\u00e7\u00fclerine uyum sa\u011flar. \u0130nce ve hafif yap\u0131s\u0131 sayesinde k\u0131yafet alt\u0131nda iz yapmadan do\u011fal bir g\u00f6r\u00fcn\u00fcm elde edersiniz.<\/p>\n","protected":false},"excerpt":{"rendered":"<p>Do\u011fal kald\u0131rma etkisiyle zarif bir g\u00f6r\u00fcn\u00fcm sunan G\u00f6r\u00fcnmez Destekleyici G\u00f6\u011f\u00fcs Band\u0131, %95 pamuk ve %5 elastan kar\u0131\u015f\u0131m\u0131yla cildinizin nefes almas\u0131n\u0131 sa\u011flar. Y\u00fcksek yap\u0131\u015fkanl\u0131k g\u00fcc\u00fc sayesinde g\u00fcn boyu yerinden oynamaz; suya ve terlemeye dayan\u0131kl\u0131d\u0131r. Ask\u0131s\u0131z, s\u0131rt\u0131 a\u00e7\u0131k veya derin dekolteli k\u0131yafetlerle m\u00fckemmel uyum sa\u011flar.Dalgal\u0131 yap\u0131\u015fkan yap\u0131s\u0131, teninize zarar vermeden g\u00fc\u00e7l\u00fc bir tutu\u015f sunar. Diledi\u011finiz boyutta kesilerek&#8230;<\/p>\n","protected":false},"featured_media":119634,"comment_status":"open","ping_status":"closed","template":"","meta":{"_kad_post_transparent":"","_kad_post_title":"","_kad_post_layout":"","_kad_post_sidebar_id":"","_kad_post_content_style":"","_kad_post_vertical_padding":"","_kad_post_feature":"","_kad_post_feature_position":"","_kad_post_header":false,"_kad_post_footer":false,"_kad_post_classname":""},"product_brand":[],"product_cat":[14953],"product_tag":[],"class_list":{"0":"post-119635","1":"product","2":"type-product","3":"status-publish","4":"has-post-thumbnail","6":"product_cat-toparlayici-sutyen-sutyen-toparlayici-sutyen","8":"first","9":"instock","10":"purchasable","11":"product-type-simple","12":"entry","13":"content-bg","14":"loop-entry"},"_links":{"self":[{"href":"https:\/\/www.hediyepazar.com\/index.php?rest_route=\/wp\/v2\/product\/119635","targetHints":{"allow":["GET"]}}],"collection":[{"href":"https:\/\/www.hediyepazar.com\/index.php?rest_route=\/wp\/v2\/product"}],"about":[{"href":"https:\/\/www.hediyepazar.com\/index.php?rest_route=\/wp\/v2\/types\/product"}],"replies":[{"embeddable":true,"href":"https:\/\/www.hediyepazar.com\/index.php?rest_route=%2Fwp%2Fv2%2Fcomments&post=119635"}],"wp:featuredmedia":[{"embeddable":true,"href":"https:\/\/www.hediyepazar.com\/index.php?rest_route=\/wp\/v2\/media\/119634"}],"wp:attachment":[{"href":"https:\/\/www.hediyepazar.com\/index.php?rest_route=%2Fwp%2Fv2%2Fmedia&parent=119635"}],"wp:term":[{"taxonomy":"product_brand","embeddable":true,"href":"https:\/\/www.hediyepazar.com\/index.php?rest_route=%2Fwp%2Fv2%2Fproduct_brand&post=119635"},{"taxonomy":"product_cat","embeddable":true,"href":"https:\/\/www.hediyepazar.com\/index.php?rest_route=%2Fwp%2Fv2%2Fproduct_cat&post=119635"},{"taxonomy":"product_tag","embeddable":true,"href":"https:\/\/www.hediyepazar.com\/index.php?rest_route=%2Fwp%2Fv2%2Fproduct_tag&post=119635"}],"curies":[{"name":"wp","href":"https:\/\/api.w.org\/{rel}","templated":true}]}}