{"id":119637,"date":"2026-05-06T01:46:59","date_gmt":"2026-05-06T04:46:59","guid":{"rendered":"https:\/\/www.hediyepazar.com\/?product=el-hareketiyle-kontrol-edilen-176-led-amber-guvenlik-lambasi"},"modified":"2026-05-06T01:46:59","modified_gmt":"2026-05-06T04:46:59","slug":"el-hareketiyle-kontrol-edilen-176-led-amber-guvenlik-lambasi","status":"publish","type":"product","link":"https:\/\/www.hediyepazar.com\/?product=el-hareketiyle-kontrol-edilen-176-led-amber-guvenlik-lambasi","title":{"rendered":"El Hareketiyle Kontrol Edilen 176 LED Amber G\u00fcvenlik Lambas\u0131"},"content":{"rendered":"<p>176 LED ampull\u00fc bu y\u00fcksek g\u00f6r\u00fcn\u00fcrl\u00fckl\u00fc g\u00fcvenlik lambas\u0131, s\u00fcr\u00fc\u015f g\u00fcvenli\u011fini maksimuma \u00e7\u0131kar\u0131r. Hem g\u00fcnd\u00fcz hem gece net \u0131\u015f\u0131k performans\u0131 sunar. Amber renkli \u0131\u015f\u0131\u011f\u0131 sayesinde yasal olarak trafikte kullan\u0131ma uygundur. El hareketiyle kontrol sistemi, pratik ve modern bir kullan\u0131m sa\u011flar; b\u00f6ylece s\u00fcr\u00fc\u015f s\u0131ras\u0131nda ellerinizi gidondan \u00e7ekmeden sinyal verebilirsiniz. Trafikte fark edilmek ve g\u00fcvenle ilerlemek i\u00e7in ideal bir se\u00e7imdir.&nbsp;<\/p>\n","protected":false},"excerpt":{"rendered":"<p>176 LED ampull\u00fc bu y\u00fcksek g\u00f6r\u00fcn\u00fcrl\u00fckl\u00fc g\u00fcvenlik lambas\u0131, s\u00fcr\u00fc\u015f g\u00fcvenli\u011fini maksimuma \u00e7\u0131kar\u0131r. Hem g\u00fcnd\u00fcz hem gece net \u0131\u015f\u0131k performans\u0131 sunar. Amber renkli \u0131\u015f\u0131\u011f\u0131 sayesinde yasal olarak trafikte kullan\u0131ma uygundur. El hareketiyle kontrol sistemi, pratik ve modern bir kullan\u0131m sa\u011flar; b\u00f6ylece s\u00fcr\u00fc\u015f s\u0131ras\u0131nda ellerinizi gidondan \u00e7ekmeden sinyal verebilirsiniz. Trafikte fark edilmek ve g\u00fcvenle ilerlemek i\u00e7in ideal&#8230;<\/p>\n","protected":false},"featured_media":119636,"comment_status":"open","ping_status":"closed","template":"","meta":{"_kad_post_transparent":"","_kad_post_title":"","_kad_post_layout":"","_kad_post_sidebar_id":"","_kad_post_content_style":"","_kad_post_vertical_padding":"","_kad_post_feature":"","_kad_post_feature_position":"","_kad_post_header":false,"_kad_post_footer":false,"_kad_post_classname":""},"product_brand":[],"product_cat":[14933],"product_tag":[],"class_list":{"0":"post-119637","1":"product","2":"type-product","3":"status-publish","4":"has-post-thumbnail","6":"product_cat-led-isik-led-isik","8":"first","9":"instock","10":"purchasable","11":"product-type-simple","12":"entry","13":"content-bg","14":"loop-entry"},"_links":{"self":[{"href":"https:\/\/www.hediyepazar.com\/index.php?rest_route=\/wp\/v2\/product\/119637","targetHints":{"allow":["GET"]}}],"collection":[{"href":"https:\/\/www.hediyepazar.com\/index.php?rest_route=\/wp\/v2\/product"}],"about":[{"href":"https:\/\/www.hediyepazar.com\/index.php?rest_route=\/wp\/v2\/types\/product"}],"replies":[{"embeddable":true,"href":"https:\/\/www.hediyepazar.com\/index.php?rest_route=%2Fwp%2Fv2%2Fcomments&post=119637"}],"wp:featuredmedia":[{"embeddable":true,"href":"https:\/\/www.hediyepazar.com\/index.php?rest_route=\/wp\/v2\/media\/119636"}],"wp:attachment":[{"href":"https:\/\/www.hediyepazar.com\/index.php?rest_route=%2Fwp%2Fv2%2Fmedia&parent=119637"}],"wp:term":[{"taxonomy":"product_brand","embeddable":true,"href":"https:\/\/www.hediyepazar.com\/index.php?rest_route=%2Fwp%2Fv2%2Fproduct_brand&post=119637"},{"taxonomy":"product_cat","embeddable":true,"href":"https:\/\/www.hediyepazar.com\/index.php?rest_route=%2Fwp%2Fv2%2Fproduct_cat&post=119637"},{"taxonomy":"product_tag","embeddable":true,"href":"https:\/\/www.hediyepazar.com\/index.php?rest_route=%2Fwp%2Fv2%2Fproduct_tag&post=119637"}],"curies":[{"name":"wp","href":"https:\/\/api.w.org\/{rel}","templated":true}]}}