{"id":119639,"date":"2026-05-06T01:47:06","date_gmt":"2026-05-06T04:47:06","guid":{"rendered":"https:\/\/www.hediyepazar.com\/?product=176-ledli-amber-trafik-uyumlu-sinyal-isigi-el-hareketiyle-kontrol"},"modified":"2026-05-06T01:47:06","modified_gmt":"2026-05-06T04:47:06","slug":"176-ledli-amber-trafik-uyumlu-sinyal-isigi-el-hareketiyle-kontrol","status":"publish","type":"product","link":"https:\/\/www.hediyepazar.com\/?product=176-ledli-amber-trafik-uyumlu-sinyal-isigi-el-hareketiyle-kontrol","title":{"rendered":"176 LED\u2019li Amber Trafik Uyumlu Sinyal I\u015f\u0131\u011f\u0131 \u2013 El Hareketiyle Kontrol"},"content":{"rendered":"<p>G\u00fcvenli s\u00fcr\u00fc\u015f i\u00e7in tasarlanan bu geli\u015fmi\u015f sinyal \u0131\u015f\u0131\u011f\u0131, 176 LED ampul\u00fcyle g\u00fcnd\u00fcz ve gece fark edilmenizi sa\u011flar. Amber tonundaki \u0131\u015f\u0131\u011f\u0131, TC trafik standartlar\u0131na tam uyum g\u00f6sterir. El hareketiyle \u00e7al\u0131\u015fan kontrol sistemi, butonlara dokunmadan kolay kullan\u0131m imk\u00e2n\u0131 sunar. B\u00f6ylece hem g\u00fcvenli hem de konforlu bir s\u00fcr\u00fc\u015f deneyimi ya\u015fars\u0131n\u0131z. \u00d6zellikle motosiklet, bisiklet ve scooter kullan\u0131c\u0131lar\u0131 i\u00e7in ideal bir \u00e7\u00f6z\u00fcmd\u00fcr.&nbsp;<\/p>\n","protected":false},"excerpt":{"rendered":"<p>G\u00fcvenli s\u00fcr\u00fc\u015f i\u00e7in tasarlanan bu geli\u015fmi\u015f sinyal \u0131\u015f\u0131\u011f\u0131, 176 LED ampul\u00fcyle g\u00fcnd\u00fcz ve gece fark edilmenizi sa\u011flar. Amber tonundaki \u0131\u015f\u0131\u011f\u0131, TC trafik standartlar\u0131na tam uyum g\u00f6sterir. El hareketiyle \u00e7al\u0131\u015fan kontrol sistemi, butonlara dokunmadan kolay kullan\u0131m imk\u00e2n\u0131 sunar. B\u00f6ylece hem g\u00fcvenli hem de konforlu bir s\u00fcr\u00fc\u015f deneyimi ya\u015fars\u0131n\u0131z. \u00d6zellikle motosiklet, bisiklet ve scooter kullan\u0131c\u0131lar\u0131 i\u00e7in ideal&#8230;<\/p>\n","protected":false},"featured_media":119638,"comment_status":"open","ping_status":"closed","template":"","meta":{"_kad_post_transparent":"","_kad_post_title":"","_kad_post_layout":"","_kad_post_sidebar_id":"","_kad_post_content_style":"","_kad_post_vertical_padding":"","_kad_post_feature":"","_kad_post_feature_position":"","_kad_post_header":false,"_kad_post_footer":false,"_kad_post_classname":""},"product_brand":[],"product_cat":[14933],"product_tag":[],"class_list":{"0":"post-119639","1":"product","2":"type-product","3":"status-publish","4":"has-post-thumbnail","6":"product_cat-led-isik-led-isik","8":"first","9":"instock","10":"purchasable","11":"product-type-simple","12":"entry","13":"content-bg","14":"loop-entry"},"_links":{"self":[{"href":"https:\/\/www.hediyepazar.com\/index.php?rest_route=\/wp\/v2\/product\/119639","targetHints":{"allow":["GET"]}}],"collection":[{"href":"https:\/\/www.hediyepazar.com\/index.php?rest_route=\/wp\/v2\/product"}],"about":[{"href":"https:\/\/www.hediyepazar.com\/index.php?rest_route=\/wp\/v2\/types\/product"}],"replies":[{"embeddable":true,"href":"https:\/\/www.hediyepazar.com\/index.php?rest_route=%2Fwp%2Fv2%2Fcomments&post=119639"}],"wp:featuredmedia":[{"embeddable":true,"href":"https:\/\/www.hediyepazar.com\/index.php?rest_route=\/wp\/v2\/media\/119638"}],"wp:attachment":[{"href":"https:\/\/www.hediyepazar.com\/index.php?rest_route=%2Fwp%2Fv2%2Fmedia&parent=119639"}],"wp:term":[{"taxonomy":"product_brand","embeddable":true,"href":"https:\/\/www.hediyepazar.com\/index.php?rest_route=%2Fwp%2Fv2%2Fproduct_brand&post=119639"},{"taxonomy":"product_cat","embeddable":true,"href":"https:\/\/www.hediyepazar.com\/index.php?rest_route=%2Fwp%2Fv2%2Fproduct_cat&post=119639"},{"taxonomy":"product_tag","embeddable":true,"href":"https:\/\/www.hediyepazar.com\/index.php?rest_route=%2Fwp%2Fv2%2Fproduct_tag&post=119639"}],"curies":[{"name":"wp","href":"https:\/\/api.w.org\/{rel}","templated":true}]}}