{"id":119651,"date":"2026-05-06T01:48:09","date_gmt":"2026-05-06T04:48:09","guid":{"rendered":"https:\/\/www.hediyepazar.com\/?product=nfc-destekli-akilli-saat-kablosuz-sarj-sesli-arama-ozelligi"},"modified":"2026-05-06T01:48:09","modified_gmt":"2026-05-06T04:48:09","slug":"nfc-destekli-akilli-saat-kablosuz-sarj-sesli-arama-ozelligi","status":"publish","type":"product","link":"https:\/\/www.hediyepazar.com\/?product=nfc-destekli-akilli-saat-kablosuz-sarj-sesli-arama-ozelligi","title":{"rendered":"NFC Destekli Ak\u0131ll\u0131 Saat \u2013 Kablosuz \u015earj &#038; Sesli Arama \u00d6zelli\u011fi"},"content":{"rendered":"<p>Teknolojiyle konforu bir araya getiren bu ak\u0131ll\u0131 saat, NFC deste\u011fi sayesinde temass\u0131z \u00f6deme imk\u00e2n\u0131 sunar. Kablosuz \u015farj \u00f6zelli\u011fi ile kablo karma\u015fas\u0131na son verirken, Bluetooth \u00fczerinden sesli g\u00f6r\u00fc\u015fme \u00f6zelli\u011fiyle ileti\u015fimi kolayla\u015ft\u0131r\u0131r. Android ve iOS cihazlarla uyumlu yap\u0131s\u0131 sayesinde, g\u00fcnl\u00fck ya\u015fant\u0131n\u0131zda vazge\u00e7ilmez bir yard\u0131mc\u0131 olur.<\/p>\n","protected":false},"excerpt":{"rendered":"<p>Teknolojiyle konforu bir araya getiren bu ak\u0131ll\u0131 saat, NFC deste\u011fi sayesinde temass\u0131z \u00f6deme imk\u00e2n\u0131 sunar. Kablosuz \u015farj \u00f6zelli\u011fi ile kablo karma\u015fas\u0131na son verirken, Bluetooth \u00fczerinden sesli g\u00f6r\u00fc\u015fme \u00f6zelli\u011fiyle ileti\u015fimi kolayla\u015ft\u0131r\u0131r. Android ve iOS cihazlarla uyumlu yap\u0131s\u0131 sayesinde, g\u00fcnl\u00fck ya\u015fant\u0131n\u0131zda vazge\u00e7ilmez bir yard\u0131mc\u0131 olur.<\/p>\n","protected":false},"featured_media":119650,"comment_status":"open","ping_status":"closed","template":"","meta":{"_kad_post_transparent":"","_kad_post_title":"","_kad_post_layout":"","_kad_post_sidebar_id":"","_kad_post_content_style":"","_kad_post_vertical_padding":"","_kad_post_feature":"","_kad_post_feature_position":"","_kad_post_header":false,"_kad_post_footer":false,"_kad_post_classname":""},"product_brand":[],"product_cat":[14935],"product_tag":[],"class_list":{"0":"post-119651","1":"product","2":"type-product","3":"status-publish","4":"has-post-thumbnail","6":"product_cat-akilli-saatler-akilli-saatler","8":"first","9":"instock","10":"purchasable","11":"product-type-simple","12":"entry","13":"content-bg","14":"loop-entry"},"_links":{"self":[{"href":"https:\/\/www.hediyepazar.com\/index.php?rest_route=\/wp\/v2\/product\/119651","targetHints":{"allow":["GET"]}}],"collection":[{"href":"https:\/\/www.hediyepazar.com\/index.php?rest_route=\/wp\/v2\/product"}],"about":[{"href":"https:\/\/www.hediyepazar.com\/index.php?rest_route=\/wp\/v2\/types\/product"}],"replies":[{"embeddable":true,"href":"https:\/\/www.hediyepazar.com\/index.php?rest_route=%2Fwp%2Fv2%2Fcomments&post=119651"}],"wp:featuredmedia":[{"embeddable":true,"href":"https:\/\/www.hediyepazar.com\/index.php?rest_route=\/wp\/v2\/media\/119650"}],"wp:attachment":[{"href":"https:\/\/www.hediyepazar.com\/index.php?rest_route=%2Fwp%2Fv2%2Fmedia&parent=119651"}],"wp:term":[{"taxonomy":"product_brand","embeddable":true,"href":"https:\/\/www.hediyepazar.com\/index.php?rest_route=%2Fwp%2Fv2%2Fproduct_brand&post=119651"},{"taxonomy":"product_cat","embeddable":true,"href":"https:\/\/www.hediyepazar.com\/index.php?rest_route=%2Fwp%2Fv2%2Fproduct_cat&post=119651"},{"taxonomy":"product_tag","embeddable":true,"href":"https:\/\/www.hediyepazar.com\/index.php?rest_route=%2Fwp%2Fv2%2Fproduct_tag&post=119651"}],"curies":[{"name":"wp","href":"https:\/\/api.w.org\/{rel}","templated":true}]}}