{"id":119655,"date":"2026-05-06T01:48:19","date_gmt":"2026-05-06T04:48:19","guid":{"rendered":"https:\/\/www.hediyepazar.com\/?product=kamp-lambasi-kafa-feneri-kafa-lambasi-ayarlanabilir-sensorlu-sarjli"},"modified":"2026-05-06T01:48:19","modified_gmt":"2026-05-06T04:48:19","slug":"kamp-lambasi-kafa-feneri-kafa-lambasi-ayarlanabilir-sensorlu-sarjli","status":"publish","type":"product","link":"https:\/\/www.hediyepazar.com\/?product=kamp-lambasi-kafa-feneri-kafa-lambasi-ayarlanabilir-sensorlu-sarjli","title":{"rendered":"Kamp Lambas\u0131 Kafa Feneri Kafa Lambas\u0131 Ayarlanabilir Sens\u00f6rl\u00fc \u015earjl\u0131"},"content":{"rendered":"<p>Geli\u015fmi\u015f ayd\u0131nlatma teknolojisini kompakt tasar\u0131mla birle\u015ftiren bu LED kafa lambas\u0131, a\u00e7\u0131k hava aktiviteleri, kamp, y\u00fcr\u00fcy\u00fc\u015f, bal\u0131k\u00e7\u0131l\u0131k ve el gerektiren i\u015fler i\u00e7in ideal bir \u00e7\u00f6z\u00fcmd\u00fcr. ABS plastik g\u00f6vdesi, darbelere ve d\u0131\u015f etkenlere kar\u015f\u0131 dayan\u0131kl\u0131d\u0131r. Sadece 50 gram a\u011f\u0131rl\u0131\u011f\u0131nda olan bu \u00fcr\u00fcn, hafifli\u011fi sayesinde uzun s\u00fcreli kullan\u0131mlarda bile konforu elden b\u0131rakmaz. Ergonomik yap\u0131s\u0131 sayesinde ba\u015fta sabit \u015fekilde durur ve hareket halindeyken kayma yapmaz.XPG LED ve 2 adet COB LED ile donat\u0131lm\u0131\u015f bu \u00e7ok y\u00f6nl\u00fc kafa lambas\u0131, 300 ile 1200 l\u00fcmen aras\u0131 parlakl\u0131k sunarak farkl\u0131 ortamlarda maksimum g\u00f6r\u00fc\u015f sa\u011flar. Geni\u015f \u0131\u015f\u0131k yay\u0131l\u0131m\u0131, karanl\u0131k alanlar\u0131 net bir \u015fekilde ayd\u0131nlat\u0131rken g\u00f6z yormayan yap\u0131s\u0131yla konforlu bir kullan\u0131m sunar. Dahili lityum pil, USB \u00fczerinden k\u0131sa s\u00fcrede \u015farj edilebilir ve uzun s\u00fcreli ayd\u0131nlatma performans\u0131 sa\u011flar.Boyutlar\u0131 70x35x33 mm olan bu kompakt lamba, cebinizde dahi kolayca ta\u015f\u0131nabilir. Paket i\u00e7eri\u011finde yer alan ayarlanabilir kafa band\u0131, farkl\u0131 ba\u015f yap\u0131lar\u0131na uyum sa\u011flayacak \u015fekilde tasarlanm\u0131\u015ft\u0131r. USB \u015farj kablosu ile birlikte gelen bu \u00fcr\u00fcn, hem g\u00fcndelik kullan\u0131m hem de profesyonel faaliyetler i\u00e7in g\u00fcvenilir bir ayd\u0131nlatma kayna\u011f\u0131 sunar. Dayan\u0131kl\u0131, ta\u015f\u0131nabilir ve enerji verimli yap\u0131s\u0131yla bu kafa lambas\u0131, her ortamda ihtiya\u00e7 duyulan g\u00fc\u00e7l\u00fc bir yard\u0131mc\u0131d\u0131r.&nbsp;&nbsp;&nbsp;<\/p>\n","protected":false},"excerpt":{"rendered":"<p>Geli\u015fmi\u015f ayd\u0131nlatma teknolojisini kompakt tasar\u0131mla birle\u015ftiren bu LED kafa lambas\u0131, a\u00e7\u0131k hava aktiviteleri, kamp, y\u00fcr\u00fcy\u00fc\u015f, bal\u0131k\u00e7\u0131l\u0131k ve el gerektiren i\u015fler i\u00e7in ideal bir \u00e7\u00f6z\u00fcmd\u00fcr. ABS plastik g\u00f6vdesi, darbelere ve d\u0131\u015f etkenlere kar\u015f\u0131 dayan\u0131kl\u0131d\u0131r. Sadece 50 gram a\u011f\u0131rl\u0131\u011f\u0131nda olan bu \u00fcr\u00fcn, hafifli\u011fi sayesinde uzun s\u00fcreli kullan\u0131mlarda bile konforu elden b\u0131rakmaz. Ergonomik yap\u0131s\u0131 sayesinde ba\u015fta sabit \u015fekilde&#8230;<\/p>\n","protected":false},"featured_media":119654,"comment_status":"open","ping_status":"closed","template":"","meta":{"_kad_post_transparent":"","_kad_post_title":"","_kad_post_layout":"","_kad_post_sidebar_id":"","_kad_post_content_style":"","_kad_post_vertical_padding":"","_kad_post_feature":"","_kad_post_feature_position":"","_kad_post_header":false,"_kad_post_footer":false,"_kad_post_classname":""},"product_brand":[],"product_cat":[14979],"product_tag":[],"class_list":{"0":"post-119655","1":"product","2":"type-product","3":"status-publish","4":"has-post-thumbnail","6":"product_cat-kafa-lambasi-kafa-lambasi","8":"first","9":"instock","10":"purchasable","11":"product-type-simple","12":"entry","13":"content-bg","14":"loop-entry"},"_links":{"self":[{"href":"https:\/\/www.hediyepazar.com\/index.php?rest_route=\/wp\/v2\/product\/119655","targetHints":{"allow":["GET"]}}],"collection":[{"href":"https:\/\/www.hediyepazar.com\/index.php?rest_route=\/wp\/v2\/product"}],"about":[{"href":"https:\/\/www.hediyepazar.com\/index.php?rest_route=\/wp\/v2\/types\/product"}],"replies":[{"embeddable":true,"href":"https:\/\/www.hediyepazar.com\/index.php?rest_route=%2Fwp%2Fv2%2Fcomments&post=119655"}],"wp:featuredmedia":[{"embeddable":true,"href":"https:\/\/www.hediyepazar.com\/index.php?rest_route=\/wp\/v2\/media\/119654"}],"wp:attachment":[{"href":"https:\/\/www.hediyepazar.com\/index.php?rest_route=%2Fwp%2Fv2%2Fmedia&parent=119655"}],"wp:term":[{"taxonomy":"product_brand","embeddable":true,"href":"https:\/\/www.hediyepazar.com\/index.php?rest_route=%2Fwp%2Fv2%2Fproduct_brand&post=119655"},{"taxonomy":"product_cat","embeddable":true,"href":"https:\/\/www.hediyepazar.com\/index.php?rest_route=%2Fwp%2Fv2%2Fproduct_cat&post=119655"},{"taxonomy":"product_tag","embeddable":true,"href":"https:\/\/www.hediyepazar.com\/index.php?rest_route=%2Fwp%2Fv2%2Fproduct_tag&post=119655"}],"curies":[{"name":"wp","href":"https:\/\/api.w.org\/{rel}","templated":true}]}}