{"id":119747,"date":"2026-05-06T02:03:19","date_gmt":"2026-05-06T05:03:19","guid":{"rendered":"https:\/\/www.hediyepazar.com\/?product=aktif-gurultu-onlemeli-rgb-isikli-kablosuz-kulak-ustu-kulaklik"},"modified":"2026-05-06T02:03:19","modified_gmt":"2026-05-06T05:03:19","slug":"aktif-gurultu-onlemeli-rgb-isikli-kablosuz-kulak-ustu-kulaklik","status":"publish","type":"product","link":"https:\/\/www.hediyepazar.com\/?product=aktif-gurultu-onlemeli-rgb-isikli-kablosuz-kulak-ustu-kulaklik","title":{"rendered":"Aktif G\u00fcr\u00fclt\u00fc \u00d6nlemeli RGB I\u015f\u0131kl\u0131 Kablosuz Kulak \u00dcst\u00fc Kulakl\u0131k"},"content":{"rendered":"<p>M\u00fczi\u011fi ve oyun keyfini yeni bir boyuta ta\u015f\u0131yan Aktif G\u00fcr\u00fclt\u00fc \u00d6nlemeli RGB I\u015f\u0131kl\u0131 Kulak \u00dcst\u00fc Kulakl\u0131k, hem profesyonel kullan\u0131c\u0131lar hem de oyun tutkunlar\u0131 i\u00e7in tasarlanm\u0131\u015ft\u0131r.Geli\u015fmi\u015f Aktif G\u00fcr\u00fclt\u00fc \u00d6nleme (ANC) teknolojisi sayesinde, d\u0131\u015f ortam seslerini etkili bi\u00e7imde filtreleyerek sadece m\u00fczi\u011fe veya oyuna odaklanman\u0131z\u0131 sa\u011flar. G\u00fcr\u00fclt\u00fcl\u00fc ortamlarda bile net ses deneyimi sunar; b\u00f6ylece oyunlarda d\u00fc\u015fman ad\u0131mlar\u0131n\u0131, m\u00fczikte ise her detay\u0131 kristal netli\u011finde duyabilirsiniz.RGB ayd\u0131nlatma \u00f6zelli\u011fi, farkl\u0131 renk ge\u00e7i\u015fleriyle kulakl\u0131\u011f\u0131n\u0131za dinamik bir g\u00f6r\u00fcn\u00fcm kazand\u0131r\u0131r. Ki\u015fisel tarz\u0131n\u0131za uygun \u0131\u015f\u0131k efektleri sayesinde hem \u015f\u0131kl\u0131\u011f\u0131 hem de enerjiyi bir arada ya\u015fars\u0131n\u0131z.Uzun s\u00fcreli kullan\u0131m i\u00e7in tasarlanan kulak \u00fcst\u00fc yumu\u015fak pedler, kula\u011f\u0131 saran konforlu yap\u0131s\u0131yla rahats\u0131zl\u0131k hissini ortadan kald\u0131r\u0131r. Ergonomik tasar\u0131m\u0131 ba\u015f\u0131n\u0131z\u0131 s\u0131kmadan, saatler boyunca kesintisiz kullan\u0131m sa\u011flar.Dahili mikrofonu, net ses aktar\u0131m\u0131 ve geli\u015fmi\u015f g\u00fcr\u00fclt\u00fc filtreleme ile aramalarda ya da oyun i\u00e7i ileti\u015fimde kusursuz netlik sunar.Ayr\u0131ca \u00fcr\u00fcn, 2 y\u0131l ithalat\u00e7\u0131 garantisi ile g\u00fcvenli al\u0131\u015fveri\u015fin keyfini sunar. Herhangi bir teknik problem durumunda profesyonel destek alabilir, \u00fcr\u00fcn\u00fc g\u00f6n\u00fcl rahatl\u0131\u011f\u0131yla uzun y\u0131llar kullanabilirsiniz.Modern RGB \u0131\u015f\u0131klar\u0131, ANC teknolojisi, mikrofon kalitesi ve dayan\u0131kl\u0131 tasar\u0131m\u0131yla bu kulakl\u0131k; hem performans hem estetik a\u00e7\u0131s\u0131ndan m\u00fckemmel bir tercihtir.<\/p>\n","protected":false},"excerpt":{"rendered":"<p>M\u00fczi\u011fi ve oyun keyfini yeni bir boyuta ta\u015f\u0131yan Aktif G\u00fcr\u00fclt\u00fc \u00d6nlemeli RGB I\u015f\u0131kl\u0131 Kulak \u00dcst\u00fc Kulakl\u0131k, hem profesyonel kullan\u0131c\u0131lar hem de oyun tutkunlar\u0131 i\u00e7in tasarlanm\u0131\u015ft\u0131r.Geli\u015fmi\u015f Aktif G\u00fcr\u00fclt\u00fc \u00d6nleme (ANC) teknolojisi sayesinde, d\u0131\u015f ortam seslerini etkili bi\u00e7imde filtreleyerek sadece m\u00fczi\u011fe veya oyuna odaklanman\u0131z\u0131 sa\u011flar. G\u00fcr\u00fclt\u00fcl\u00fc ortamlarda bile net ses deneyimi sunar; b\u00f6ylece oyunlarda d\u00fc\u015fman ad\u0131mlar\u0131n\u0131, m\u00fczikte&#8230;<\/p>\n","protected":false},"featured_media":119746,"comment_status":"open","ping_status":"closed","template":"","meta":{"_kad_post_transparent":"","_kad_post_title":"","_kad_post_layout":"","_kad_post_sidebar_id":"","_kad_post_content_style":"","_kad_post_vertical_padding":"","_kad_post_feature":"","_kad_post_feature_position":"","_kad_post_header":false,"_kad_post_footer":false,"_kad_post_classname":""},"product_brand":[],"product_cat":[14957],"product_tag":[],"class_list":{"0":"post-119747","1":"product","2":"type-product","3":"status-publish","4":"has-post-thumbnail","6":"product_cat-kablosuz-kulaklik-kablosuz-kulaklik","8":"first","9":"instock","10":"purchasable","11":"product-type-simple","12":"entry","13":"content-bg","14":"loop-entry"},"_links":{"self":[{"href":"https:\/\/www.hediyepazar.com\/index.php?rest_route=\/wp\/v2\/product\/119747","targetHints":{"allow":["GET"]}}],"collection":[{"href":"https:\/\/www.hediyepazar.com\/index.php?rest_route=\/wp\/v2\/product"}],"about":[{"href":"https:\/\/www.hediyepazar.com\/index.php?rest_route=\/wp\/v2\/types\/product"}],"replies":[{"embeddable":true,"href":"https:\/\/www.hediyepazar.com\/index.php?rest_route=%2Fwp%2Fv2%2Fcomments&post=119747"}],"wp:featuredmedia":[{"embeddable":true,"href":"https:\/\/www.hediyepazar.com\/index.php?rest_route=\/wp\/v2\/media\/119746"}],"wp:attachment":[{"href":"https:\/\/www.hediyepazar.com\/index.php?rest_route=%2Fwp%2Fv2%2Fmedia&parent=119747"}],"wp:term":[{"taxonomy":"product_brand","embeddable":true,"href":"https:\/\/www.hediyepazar.com\/index.php?rest_route=%2Fwp%2Fv2%2Fproduct_brand&post=119747"},{"taxonomy":"product_cat","embeddable":true,"href":"https:\/\/www.hediyepazar.com\/index.php?rest_route=%2Fwp%2Fv2%2Fproduct_cat&post=119747"},{"taxonomy":"product_tag","embeddable":true,"href":"https:\/\/www.hediyepazar.com\/index.php?rest_route=%2Fwp%2Fv2%2Fproduct_tag&post=119747"}],"curies":[{"name":"wp","href":"https:\/\/api.w.org\/{rel}","templated":true}]}}