{"id":119757,"date":"2026-05-06T02:06:31","date_gmt":"2026-05-06T05:06:31","guid":{"rendered":"https:\/\/www.hediyepazar.com\/?product=kablosuz-cift-modlu-mouse-bluetooth-5-0-2-4ghz"},"modified":"2026-05-06T02:06:31","modified_gmt":"2026-05-06T05:06:31","slug":"kablosuz-cift-modlu-mouse-bluetooth-5-0-2-4ghz","status":"publish","type":"product","link":"https:\/\/www.hediyepazar.com\/?product=kablosuz-cift-modlu-mouse-bluetooth-5-0-2-4ghz","title":{"rendered":"Kablosuz \u00c7ift Modlu Mouse \u2013 Bluetooth 5.0 + 2.4GHz"},"content":{"rendered":"<p>Tek bir fareyle t\u00fcm cihazlar\u0131n\u0131z\u0131 y\u00f6netin! \u00c7ift Modlu Bluetooth 5.0 ve 2.4GHz Kablosuz Mouse, ayn\u0131 anda 3 cihaza kadar ba\u011flant\u0131 deste\u011fi sunarak \u00e7oklu kullan\u0131m kolayl\u0131\u011f\u0131 sa\u011flar.Arkadaki pratik ge\u00e7i\u015f d\u00fc\u011fmesiyle cihazlar aras\u0131nda h\u0131zl\u0131 ge\u00e7i\u015f yapabilir, kesintisiz bir \u00e7al\u0131\u015fma deneyimi ya\u015fayabilirsiniz.Bluetooth 5.0 teknolojisi, d\u00fc\u015f\u00fck gecikme ve y\u00fcksek veri aktar\u0131m h\u0131z\u0131yla ak\u0131c\u0131 bir kontrol sunar.2.4GHz ba\u011flant\u0131 modu, USB al\u0131c\u0131 (dongle) arac\u0131l\u0131\u011f\u0131yla g\u00fc\u00e7l\u00fc sinyal iletimi sa\u011flar. Ofiste, evde ya da seyahatte fark etmeksizin her ortamda kararl\u0131 ba\u011flant\u0131 elde edebilirsiniz.Tak-\u00c7al\u0131\u015ft\u0131r \u00f6zelli\u011fi sayesinde ek yaz\u0131l\u0131m kurmadan saniyeler i\u00e7inde kullan\u0131ma haz\u0131r hale gelir.Ergonomik yap\u0131s\u0131, uzun saatler s\u00fcren \u00e7al\u0131\u015fma veya oyun seanslar\u0131nda bile el konforunu korur. Sessiz t\u0131klama \u00f6zelli\u011fiyle ofis ortamlar\u0131nda dikkat da\u011f\u0131tmadan \u00e7al\u0131\u015fabilirsiniz.Geli\u015fmi\u015f optik sens\u00f6r sistemi, farkl\u0131 y\u00fczeylerde y\u00fcksek hassasiyetli performans sunar.Hem diz\u00fcst\u00fc hem masa\u00fcst\u00fc bilgisayarlar, ak\u0131ll\u0131 TV\u2019ler ve tabletlerle uyumludur.Modern, \u015f\u0131k ve ta\u015f\u0131nabilir tasar\u0131m\u0131yla Bluetooth 5.0 + 2.4GHz Kablosuz Fare, verimlili\u011fi ve esteti\u011fi bir arada sunar.<\/p>\n","protected":false},"excerpt":{"rendered":"<p>Tek bir fareyle t\u00fcm cihazlar\u0131n\u0131z\u0131 y\u00f6netin! \u00c7ift Modlu Bluetooth 5.0 ve 2.4GHz Kablosuz Mouse, ayn\u0131 anda 3 cihaza kadar ba\u011flant\u0131 deste\u011fi sunarak \u00e7oklu kullan\u0131m kolayl\u0131\u011f\u0131 sa\u011flar.Arkadaki pratik ge\u00e7i\u015f d\u00fc\u011fmesiyle cihazlar aras\u0131nda h\u0131zl\u0131 ge\u00e7i\u015f yapabilir, kesintisiz bir \u00e7al\u0131\u015fma deneyimi ya\u015fayabilirsiniz.Bluetooth 5.0 teknolojisi, d\u00fc\u015f\u00fck gecikme ve y\u00fcksek veri aktar\u0131m h\u0131z\u0131yla ak\u0131c\u0131 bir kontrol sunar.2.4GHz ba\u011flant\u0131 modu, USB&#8230;<\/p>\n","protected":false},"featured_media":119756,"comment_status":"open","ping_status":"closed","template":"","meta":{"_kad_post_transparent":"","_kad_post_title":"","_kad_post_layout":"","_kad_post_sidebar_id":"","_kad_post_content_style":"","_kad_post_vertical_padding":"","_kad_post_feature":"","_kad_post_feature_position":"","_kad_post_header":false,"_kad_post_footer":false,"_kad_post_classname":""},"product_brand":[],"product_cat":[14973],"product_tag":[],"class_list":{"0":"post-119757","1":"product","2":"type-product","3":"status-publish","4":"has-post-thumbnail","6":"product_cat-mouse-mouse","8":"first","9":"instock","10":"purchasable","11":"product-type-simple","12":"entry","13":"content-bg","14":"loop-entry"},"_links":{"self":[{"href":"https:\/\/www.hediyepazar.com\/index.php?rest_route=\/wp\/v2\/product\/119757","targetHints":{"allow":["GET"]}}],"collection":[{"href":"https:\/\/www.hediyepazar.com\/index.php?rest_route=\/wp\/v2\/product"}],"about":[{"href":"https:\/\/www.hediyepazar.com\/index.php?rest_route=\/wp\/v2\/types\/product"}],"replies":[{"embeddable":true,"href":"https:\/\/www.hediyepazar.com\/index.php?rest_route=%2Fwp%2Fv2%2Fcomments&post=119757"}],"wp:featuredmedia":[{"embeddable":true,"href":"https:\/\/www.hediyepazar.com\/index.php?rest_route=\/wp\/v2\/media\/119756"}],"wp:attachment":[{"href":"https:\/\/www.hediyepazar.com\/index.php?rest_route=%2Fwp%2Fv2%2Fmedia&parent=119757"}],"wp:term":[{"taxonomy":"product_brand","embeddable":true,"href":"https:\/\/www.hediyepazar.com\/index.php?rest_route=%2Fwp%2Fv2%2Fproduct_brand&post=119757"},{"taxonomy":"product_cat","embeddable":true,"href":"https:\/\/www.hediyepazar.com\/index.php?rest_route=%2Fwp%2Fv2%2Fproduct_cat&post=119757"},{"taxonomy":"product_tag","embeddable":true,"href":"https:\/\/www.hediyepazar.com\/index.php?rest_route=%2Fwp%2Fv2%2Fproduct_tag&post=119757"}],"curies":[{"name":"wp","href":"https:\/\/api.w.org\/{rel}","templated":true}]}}