{"id":119791,"date":"2026-05-06T02:11:33","date_gmt":"2026-05-06T05:11:33","guid":{"rendered":"https:\/\/www.hediyepazar.com\/?product=stereo-ses-destekli-mikrofonlu-gaming-kulaklik-yumusak-pedli"},"modified":"2026-05-06T02:11:33","modified_gmt":"2026-05-06T05:11:33","slug":"stereo-ses-destekli-mikrofonlu-gaming-kulaklik-yumusak-pedli","status":"publish","type":"product","link":"https:\/\/www.hediyepazar.com\/?product=stereo-ses-destekli-mikrofonlu-gaming-kulaklik-yumusak-pedli","title":{"rendered":"Stereo Ses Destekli Mikrofonlu Gaming Kulakl\u0131k \u2013 Yumu\u015fak Pedli"},"content":{"rendered":"<p>Oyun deneyiminizi profesyonel seviyeye ta\u015f\u0131y\u0131n! Stereo ses destekli mikrofonlu gaming kulakl\u0131k, y\u00fcksek ses performans\u0131, rahat yap\u0131s\u0131 ve ergonomik tasar\u0131m\u0131yla uzun s\u00fcreli kullan\u0131mda bile konfor sunar.Yumu\u015fak kulak pedleri, kula\u011fa tam oturur ve a\u011fr\u0131ya neden olmadan saatlerce rahat bir oyun deneyimi sa\u011flar. Terlemeye dayan\u0131kl\u0131 \u00f6zel ped malzemesi, hava kanallar\u0131 sayesinde \u0131s\u0131y\u0131 d\u0131\u015far\u0131 atar ve serin bir kullan\u0131m sunar.40 mm hoparl\u00f6r \u00e7ap\u0131 ve 20\u201320.000 Hz frekans aral\u0131\u011f\u0131, her ayr\u0131nt\u0131y\u0131 net bi\u00e7imde duyman\u0131z\u0131 sa\u011flar. Stereo ses \u00f6zelli\u011fi, sesin y\u00f6n\u00fcn\u00fc belirlemenize yard\u0131mc\u0131 olarak rakiplerinizi ad\u0131m seslerinden yakalaman\u0131za imk\u00e2n tan\u0131r. 90\u2013100 dB ses \u015fiddetiyle g\u00fc\u00e7l\u00fc ve dengeli bir ses sunar.Mikrofon, a\u015fa\u011f\u0131-yukar\u0131 hareket edebilir ve ihtiyac\u0131n\u0131z olmad\u0131\u011f\u0131nda kapat\u0131labilir. G\u00fcr\u00fclt\u00fc azalt\u0131c\u0131 teknolojisi sayesinde hem oyunlarda hem de \u00e7evrim i\u00e7i g\u00f6r\u00fc\u015fmelerde temiz ve berrak bir ses iletimi sa\u011flar.3,5 mm jak giri\u015fi, bilgisayar, tablet ve telefonlarla tam uyumludur. 1,4 metrelik kablo uzunlu\u011fu, hareket \u00f6zg\u00fcrl\u00fc\u011f\u00fc sa\u011flar.Uzun kullan\u0131mlarda bile sizi rahats\u0131z etmeyen bu kulakl\u0131k, konforu ve performans\u0131 bir arada sunar.Oyunlarda, m\u00fczikte ve sohbetlerde fark yaratmak isteyenler i\u00e7in m\u00fckemmel bir tercihtir.<\/p>\n","protected":false},"excerpt":{"rendered":"<p>Oyun deneyiminizi profesyonel seviyeye ta\u015f\u0131y\u0131n! Stereo ses destekli mikrofonlu gaming kulakl\u0131k, y\u00fcksek ses performans\u0131, rahat yap\u0131s\u0131 ve ergonomik tasar\u0131m\u0131yla uzun s\u00fcreli kullan\u0131mda bile konfor sunar.Yumu\u015fak kulak pedleri, kula\u011fa tam oturur ve a\u011fr\u0131ya neden olmadan saatlerce rahat bir oyun deneyimi sa\u011flar. Terlemeye dayan\u0131kl\u0131 \u00f6zel ped malzemesi, hava kanallar\u0131 sayesinde \u0131s\u0131y\u0131 d\u0131\u015far\u0131 atar ve serin bir kullan\u0131m&#8230;<\/p>\n","protected":false},"featured_media":119790,"comment_status":"open","ping_status":"closed","template":"","meta":{"_kad_post_transparent":"","_kad_post_title":"","_kad_post_layout":"","_kad_post_sidebar_id":"","_kad_post_content_style":"","_kad_post_vertical_padding":"","_kad_post_feature":"","_kad_post_feature_position":"","_kad_post_header":false,"_kad_post_footer":false,"_kad_post_classname":""},"product_brand":[],"product_cat":[14957],"product_tag":[],"class_list":{"0":"post-119791","1":"product","2":"type-product","3":"status-publish","4":"has-post-thumbnail","6":"product_cat-kablosuz-kulaklik-kablosuz-kulaklik","8":"first","9":"instock","10":"purchasable","11":"product-type-simple","12":"entry","13":"content-bg","14":"loop-entry"},"_links":{"self":[{"href":"https:\/\/www.hediyepazar.com\/index.php?rest_route=\/wp\/v2\/product\/119791","targetHints":{"allow":["GET"]}}],"collection":[{"href":"https:\/\/www.hediyepazar.com\/index.php?rest_route=\/wp\/v2\/product"}],"about":[{"href":"https:\/\/www.hediyepazar.com\/index.php?rest_route=\/wp\/v2\/types\/product"}],"replies":[{"embeddable":true,"href":"https:\/\/www.hediyepazar.com\/index.php?rest_route=%2Fwp%2Fv2%2Fcomments&post=119791"}],"wp:featuredmedia":[{"embeddable":true,"href":"https:\/\/www.hediyepazar.com\/index.php?rest_route=\/wp\/v2\/media\/119790"}],"wp:attachment":[{"href":"https:\/\/www.hediyepazar.com\/index.php?rest_route=%2Fwp%2Fv2%2Fmedia&parent=119791"}],"wp:term":[{"taxonomy":"product_brand","embeddable":true,"href":"https:\/\/www.hediyepazar.com\/index.php?rest_route=%2Fwp%2Fv2%2Fproduct_brand&post=119791"},{"taxonomy":"product_cat","embeddable":true,"href":"https:\/\/www.hediyepazar.com\/index.php?rest_route=%2Fwp%2Fv2%2Fproduct_cat&post=119791"},{"taxonomy":"product_tag","embeddable":true,"href":"https:\/\/www.hediyepazar.com\/index.php?rest_route=%2Fwp%2Fv2%2Fproduct_tag&post=119791"}],"curies":[{"name":"wp","href":"https:\/\/api.w.org\/{rel}","templated":true}]}}