{"id":119803,"date":"2026-05-06T02:12:10","date_gmt":"2026-05-06T05:12:10","guid":{"rendered":"https:\/\/www.hediyepazar.com\/?product=aluminyum-kasa-gri-cevirmeli-arac-ici-telefon-numaratoru"},"modified":"2026-05-06T02:12:10","modified_gmt":"2026-05-06T05:12:10","slug":"aluminyum-kasa-gri-cevirmeli-arac-ici-telefon-numaratoru","status":"publish","type":"product","link":"https:\/\/www.hediyepazar.com\/?product=aluminyum-kasa-gri-cevirmeli-arac-ici-telefon-numaratoru","title":{"rendered":"Al\u00fcminyum Kasa Gri \u00c7evirmeli Ara\u00e7 \u0130\u00e7i Telefon Numarat\u00f6r\u00fc"},"content":{"rendered":"<p>Estetik ve i\u015flevselli\u011fi bir araya getiren Al\u00fcminyum Kasa Gri \u00c7evirmeli Ara\u00e7 \u0130\u00e7i Telefon Numarat\u00f6r\u00fc, arac\u0131n\u0131za hem modern bir g\u00f6r\u00fcn\u00fcm kazand\u0131r\u0131r hem de park halindeyken ileti\u015fim bilgilerinizi net bir \u015fekilde sergiler. \u015e\u0131k gri rengi ve al\u00fcminyum kasas\u0131yla uzun \u00f6m\u00fcrl\u00fc kullan\u0131m sunan bu \u00fcr\u00fcn, zarif detaylar\u0131yla arac\u0131n\u0131z\u0131n i\u00e7 tasar\u0131m\u0131na uyum sa\u011flar.Y\u00fcksek kaliteli al\u00fcminyum malzeme, paslanmaya ve a\u015f\u0131nmaya kar\u015f\u0131 dayan\u0131kl\u0131d\u0131r. Bu sayede uzun y\u0131llar boyunca ilk g\u00fcnk\u00fc parlakl\u0131\u011f\u0131n\u0131 korur. \u00c7evirmeli numarat\u00f6r sistemi, telefon numaran\u0131z\u0131 pratik bir \u015fekilde ayarlaman\u0131za olanak tan\u0131r. B\u00fcy\u00fck ve net rakamlar, uzaktan dahi kolayca g\u00f6r\u00fclebilir.\u00dcr\u00fcn, \u00e7ift tarafl\u0131 g\u00fc\u00e7l\u00fc bant ile arac\u0131n \u00f6n cam\u0131na veya uygun d\u00fcz bir y\u00fczeye kolayca monte edilir. Hareket halindeyken yerinden oynamaz, g\u00fcvenli bir \u015fekilde sabit durur. Gece g\u00f6r\u00fc\u015f\u00fcne uygun net yaz\u0131 karakterleri sayesinde d\u00fc\u015f\u00fck \u0131\u015f\u0131kta bile numaran\u0131z g\u00f6r\u00fcn\u00fcr kal\u0131r.Zarif gri tonlu metalik y\u00fczeyi ve minimalist tasar\u0131m\u0131yla hem konfor hem \u015f\u0131kl\u0131k sunan bu oto numarat\u00f6r, arac\u0131na de\u011fer veren her s\u00fcr\u00fcc\u00fcn\u00fcn vazge\u00e7ilmez aksesuar\u0131 olacak.<\/p>\n","protected":false},"excerpt":{"rendered":"<p>Estetik ve i\u015flevselli\u011fi bir araya getiren Al\u00fcminyum Kasa Gri \u00c7evirmeli Ara\u00e7 \u0130\u00e7i Telefon Numarat\u00f6r\u00fc, arac\u0131n\u0131za hem modern bir g\u00f6r\u00fcn\u00fcm kazand\u0131r\u0131r hem de park halindeyken ileti\u015fim bilgilerinizi net bir \u015fekilde sergiler. \u015e\u0131k gri rengi ve al\u00fcminyum kasas\u0131yla uzun \u00f6m\u00fcrl\u00fc kullan\u0131m sunan bu \u00fcr\u00fcn, zarif detaylar\u0131yla arac\u0131n\u0131z\u0131n i\u00e7 tasar\u0131m\u0131na uyum sa\u011flar.Y\u00fcksek kaliteli al\u00fcminyum malzeme, paslanmaya ve a\u015f\u0131nmaya&#8230;<\/p>\n","protected":false},"featured_media":119802,"comment_status":"open","ping_status":"closed","template":"","meta":{"_kad_post_transparent":"","_kad_post_title":"","_kad_post_layout":"","_kad_post_sidebar_id":"","_kad_post_content_style":"","_kad_post_vertical_padding":"","_kad_post_feature":"","_kad_post_feature_position":"","_kad_post_header":false,"_kad_post_footer":false,"_kad_post_classname":""},"product_brand":[],"product_cat":[15002],"product_tag":[],"class_list":{"0":"post-119803","1":"product","2":"type-product","3":"status-publish","4":"has-post-thumbnail","6":"product_cat-torpido-aksesuar-torpido-aksesuar","8":"first","9":"instock","10":"purchasable","11":"product-type-simple","12":"entry","13":"content-bg","14":"loop-entry"},"_links":{"self":[{"href":"https:\/\/www.hediyepazar.com\/index.php?rest_route=\/wp\/v2\/product\/119803","targetHints":{"allow":["GET"]}}],"collection":[{"href":"https:\/\/www.hediyepazar.com\/index.php?rest_route=\/wp\/v2\/product"}],"about":[{"href":"https:\/\/www.hediyepazar.com\/index.php?rest_route=\/wp\/v2\/types\/product"}],"replies":[{"embeddable":true,"href":"https:\/\/www.hediyepazar.com\/index.php?rest_route=%2Fwp%2Fv2%2Fcomments&post=119803"}],"wp:featuredmedia":[{"embeddable":true,"href":"https:\/\/www.hediyepazar.com\/index.php?rest_route=\/wp\/v2\/media\/119802"}],"wp:attachment":[{"href":"https:\/\/www.hediyepazar.com\/index.php?rest_route=%2Fwp%2Fv2%2Fmedia&parent=119803"}],"wp:term":[{"taxonomy":"product_brand","embeddable":true,"href":"https:\/\/www.hediyepazar.com\/index.php?rest_route=%2Fwp%2Fv2%2Fproduct_brand&post=119803"},{"taxonomy":"product_cat","embeddable":true,"href":"https:\/\/www.hediyepazar.com\/index.php?rest_route=%2Fwp%2Fv2%2Fproduct_cat&post=119803"},{"taxonomy":"product_tag","embeddable":true,"href":"https:\/\/www.hediyepazar.com\/index.php?rest_route=%2Fwp%2Fv2%2Fproduct_tag&post=119803"}],"curies":[{"name":"wp","href":"https:\/\/api.w.org\/{rel}","templated":true}]}}