{"id":119833,"date":"2026-05-06T02:16:30","date_gmt":"2026-05-06T05:16:30","guid":{"rendered":"https:\/\/www.hediyepazar.com\/?product=akilli-kendi-kendini-karistiran-termal-kupa-paslanmaz-celik"},"modified":"2026-05-06T02:16:30","modified_gmt":"2026-05-06T05:16:30","slug":"akilli-kendi-kendini-karistiran-termal-kupa-paslanmaz-celik","status":"publish","type":"product","link":"https:\/\/www.hediyepazar.com\/?product=akilli-kendi-kendini-karistiran-termal-kupa-paslanmaz-celik","title":{"rendered":"Ak\u0131ll\u0131 Kendi Kendini Kar\u0131\u015ft\u0131ran Termal Kupa \u2013 Paslanmaz \u00c7elik"},"content":{"rendered":"<p>\u015e\u0131k tasar\u0131m\u0131 ve modern teknolojisiyle \u00f6ne \u00e7\u0131kan paslanmaz \u00e7elik kendi kendini kar\u0131\u015ft\u0131ran ak\u0131ll\u0131 kupa, kahve ve i\u00e7ecek keyfini yepyeni bir seviyeye ta\u015f\u0131yor. Dayan\u0131kl\u0131 paslanmaz \u00e7elik g\u00f6vdesi, uzun \u00f6m\u00fcrl\u00fc kullan\u0131m sunarken ayn\u0131 zamanda i\u00e7ece\u011finizin s\u0131cakl\u0131\u011f\u0131n\u0131 koruyarak her yudumda ideal lezzeti yakalaman\u0131z\u0131 sa\u011flar.Tek tu\u015fla \u00e7al\u0131\u015fan otomatik kar\u0131\u015ft\u0131rma mekanizmas\u0131, \u00e7ay, kahve, s\u00fct tozu, protein shake veya enerji i\u00e7eceklerinizi saniyeler i\u00e7inde m\u00fckemmel k\u0131vama getirir. Kar\u0131\u015ft\u0131r\u0131c\u0131 ka\u015f\u0131k veya mikser kullanman\u0131za gerek kalmadan pratik ve hijyenik bir deneyim sunar.Is\u0131 yal\u0131t\u0131m \u00f6zelli\u011fi sayesinde s\u0131cak i\u00e7eceklerinizi uzun s\u00fcre s\u0131cak, so\u011fuk i\u00e7eceklerinizi ise ferah \u015fekilde korur. \u00a0ofiste, evde veya seyahatlerde tarz\u0131n\u0131z\u0131 yans\u0131t\u0131r.Kaymaz tabanl\u0131 yap\u0131s\u0131, masa \u00fczerinde g\u00fcvenli duru\u015f sa\u011flar; ergonomik kulp tasar\u0131m\u0131 ise kullan\u0131m kolayl\u0131\u011f\u0131 sunar.G\u00fcn\u00fcn her saatinde s\u0131cak kahve, p\u00fcr\u00fczs\u00fcz s\u00fctl\u00fc kahve ya da lezzetli shake\u2019ler haz\u0131rlamak art\u0131k \u00e7ok kolay.Kendi kendini kar\u0131\u015ft\u0131ran paslanmaz \u00e7elik kupa, hem estetik hem de fonksiyonelli\u011fi bir araya getirerek teknolojiyle konforu bulu\u015fturur.<\/p>\n","protected":false},"excerpt":{"rendered":"<p>\u015e\u0131k tasar\u0131m\u0131 ve modern teknolojisiyle \u00f6ne \u00e7\u0131kan paslanmaz \u00e7elik kendi kendini kar\u0131\u015ft\u0131ran ak\u0131ll\u0131 kupa, kahve ve i\u00e7ecek keyfini yepyeni bir seviyeye ta\u015f\u0131yor. Dayan\u0131kl\u0131 paslanmaz \u00e7elik g\u00f6vdesi, uzun \u00f6m\u00fcrl\u00fc kullan\u0131m sunarken ayn\u0131 zamanda i\u00e7ece\u011finizin s\u0131cakl\u0131\u011f\u0131n\u0131 koruyarak her yudumda ideal lezzeti yakalaman\u0131z\u0131 sa\u011flar.Tek tu\u015fla \u00e7al\u0131\u015fan otomatik kar\u0131\u015ft\u0131rma mekanizmas\u0131, \u00e7ay, kahve, s\u00fct tozu, protein shake veya enerji i\u00e7eceklerinizi&#8230;<\/p>\n","protected":false},"featured_media":119832,"comment_status":"open","ping_status":"closed","template":"","meta":{"_kad_post_transparent":"","_kad_post_title":"","_kad_post_layout":"","_kad_post_sidebar_id":"","_kad_post_content_style":"","_kad_post_vertical_padding":"","_kad_post_feature":"","_kad_post_feature_position":"","_kad_post_header":false,"_kad_post_footer":false,"_kad_post_classname":""},"product_brand":[],"product_cat":[15014],"product_tag":[],"class_list":{"0":"post-119833","1":"product","2":"type-product","3":"status-publish","4":"has-post-thumbnail","6":"product_cat-mug-mug","8":"first","9":"instock","10":"purchasable","11":"product-type-simple","12":"entry","13":"content-bg","14":"loop-entry"},"_links":{"self":[{"href":"https:\/\/www.hediyepazar.com\/index.php?rest_route=\/wp\/v2\/product\/119833","targetHints":{"allow":["GET"]}}],"collection":[{"href":"https:\/\/www.hediyepazar.com\/index.php?rest_route=\/wp\/v2\/product"}],"about":[{"href":"https:\/\/www.hediyepazar.com\/index.php?rest_route=\/wp\/v2\/types\/product"}],"replies":[{"embeddable":true,"href":"https:\/\/www.hediyepazar.com\/index.php?rest_route=%2Fwp%2Fv2%2Fcomments&post=119833"}],"wp:featuredmedia":[{"embeddable":true,"href":"https:\/\/www.hediyepazar.com\/index.php?rest_route=\/wp\/v2\/media\/119832"}],"wp:attachment":[{"href":"https:\/\/www.hediyepazar.com\/index.php?rest_route=%2Fwp%2Fv2%2Fmedia&parent=119833"}],"wp:term":[{"taxonomy":"product_brand","embeddable":true,"href":"https:\/\/www.hediyepazar.com\/index.php?rest_route=%2Fwp%2Fv2%2Fproduct_brand&post=119833"},{"taxonomy":"product_cat","embeddable":true,"href":"https:\/\/www.hediyepazar.com\/index.php?rest_route=%2Fwp%2Fv2%2Fproduct_cat&post=119833"},{"taxonomy":"product_tag","embeddable":true,"href":"https:\/\/www.hediyepazar.com\/index.php?rest_route=%2Fwp%2Fv2%2Fproduct_tag&post=119833"}],"curies":[{"name":"wp","href":"https:\/\/api.w.org\/{rel}","templated":true}]}}