{"id":119835,"date":"2026-05-06T02:16:34","date_gmt":"2026-05-06T05:16:34","guid":{"rendered":"https:\/\/www.hediyepazar.com\/?product=otomatik-karistiran-akilli-kupa-paslanmaz-celik-isi-korumali"},"modified":"2026-05-06T02:16:34","modified_gmt":"2026-05-06T05:16:34","slug":"otomatik-karistiran-akilli-kupa-paslanmaz-celik-isi-korumali","status":"publish","type":"product","link":"https:\/\/www.hediyepazar.com\/?product=otomatik-karistiran-akilli-kupa-paslanmaz-celik-isi-korumali","title":{"rendered":"Otomatik Kar\u0131\u015ft\u0131ran Ak\u0131ll\u0131 Kupa \u2013 Paslanmaz \u00c7elik Is\u0131 Korumal\u0131"},"content":{"rendered":"<p>G\u00fcnl\u00fck ya\u015fam\u0131n\u0131z\u0131 kolayla\u015ft\u0131ran otomatik kar\u0131\u015ft\u0131rma \u00f6zellikli ak\u0131ll\u0131 kupa, i\u00e7ecek haz\u0131rlama deneyimini daha h\u0131zl\u0131, pratik ve e\u011flenceli hale getiriyor. Y\u00fcksek kaliteli paslanmaz \u00e7elik malzemesi, uzun \u00f6m\u00fcrl\u00fc kullan\u0131m sa\u011flarken \u0131s\u0131 yal\u0131t\u0131ml\u0131 yap\u0131s\u0131 sayesinde i\u00e7ece\u011finizi ideal s\u0131cakl\u0131kta tutar.Sadece tek bir tu\u015fla \u00e7al\u0131\u015fan kendi kendini kar\u0131\u015ft\u0131ran mekanizma, toz kahve, s\u00fct, \u015feker veya protein tozlar\u0131n\u0131 homojen bir \u015fekilde kar\u0131\u015ft\u0131r\u0131r. B\u00f6ylece topaklanma olmadan p\u00fcr\u00fczs\u00fcz i\u00e7ecekler haz\u0131rlars\u0131n\u0131z. \u015earjl\u0131 veya pilli sistemle \u00e7al\u0131\u015fan motor, sessiz ve etkili bir kar\u0131\u015ft\u0131rma g\u00fcc\u00fc sunar.ofis, okul veya seyahat gibi her ortamda tarz\u0131n\u0131z\u0131 \u00f6n plana \u00e7\u0131kar\u0131r. Ergonomik sap yap\u0131s\u0131, elde rahat tutu\u015f sa\u011flar. Temizli\u011fi olduk\u00e7a kolayd\u0131r; kapa\u011f\u0131 ve i\u00e7 haznesi \u00e7\u0131kar\u0131larak kolayca y\u0131kanabilir.\u0130\u00e7eceklerinizi kar\u0131\u015ft\u0131r\u0131rken zaman kaybetmek istemeyenler i\u00e7in m\u00fckemmel bir yard\u0131mc\u0131 olan bu kupa, modern ya\u015fam\u0131n vazge\u00e7ilmez bir aksesuar\u0131 haline gelir.G\u00fcn\u00fcn her an\u0131nda kahve, \u00e7ay, enerji i\u00e7ece\u011fi veya shake\u2019lerinizi saniyeler i\u00e7inde haz\u0131rlay\u0131n \u2013 s\u0131cakl\u0131\u011f\u0131n\u0131 uzun s\u00fcre koruyarak keyifle i\u00e7in.<\/p>\n","protected":false},"excerpt":{"rendered":"<p>G\u00fcnl\u00fck ya\u015fam\u0131n\u0131z\u0131 kolayla\u015ft\u0131ran otomatik kar\u0131\u015ft\u0131rma \u00f6zellikli ak\u0131ll\u0131 kupa, i\u00e7ecek haz\u0131rlama deneyimini daha h\u0131zl\u0131, pratik ve e\u011flenceli hale getiriyor. Y\u00fcksek kaliteli paslanmaz \u00e7elik malzemesi, uzun \u00f6m\u00fcrl\u00fc kullan\u0131m sa\u011flarken \u0131s\u0131 yal\u0131t\u0131ml\u0131 yap\u0131s\u0131 sayesinde i\u00e7ece\u011finizi ideal s\u0131cakl\u0131kta tutar.Sadece tek bir tu\u015fla \u00e7al\u0131\u015fan kendi kendini kar\u0131\u015ft\u0131ran mekanizma, toz kahve, s\u00fct, \u015feker veya protein tozlar\u0131n\u0131 homojen bir \u015fekilde kar\u0131\u015ft\u0131r\u0131r. B\u00f6ylece&#8230;<\/p>\n","protected":false},"featured_media":119834,"comment_status":"open","ping_status":"closed","template":"","meta":{"_kad_post_transparent":"","_kad_post_title":"","_kad_post_layout":"","_kad_post_sidebar_id":"","_kad_post_content_style":"","_kad_post_vertical_padding":"","_kad_post_feature":"","_kad_post_feature_position":"","_kad_post_header":false,"_kad_post_footer":false,"_kad_post_classname":""},"product_brand":[],"product_cat":[15014],"product_tag":[],"class_list":{"0":"post-119835","1":"product","2":"type-product","3":"status-publish","4":"has-post-thumbnail","6":"product_cat-mug-mug","8":"first","9":"instock","10":"purchasable","11":"product-type-simple","12":"entry","13":"content-bg","14":"loop-entry"},"_links":{"self":[{"href":"https:\/\/www.hediyepazar.com\/index.php?rest_route=\/wp\/v2\/product\/119835","targetHints":{"allow":["GET"]}}],"collection":[{"href":"https:\/\/www.hediyepazar.com\/index.php?rest_route=\/wp\/v2\/product"}],"about":[{"href":"https:\/\/www.hediyepazar.com\/index.php?rest_route=\/wp\/v2\/types\/product"}],"replies":[{"embeddable":true,"href":"https:\/\/www.hediyepazar.com\/index.php?rest_route=%2Fwp%2Fv2%2Fcomments&post=119835"}],"wp:featuredmedia":[{"embeddable":true,"href":"https:\/\/www.hediyepazar.com\/index.php?rest_route=\/wp\/v2\/media\/119834"}],"wp:attachment":[{"href":"https:\/\/www.hediyepazar.com\/index.php?rest_route=%2Fwp%2Fv2%2Fmedia&parent=119835"}],"wp:term":[{"taxonomy":"product_brand","embeddable":true,"href":"https:\/\/www.hediyepazar.com\/index.php?rest_route=%2Fwp%2Fv2%2Fproduct_brand&post=119835"},{"taxonomy":"product_cat","embeddable":true,"href":"https:\/\/www.hediyepazar.com\/index.php?rest_route=%2Fwp%2Fv2%2Fproduct_cat&post=119835"},{"taxonomy":"product_tag","embeddable":true,"href":"https:\/\/www.hediyepazar.com\/index.php?rest_route=%2Fwp%2Fv2%2Fproduct_tag&post=119835"}],"curies":[{"name":"wp","href":"https:\/\/api.w.org\/{rel}","templated":true}]}}