{"id":119839,"date":"2026-05-06T02:16:44","date_gmt":"2026-05-06T05:16:44","guid":{"rendered":"https:\/\/www.hediyepazar.com\/?product=donusturucu-hub-kompakt-dayanikli-ve-yuksek-hizli-baglanti"},"modified":"2026-05-06T02:16:44","modified_gmt":"2026-05-06T05:16:44","slug":"donusturucu-hub-kompakt-dayanikli-ve-yuksek-hizli-baglanti","status":"publish","type":"product","link":"https:\/\/www.hediyepazar.com\/?product=donusturucu-hub-kompakt-dayanikli-ve-yuksek-hizli-baglanti","title":{"rendered":"D\u00f6n\u00fc\u015ft\u00fcr\u00fcc\u00fc Hub \u2013 Kompakt Dayan\u0131kl\u0131 ve Y\u00fcksek H\u0131zl\u0131 Ba\u011flant\u0131"},"content":{"rendered":"<p>Teknolojiyi her an elinizin alt\u0131nda tutmak istiyorsan\u0131z, MacBook Type-C D\u00f6n\u00fc\u015ft\u00fcr\u00fcc\u00fc Hub tam size g\u00f6re. Al\u00fcminyum kaplama g\u00f6vdesi, hem hafifli\u011fi hem dayan\u0131kl\u0131l\u0131\u011f\u0131yla dikkat \u00e7eker. Is\u0131y\u0131 etkin \u015fekilde da\u011f\u0131tan metal yap\u0131s\u0131, uzun s\u00fcreli kullan\u0131mlarda cihaz\u0131n performans\u0131n\u0131 korur. Kompakt tasar\u0131m\u0131 sayesinde \u00e7antan\u0131zda, laptop k\u0131l\u0131f\u0131n\u0131zda veya cebinizde kolayca ta\u015f\u0131yabilirsiniz.iPad Pro, MacBook Air, MacBook Pro ve di\u011fer Type-C giri\u015fli cihazlarla uyumlu bu hub, HDMI g\u00f6r\u00fcnt\u00fc aktar\u0131m\u0131, USB 3.0 ba\u011flant\u0131s\u0131, SD kart giri\u015fi ve PD h\u0131zl\u0131 \u015farj deste\u011fi gibi \u00e7oklu i\u015flevleri tek bir \u00fcr\u00fcnde toplar.Film izlemek, dosya aktarmak, sunum yapmak veya \u00e7oklu cihaz y\u00f6netmek art\u0131k \u00e7ok daha kolay.\u015e\u0131k al\u00fcminyum tasar\u0131m\u0131 ofis masan\u0131za profesyonel bir g\u00f6r\u00fcn\u00fcm kazand\u0131r\u0131rken, g\u00fc\u00e7l\u00fc ba\u011flant\u0131 performans\u0131 sayesinde kesintisiz veri aktar\u0131m\u0131 sa\u011flar. \u0130\u015f, e\u011fitim veya seyahat fark etmeksizin her an yan\u0131n\u0131zda ta\u015f\u0131yabilece\u011finiz pratik bir teknolojik yard\u0131mc\u0131n\u0131z olur.<\/p>\n","protected":false},"excerpt":{"rendered":"<p>Teknolojiyi her an elinizin alt\u0131nda tutmak istiyorsan\u0131z, MacBook Type-C D\u00f6n\u00fc\u015ft\u00fcr\u00fcc\u00fc Hub tam size g\u00f6re. Al\u00fcminyum kaplama g\u00f6vdesi, hem hafifli\u011fi hem dayan\u0131kl\u0131l\u0131\u011f\u0131yla dikkat \u00e7eker. Is\u0131y\u0131 etkin \u015fekilde da\u011f\u0131tan metal yap\u0131s\u0131, uzun s\u00fcreli kullan\u0131mlarda cihaz\u0131n performans\u0131n\u0131 korur. Kompakt tasar\u0131m\u0131 sayesinde \u00e7antan\u0131zda, laptop k\u0131l\u0131f\u0131n\u0131zda veya cebinizde kolayca ta\u015f\u0131yabilirsiniz.iPad Pro, MacBook Air, MacBook Pro ve di\u011fer Type-C giri\u015fli cihazlarla&#8230;<\/p>\n","protected":false},"featured_media":119838,"comment_status":"open","ping_status":"closed","template":"","meta":{"_kad_post_transparent":"","_kad_post_title":"","_kad_post_layout":"","_kad_post_sidebar_id":"","_kad_post_content_style":"","_kad_post_vertical_padding":"","_kad_post_feature":"","_kad_post_feature_position":"","_kad_post_header":false,"_kad_post_footer":false,"_kad_post_classname":""},"product_brand":[],"product_cat":[14969],"product_tag":[],"class_list":{"0":"post-119839","1":"product","2":"type-product","3":"status-publish","4":"has-post-thumbnail","6":"product_cat-donusturuculer-donusturuculer","8":"first","9":"instock","10":"purchasable","11":"product-type-simple","12":"entry","13":"content-bg","14":"loop-entry"},"_links":{"self":[{"href":"https:\/\/www.hediyepazar.com\/index.php?rest_route=\/wp\/v2\/product\/119839","targetHints":{"allow":["GET"]}}],"collection":[{"href":"https:\/\/www.hediyepazar.com\/index.php?rest_route=\/wp\/v2\/product"}],"about":[{"href":"https:\/\/www.hediyepazar.com\/index.php?rest_route=\/wp\/v2\/types\/product"}],"replies":[{"embeddable":true,"href":"https:\/\/www.hediyepazar.com\/index.php?rest_route=%2Fwp%2Fv2%2Fcomments&post=119839"}],"wp:featuredmedia":[{"embeddable":true,"href":"https:\/\/www.hediyepazar.com\/index.php?rest_route=\/wp\/v2\/media\/119838"}],"wp:attachment":[{"href":"https:\/\/www.hediyepazar.com\/index.php?rest_route=%2Fwp%2Fv2%2Fmedia&parent=119839"}],"wp:term":[{"taxonomy":"product_brand","embeddable":true,"href":"https:\/\/www.hediyepazar.com\/index.php?rest_route=%2Fwp%2Fv2%2Fproduct_brand&post=119839"},{"taxonomy":"product_cat","embeddable":true,"href":"https:\/\/www.hediyepazar.com\/index.php?rest_route=%2Fwp%2Fv2%2Fproduct_cat&post=119839"},{"taxonomy":"product_tag","embeddable":true,"href":"https:\/\/www.hediyepazar.com\/index.php?rest_route=%2Fwp%2Fv2%2Fproduct_tag&post=119839"}],"curies":[{"name":"wp","href":"https:\/\/api.w.org\/{rel}","templated":true}]}}