{"id":119863,"date":"2026-05-06T02:20:20","date_gmt":"2026-05-06T05:20:20","guid":{"rendered":"https:\/\/www.hediyepazar.com\/?product=bluetooth-5-0-ve-wi-fi-6-akilli-4k-projeksiyon"},"modified":"2026-05-06T02:20:20","modified_gmt":"2026-05-06T05:20:20","slug":"bluetooth-5-0-ve-wi-fi-6-akilli-4k-projeksiyon","status":"publish","type":"product","link":"https:\/\/www.hediyepazar.com\/?product=bluetooth-5-0-ve-wi-fi-6-akilli-4k-projeksiyon","title":{"rendered":"Bluetooth 5.0 ve Wi-Fi 6 Ak\u0131ll\u0131 4K Projeksiyon"},"content":{"rendered":"<p>Bluetooth 5.0 ve Wi-Fi 6 destekli bu 4K projeksiyon cihaz\u0131, kablosuz ba\u011flant\u0131 kolayl\u0131\u011f\u0131 ve \u00fcst\u00fcn g\u00f6r\u00fcnt\u00fc kalitesiyle dikkat \u00e7eker. Wi-Fi 6 teknolojisi, y\u00fcksek h\u0131zda veri aktar\u0131m\u0131yla videolar\u0131n donmadan akmas\u0131n\u0131 sa\u011flar; Bluetooth 5.0 ba\u011flant\u0131s\u0131 ise kablosuz hoparl\u00f6r veya kulakl\u0131klarla g\u00fc\u00e7l\u00fc bir ses deneyimi sunar.4K \u00e7\u00f6z\u00fcn\u00fcrl\u00fck deste\u011fi, sinema kalitesinde netlik sunarken \u00e7ift kollu ayarlanabilir tasar\u0131m, g\u00f6r\u00fcnt\u00fcy\u00fc diledi\u011finiz a\u00e7\u0131da konumland\u0131rman\u0131za olanak tan\u0131r. HDMI, USB ve AUX giri\u015fleri sayesinde bilgisayar, telefon, tablet veya oyun konsolu gibi farkl\u0131 cihazlarla kolayca ba\u011flant\u0131 kurabilirsiniz.Oyunseverler i\u00e7in geli\u015ftirilen bu model, 10.000\u2019den fazla oyun deste\u011fiyle s\u0131n\u0131rs\u0131z e\u011flence imk\u00e2n\u0131 sunar. Ayr\u0131ca, 4.000\u2019den fazla uygulama deste\u011fiyle film, m\u00fczik, e\u011fitim ve sosyal medya platformlar\u0131na kolay eri\u015fim sa\u011flar.Ekran yans\u0131tma \u00f6zelli\u011fi, mobil cihaz\u0131n\u0131zdaki i\u00e7eri\u011fi kablosuz olarak b\u00fcy\u00fck ekrana ta\u015f\u0131man\u0131za olanak tan\u0131r. Hafif ve ta\u015f\u0131nabilir yap\u0131s\u0131, evde, ofiste veya d\u0131\u015f mekanlarda pratik kullan\u0131m imk\u00e2n\u0131 sa\u011flar.Modern tasar\u0131m\u0131, g\u00fc\u00e7l\u00fc ba\u011flant\u0131 teknolojileri ve \u00fcst\u00fcn g\u00f6r\u00fcnt\u00fc kalitesiyle bu projeksiyon cihaz\u0131, multimedya deneyiminizi bir \u00fcst seviyeye ta\u015f\u0131r. Sinema, oyun ve sunum keyfini tek cihazda ya\u015fay\u0131n!<\/p>\n","protected":false},"excerpt":{"rendered":"<p>Bluetooth 5.0 ve Wi-Fi 6 destekli bu 4K projeksiyon cihaz\u0131, kablosuz ba\u011flant\u0131 kolayl\u0131\u011f\u0131 ve \u00fcst\u00fcn g\u00f6r\u00fcnt\u00fc kalitesiyle dikkat \u00e7eker. Wi-Fi 6 teknolojisi, y\u00fcksek h\u0131zda veri aktar\u0131m\u0131yla videolar\u0131n donmadan akmas\u0131n\u0131 sa\u011flar; Bluetooth 5.0 ba\u011flant\u0131s\u0131 ise kablosuz hoparl\u00f6r veya kulakl\u0131klarla g\u00fc\u00e7l\u00fc bir ses deneyimi sunar.4K \u00e7\u00f6z\u00fcn\u00fcrl\u00fck deste\u011fi, sinema kalitesinde netlik sunarken \u00e7ift kollu ayarlanabilir tasar\u0131m, g\u00f6r\u00fcnt\u00fcy\u00fc diledi\u011finiz&#8230;<\/p>\n","protected":false},"featured_media":119862,"comment_status":"open","ping_status":"closed","template":"","meta":{"_kad_post_transparent":"","_kad_post_title":"","_kad_post_layout":"","_kad_post_sidebar_id":"","_kad_post_content_style":"","_kad_post_vertical_padding":"","_kad_post_feature":"","_kad_post_feature_position":"","_kad_post_header":false,"_kad_post_footer":false,"_kad_post_classname":""},"product_brand":[],"product_cat":[14905],"product_tag":[],"class_list":{"0":"post-119863","1":"product","2":"type-product","3":"status-publish","4":"has-post-thumbnail","6":"product_cat-projeksiyon-projeksiyon","8":"first","9":"instock","10":"purchasable","11":"product-type-simple","12":"entry","13":"content-bg","14":"loop-entry"},"_links":{"self":[{"href":"https:\/\/www.hediyepazar.com\/index.php?rest_route=\/wp\/v2\/product\/119863","targetHints":{"allow":["GET"]}}],"collection":[{"href":"https:\/\/www.hediyepazar.com\/index.php?rest_route=\/wp\/v2\/product"}],"about":[{"href":"https:\/\/www.hediyepazar.com\/index.php?rest_route=\/wp\/v2\/types\/product"}],"replies":[{"embeddable":true,"href":"https:\/\/www.hediyepazar.com\/index.php?rest_route=%2Fwp%2Fv2%2Fcomments&post=119863"}],"wp:featuredmedia":[{"embeddable":true,"href":"https:\/\/www.hediyepazar.com\/index.php?rest_route=\/wp\/v2\/media\/119862"}],"wp:attachment":[{"href":"https:\/\/www.hediyepazar.com\/index.php?rest_route=%2Fwp%2Fv2%2Fmedia&parent=119863"}],"wp:term":[{"taxonomy":"product_brand","embeddable":true,"href":"https:\/\/www.hediyepazar.com\/index.php?rest_route=%2Fwp%2Fv2%2Fproduct_brand&post=119863"},{"taxonomy":"product_cat","embeddable":true,"href":"https:\/\/www.hediyepazar.com\/index.php?rest_route=%2Fwp%2Fv2%2Fproduct_cat&post=119863"},{"taxonomy":"product_tag","embeddable":true,"href":"https:\/\/www.hediyepazar.com\/index.php?rest_route=%2Fwp%2Fv2%2Fproduct_tag&post=119863"}],"curies":[{"name":"wp","href":"https:\/\/api.w.org\/{rel}","templated":true}]}}