{"id":119887,"date":"2026-05-06T02:25:02","date_gmt":"2026-05-06T05:25:02","guid":{"rendered":"https:\/\/www.hediyepazar.com\/?product=magsafe-15w-kablosuz-hizli-sarj-lightning-girisli-tasinabilir-batarya"},"modified":"2026-05-06T02:25:02","modified_gmt":"2026-05-06T05:25:02","slug":"magsafe-15w-kablosuz-hizli-sarj-lightning-girisli-tasinabilir-batarya","status":"publish","type":"product","link":"https:\/\/www.hediyepazar.com\/?product=magsafe-15w-kablosuz-hizli-sarj-lightning-girisli-tasinabilir-batarya","title":{"rendered":"MagSafe 15W Kablosuz H\u0131zl\u0131 \u015earj Lightning Giri\u015fli Ta\u015f\u0131nabilir Batarya"},"content":{"rendered":"<p>Apple MagSafe Battery Pack, kablosuz \u015farj teknolojisini en pratik ve zarif haliyle sunar. iPhone\u2019unuzun arkas\u0131na manyetik olarak tutunur ve cihaz\u0131 hareket ettirseniz bile sa\u011flam bir ba\u011flant\u0131 sa\u011flar. Ba\u011fland\u0131\u011f\u0131 anda otomatik olarak \u015farj i\u015flemine ba\u015flar; b\u00f6ylece tu\u015flara veya kablolara ihtiya\u00e7 duymadan kolayca enerji sa\u011flar.Lightning kablo giri\u015fiyle \u00e7ift y\u00f6nl\u00fc \u015farj \u00f6zelli\u011fi sunan bu batarya, hem kendisini hem de ba\u011fl\u0131 cihaz\u0131n\u0131z\u0131 ayn\u0131 anda \u015farj edebilir. 27W veya daha g\u00fc\u00e7l\u00fc bir adapt\u00f6rle kullan\u0131ld\u0131\u011f\u0131nda daha k\u0131sa s\u00fcrede dolum yaparak h\u0131zl\u0131 \u015farj avantaj\u0131 sa\u011flar. Ayr\u0131ca cihaz\u0131n\u0131z\u0131 kablosuz \u015farj istasyonuna d\u00f6n\u00fc\u015ft\u00fcrerek 15W\u2019a kadar kablosuz enerji aktar\u0131m\u0131 yapabilir.\u015e\u0131k ve sade tasar\u0131m\u0131, Apple \u00fcr\u00fcnleriyle m\u00fckemmel uyum i\u00e7indedir. Yumu\u015fak dokulu y\u00fczeyi ve kompakt formu sayesinde cebinizde rahatl\u0131kla ta\u015f\u0131nabilir. Uzun pil \u00f6mr\u00fc, g\u00fcvenli ba\u011flant\u0131 ve geli\u015fmi\u015f \u0131s\u0131 kontrol sistemi ile her an kullan\u0131ma haz\u0131rd\u0131r.MagSafe Battery Pack, hareket halindeyken bile kesintisiz g\u00fc\u00e7 isteyen kullan\u0131c\u0131lar i\u00e7in m\u00fckemmel bir \u00e7\u00f6z\u00fcmd\u00fcr. \u0130\u015fte, seyahatte veya g\u00fcnl\u00fck ya\u015famda; \u015f\u0131k g\u00f6r\u00fcn\u00fcm\u00fcnden \u00f6d\u00fcn vermeden teknolojiyi yan\u0131n\u0131zda ta\u015f\u0131y\u0131n.<\/p>\n","protected":false},"excerpt":{"rendered":"<p>Apple MagSafe Battery Pack, kablosuz \u015farj teknolojisini en pratik ve zarif haliyle sunar. iPhone\u2019unuzun arkas\u0131na manyetik olarak tutunur ve cihaz\u0131 hareket ettirseniz bile sa\u011flam bir ba\u011flant\u0131 sa\u011flar. Ba\u011fland\u0131\u011f\u0131 anda otomatik olarak \u015farj i\u015flemine ba\u015flar; b\u00f6ylece tu\u015flara veya kablolara ihtiya\u00e7 duymadan kolayca enerji sa\u011flar.Lightning kablo giri\u015fiyle \u00e7ift y\u00f6nl\u00fc \u015farj \u00f6zelli\u011fi sunan bu batarya, hem kendisini hem&#8230;<\/p>\n","protected":false},"featured_media":119886,"comment_status":"open","ping_status":"closed","template":"","meta":{"_kad_post_transparent":"","_kad_post_title":"","_kad_post_layout":"","_kad_post_sidebar_id":"","_kad_post_content_style":"","_kad_post_vertical_padding":"","_kad_post_feature":"","_kad_post_feature_position":"","_kad_post_header":false,"_kad_post_footer":false,"_kad_post_classname":""},"product_brand":[],"product_cat":[14937],"product_tag":[],"class_list":{"0":"post-119887","1":"product","2":"type-product","3":"status-publish","4":"has-post-thumbnail","6":"product_cat-powerbank-powerbank-2","8":"first","9":"instock","10":"purchasable","11":"product-type-simple","12":"entry","13":"content-bg","14":"loop-entry"},"_links":{"self":[{"href":"https:\/\/www.hediyepazar.com\/index.php?rest_route=\/wp\/v2\/product\/119887","targetHints":{"allow":["GET"]}}],"collection":[{"href":"https:\/\/www.hediyepazar.com\/index.php?rest_route=\/wp\/v2\/product"}],"about":[{"href":"https:\/\/www.hediyepazar.com\/index.php?rest_route=\/wp\/v2\/types\/product"}],"replies":[{"embeddable":true,"href":"https:\/\/www.hediyepazar.com\/index.php?rest_route=%2Fwp%2Fv2%2Fcomments&post=119887"}],"wp:featuredmedia":[{"embeddable":true,"href":"https:\/\/www.hediyepazar.com\/index.php?rest_route=\/wp\/v2\/media\/119886"}],"wp:attachment":[{"href":"https:\/\/www.hediyepazar.com\/index.php?rest_route=%2Fwp%2Fv2%2Fmedia&parent=119887"}],"wp:term":[{"taxonomy":"product_brand","embeddable":true,"href":"https:\/\/www.hediyepazar.com\/index.php?rest_route=%2Fwp%2Fv2%2Fproduct_brand&post=119887"},{"taxonomy":"product_cat","embeddable":true,"href":"https:\/\/www.hediyepazar.com\/index.php?rest_route=%2Fwp%2Fv2%2Fproduct_cat&post=119887"},{"taxonomy":"product_tag","embeddable":true,"href":"https:\/\/www.hediyepazar.com\/index.php?rest_route=%2Fwp%2Fv2%2Fproduct_tag&post=119887"}],"curies":[{"name":"wp","href":"https:\/\/api.w.org\/{rel}","templated":true}]}}