{"id":119921,"date":"2026-05-06T02:30:14","date_gmt":"2026-05-06T05:30:14","guid":{"rendered":"https:\/\/www.hediyepazar.com\/?product=sarjli-katlanabilir-mini-fan-3-kademe-hiz-ayari-tasinabilir-tasarim"},"modified":"2026-05-06T02:30:14","modified_gmt":"2026-05-06T05:30:14","slug":"sarjli-katlanabilir-mini-fan-3-kademe-hiz-ayari-tasinabilir-tasarim","status":"publish","type":"product","link":"https:\/\/www.hediyepazar.com\/?product=sarjli-katlanabilir-mini-fan-3-kademe-hiz-ayari-tasinabilir-tasarim","title":{"rendered":"\u015earjl\u0131 Katlanabilir Mini Fan \u2013 3 Kademe H\u0131z Ayar\u0131 Ta\u015f\u0131nabilir Tasar\u0131m"},"content":{"rendered":"<p>Yaz s\u0131caklar\u0131na meydan okuyun! Bu \u015farjl\u0131 mini fan, ta\u015f\u0131nabilirli\u011fi ve g\u00fc\u00e7l\u00fc performans\u0131yla g\u00fcn\u00fcn her an\u0131nda serin kalman\u0131z\u0131 sa\u011flar.2 y\u0131l ithalat\u00e7\u0131 garantisi ile g\u00fcvenli al\u0131\u015fveri\u015fin keyfini \u00e7\u0131kar\u0131n; \u00fcr\u00fcn\u00fcn\u00fczde olu\u015fabilecek herhangi bir sorunda destek hep yan\u0131n\u0131zda.Katlanabilir kompakt yap\u0131s\u0131, her alanda kolay kullan\u0131m imkan\u0131 sunar.Ofiste, evde, d\u0131\u015f mek\u00e2nda veya seyahatlerde rahatl\u0131kla kullanabilece\u011finiz bu mini fan, \u00e7antan\u0131za s\u0131\u011facak kadar k\u00fc\u00e7\u00fck ama etkili bir performansa sahiptir.3 farkl\u0131 h\u0131z kademesi, hava ak\u0131\u015f\u0131n\u0131 tamamen sizin kontrol\u00fcn\u00fcze b\u0131rak\u0131r. \u0130ster hafif bir esinti, ister g\u00fc\u00e7l\u00fc bir serinlik \u2014 her ortamda ideal hava dengesini olu\u015fturabilirsiniz.\u015earj edilebilir pil sistemi, elektrik prizine ba\u011fl\u0131 kalmadan \u00f6zg\u00fcr kullan\u0131m sa\u011flar. USB ba\u011flant\u0131s\u0131 sayesinde bilgisayar, powerbank veya adapt\u00f6r \u00fczerinden kolayca \u015farj edilir.Uzun \u00f6m\u00fcrl\u00fc pil kapasitesi, saatlerce kesintisiz serinlik sunar.Dayan\u0131kl\u0131 malzemesi, modern g\u00f6r\u00fcn\u00fcm\u00fc ve sessiz \u00e7al\u0131\u015fma \u00f6zelli\u011fiyle bu mini fan, her ya\u015ftan kullan\u0131c\u0131 i\u00e7in m\u00fckemmel bir \u00e7\u00f6z\u00fcm. Yaz\u0131n s\u0131cak havas\u0131n\u0131 hissetmeden keyifli anlar ya\u015fay\u0131n!<\/p>\n","protected":false},"excerpt":{"rendered":"<p>Yaz s\u0131caklar\u0131na meydan okuyun! Bu \u015farjl\u0131 mini fan, ta\u015f\u0131nabilirli\u011fi ve g\u00fc\u00e7l\u00fc performans\u0131yla g\u00fcn\u00fcn her an\u0131nda serin kalman\u0131z\u0131 sa\u011flar.2 y\u0131l ithalat\u00e7\u0131 garantisi ile g\u00fcvenli al\u0131\u015fveri\u015fin keyfini \u00e7\u0131kar\u0131n; \u00fcr\u00fcn\u00fcn\u00fczde olu\u015fabilecek herhangi bir sorunda destek hep yan\u0131n\u0131zda.Katlanabilir kompakt yap\u0131s\u0131, her alanda kolay kullan\u0131m imkan\u0131 sunar.Ofiste, evde, d\u0131\u015f mek\u00e2nda veya seyahatlerde rahatl\u0131kla kullanabilece\u011finiz bu mini fan, \u00e7antan\u0131za s\u0131\u011facak kadar&#8230;<\/p>\n","protected":false},"featured_media":119920,"comment_status":"open","ping_status":"closed","template":"","meta":{"_kad_post_transparent":"","_kad_post_title":"","_kad_post_layout":"","_kad_post_sidebar_id":"","_kad_post_content_style":"","_kad_post_vertical_padding":"","_kad_post_feature":"","_kad_post_feature_position":"","_kad_post_header":false,"_kad_post_footer":false,"_kad_post_classname":""},"product_brand":[],"product_cat":[15021],"product_tag":[],"class_list":{"0":"post-119921","1":"product","2":"type-product","3":"status-publish","4":"has-post-thumbnail","6":"product_cat-vantilator-vantilator","8":"first","9":"instock","10":"purchasable","11":"product-type-simple","12":"entry","13":"content-bg","14":"loop-entry"},"_links":{"self":[{"href":"https:\/\/www.hediyepazar.com\/index.php?rest_route=\/wp\/v2\/product\/119921","targetHints":{"allow":["GET"]}}],"collection":[{"href":"https:\/\/www.hediyepazar.com\/index.php?rest_route=\/wp\/v2\/product"}],"about":[{"href":"https:\/\/www.hediyepazar.com\/index.php?rest_route=\/wp\/v2\/types\/product"}],"replies":[{"embeddable":true,"href":"https:\/\/www.hediyepazar.com\/index.php?rest_route=%2Fwp%2Fv2%2Fcomments&post=119921"}],"wp:featuredmedia":[{"embeddable":true,"href":"https:\/\/www.hediyepazar.com\/index.php?rest_route=\/wp\/v2\/media\/119920"}],"wp:attachment":[{"href":"https:\/\/www.hediyepazar.com\/index.php?rest_route=%2Fwp%2Fv2%2Fmedia&parent=119921"}],"wp:term":[{"taxonomy":"product_brand","embeddable":true,"href":"https:\/\/www.hediyepazar.com\/index.php?rest_route=%2Fwp%2Fv2%2Fproduct_brand&post=119921"},{"taxonomy":"product_cat","embeddable":true,"href":"https:\/\/www.hediyepazar.com\/index.php?rest_route=%2Fwp%2Fv2%2Fproduct_cat&post=119921"},{"taxonomy":"product_tag","embeddable":true,"href":"https:\/\/www.hediyepazar.com\/index.php?rest_route=%2Fwp%2Fv2%2Fproduct_tag&post=119921"}],"curies":[{"name":"wp","href":"https:\/\/api.w.org\/{rel}","templated":true}]}}