{"id":119923,"date":"2026-05-06T02:30:19","date_gmt":"2026-05-06T05:30:19","guid":{"rendered":"https:\/\/www.hediyepazar.com\/?product=katlanabilir-mini-fan-3-kademeli-sogutma-sarjli"},"modified":"2026-05-06T02:30:19","modified_gmt":"2026-05-06T05:30:19","slug":"katlanabilir-mini-fan-3-kademeli-sogutma-sarjli","status":"publish","type":"product","link":"https:\/\/www.hediyepazar.com\/?product=katlanabilir-mini-fan-3-kademeli-sogutma-sarjli","title":{"rendered":"Katlanabilir Mini Fan \u2013 3 Kademeli So\u011futma \u015earjl\u0131"},"content":{"rendered":"<p>S\u0131cak g\u00fcnlerde ferahl\u0131\u011f\u0131n keyfini diledi\u011finiz her yerde ya\u015fay\u0131n! Bu katlanabilir mini fan, kompakt ve ta\u015f\u0131nabilir tasar\u0131m\u0131yla yaz aylar\u0131n\u0131n en pratik \u00e7\u00f6z\u00fcm\u00fc.\u0130thalat\u00e7\u0131 garantisiyle 2 y\u0131l boyunca g\u00fcvendesiniz! \u00dcr\u00fcnle ilgili ya\u015fayabilece\u011finiz herhangi bir durumda destek yan\u0131n\u0131zda; g\u00fcvenli al\u0131\u015fveri\u015fin huzurunu ya\u015fay\u0131n.Kompakt ve katlanabilir tasar\u0131m\u0131, dar alanlarda bile kolay kullan\u0131m sa\u011flar. \u00c7antan\u0131za veya \u00e7ekmecenize rahat\u00e7a s\u0131\u011far, ofiste, evde, ara\u00e7ta veya seyahatte rahatl\u0131kla kullan\u0131labilir.Dayan\u0131kl\u0131 g\u00f6vdesi ve sessiz motoru, uzun s\u00fcreli kullan\u0131mlarda konfor sa\u011flar.3 kademeli so\u011futma sistemi, ihtiyac\u0131n\u0131za g\u00f6re ayarlanabilir. D\u00fc\u015f\u00fck modda serin bir esinti, orta modda dengeli hava ak\u0131\u015f\u0131, y\u00fcksek modda ise g\u00fc\u00e7l\u00fc bir r\u00fczgar etkisi sunar.Yaln\u0131zca birka\u00e7 saniye i\u00e7inde serinlik sa\u011flayarak ortam s\u0131cakl\u0131\u011f\u0131n\u0131 d\u00fc\u015f\u00fcrmenize yard\u0131mc\u0131 olur.\u015earj edilebilir bataryas\u0131, elektrik prizine ba\u011fl\u0131 kalmadan \u00f6zg\u00fcrce kullan\u0131m imk\u00e2n\u0131 tan\u0131r.USB kablo ile kolayca \u015farj edebilir, tam \u015farjla uzun s\u00fcre boyunca kesintisiz \u00e7al\u0131\u015ft\u0131rabilirsiniz.Modern, pratik ve enerji tasarruflu bu mini fan; yaz s\u0131caklar\u0131nda, kampta, seyahatte ya da evinizde ferahl\u0131\u011f\u0131n keyfini ya\u015fat\u0131r.<\/p>\n","protected":false},"excerpt":{"rendered":"<p>S\u0131cak g\u00fcnlerde ferahl\u0131\u011f\u0131n keyfini diledi\u011finiz her yerde ya\u015fay\u0131n! Bu katlanabilir mini fan, kompakt ve ta\u015f\u0131nabilir tasar\u0131m\u0131yla yaz aylar\u0131n\u0131n en pratik \u00e7\u00f6z\u00fcm\u00fc.\u0130thalat\u00e7\u0131 garantisiyle 2 y\u0131l boyunca g\u00fcvendesiniz! \u00dcr\u00fcnle ilgili ya\u015fayabilece\u011finiz herhangi bir durumda destek yan\u0131n\u0131zda; g\u00fcvenli al\u0131\u015fveri\u015fin huzurunu ya\u015fay\u0131n.Kompakt ve katlanabilir tasar\u0131m\u0131, dar alanlarda bile kolay kullan\u0131m sa\u011flar. \u00c7antan\u0131za veya \u00e7ekmecenize rahat\u00e7a s\u0131\u011far, ofiste, evde, ara\u00e7ta&#8230;<\/p>\n","protected":false},"featured_media":119922,"comment_status":"open","ping_status":"closed","template":"","meta":{"_kad_post_transparent":"","_kad_post_title":"","_kad_post_layout":"","_kad_post_sidebar_id":"","_kad_post_content_style":"","_kad_post_vertical_padding":"","_kad_post_feature":"","_kad_post_feature_position":"","_kad_post_header":false,"_kad_post_footer":false,"_kad_post_classname":""},"product_brand":[],"product_cat":[15021],"product_tag":[],"class_list":{"0":"post-119923","1":"product","2":"type-product","3":"status-publish","4":"has-post-thumbnail","6":"product_cat-vantilator-vantilator","8":"first","9":"instock","10":"purchasable","11":"product-type-simple","12":"entry","13":"content-bg","14":"loop-entry"},"_links":{"self":[{"href":"https:\/\/www.hediyepazar.com\/index.php?rest_route=\/wp\/v2\/product\/119923","targetHints":{"allow":["GET"]}}],"collection":[{"href":"https:\/\/www.hediyepazar.com\/index.php?rest_route=\/wp\/v2\/product"}],"about":[{"href":"https:\/\/www.hediyepazar.com\/index.php?rest_route=\/wp\/v2\/types\/product"}],"replies":[{"embeddable":true,"href":"https:\/\/www.hediyepazar.com\/index.php?rest_route=%2Fwp%2Fv2%2Fcomments&post=119923"}],"wp:featuredmedia":[{"embeddable":true,"href":"https:\/\/www.hediyepazar.com\/index.php?rest_route=\/wp\/v2\/media\/119922"}],"wp:attachment":[{"href":"https:\/\/www.hediyepazar.com\/index.php?rest_route=%2Fwp%2Fv2%2Fmedia&parent=119923"}],"wp:term":[{"taxonomy":"product_brand","embeddable":true,"href":"https:\/\/www.hediyepazar.com\/index.php?rest_route=%2Fwp%2Fv2%2Fproduct_brand&post=119923"},{"taxonomy":"product_cat","embeddable":true,"href":"https:\/\/www.hediyepazar.com\/index.php?rest_route=%2Fwp%2Fv2%2Fproduct_cat&post=119923"},{"taxonomy":"product_tag","embeddable":true,"href":"https:\/\/www.hediyepazar.com\/index.php?rest_route=%2Fwp%2Fv2%2Fproduct_tag&post=119923"}],"curies":[{"name":"wp","href":"https:\/\/api.w.org\/{rel}","templated":true}]}}