{"id":119933,"date":"2026-05-06T02:31:21","date_gmt":"2026-05-06T05:31:21","guid":{"rendered":"https:\/\/www.hediyepazar.com\/?product=anahtarli-gizli-kitap-kasa-metal-ic-yapi-kamuflajli-sozluk-tasarim"},"modified":"2026-05-06T02:31:21","modified_gmt":"2026-05-06T05:31:21","slug":"anahtarli-gizli-kitap-kasa-metal-ic-yapi-kamuflajli-sozluk-tasarim","status":"publish","type":"product","link":"https:\/\/www.hediyepazar.com\/?product=anahtarli-gizli-kitap-kasa-metal-ic-yapi-kamuflajli-sozluk-tasarim","title":{"rendered":"Anahtarl\u0131 Gizli Kitap Kasa \u2013 Metal \u0130\u00e7 Yap\u0131 Kamuflajl\u0131 S\u00f6zl\u00fck Tasar\u0131m"},"content":{"rendered":"<p>E\u015fyalar\u0131n\u0131z\u0131 gizli ve g\u00fcvenli \u015fekilde saklamak i\u00e7in ideal bir \u00e7\u00f6z\u00fcm: Gizli Kitap Kasa! Ger\u00e7ek bir \u0130ngilizce s\u00f6zl\u00fck g\u00f6r\u00fcn\u00fcm\u00fcne sahip bu \u00fcr\u00fcn, evinizde veya ofisinizde dikkat \u00e7ekmeden kullan\u0131labilir.D\u0131\u015far\u0131dan s\u0131radan bir kitap gibi g\u00f6r\u00fcnse de, i\u00e7 k\u0131sm\u0131nda metalden \u00fcretilmi\u015f sa\u011flam bir kasa bulunur.Kilitli yap\u0131s\u0131 sayesinde g\u00fcvenli bir saklama alan\u0131 sunar. \u00dcr\u00fcnle birlikte gelen 2 adet anahtar, sadece sizin eri\u015fiminize olanak tan\u0131r.Tak\u0131lar, nakit para, kimlik, pasaport veya \u00f6zel belgeler i\u00e7in m\u00fckemmel bir gizli depolama \u00e7\u00f6z\u00fcm\u00fcd\u00fcr.18,5 x 11,5 x 5,6 cm \u00f6l\u00e7\u00fcleriyle kitapl\u0131\u011f\u0131n\u0131zda, raf\u0131n\u0131zda ya da ofis dolab\u0131n\u0131zda kolayca yer bulur. D\u00fczg\u00fcn ciltli kapa\u011f\u0131 sayesinde di\u011fer kitaplar aras\u0131nda fark edilmez.Dayan\u0131kl\u0131 metal i\u00e7 yap\u0131, uzun \u00f6m\u00fcrl\u00fc kullan\u0131m sa\u011flar; darbeye kar\u015f\u0131 dayan\u0131kl\u0131d\u0131r. Hafif yap\u0131s\u0131, istenirse ta\u015f\u0131nabilir bir mini kasa gibi kullan\u0131lmas\u0131n\u0131 da kolayla\u015ft\u0131r\u0131r.Modern ya\u015fam alanlar\u0131nda hem g\u00fcvenli\u011fi hem esteti\u011fi \u00f6n planda tutan bu gizli kitap kasa, k\u00fc\u00e7\u00fck e\u015fyalar\u0131n\u0131z i\u00e7in ak\u0131ll\u0131 bir saklama \u00e7\u00f6z\u00fcm\u00fcd\u00fcr.Hem pratik hem zarif bir hediye alternatifi olarak da de\u011ferlendirilebilir.<\/p>\n","protected":false},"excerpt":{"rendered":"<p>E\u015fyalar\u0131n\u0131z\u0131 gizli ve g\u00fcvenli \u015fekilde saklamak i\u00e7in ideal bir \u00e7\u00f6z\u00fcm: Gizli Kitap Kasa! Ger\u00e7ek bir \u0130ngilizce s\u00f6zl\u00fck g\u00f6r\u00fcn\u00fcm\u00fcne sahip bu \u00fcr\u00fcn, evinizde veya ofisinizde dikkat \u00e7ekmeden kullan\u0131labilir.D\u0131\u015far\u0131dan s\u0131radan bir kitap gibi g\u00f6r\u00fcnse de, i\u00e7 k\u0131sm\u0131nda metalden \u00fcretilmi\u015f sa\u011flam bir kasa bulunur.Kilitli yap\u0131s\u0131 sayesinde g\u00fcvenli bir saklama alan\u0131 sunar. \u00dcr\u00fcnle birlikte gelen 2 adet anahtar, sadece&#8230;<\/p>\n","protected":false},"featured_media":119932,"comment_status":"open","ping_status":"closed","template":"","meta":{"_kad_post_transparent":"","_kad_post_title":"","_kad_post_layout":"","_kad_post_sidebar_id":"","_kad_post_content_style":"","_kad_post_vertical_padding":"","_kad_post_feature":"","_kad_post_feature_position":"","_kad_post_header":false,"_kad_post_footer":false,"_kad_post_classname":""},"product_brand":[],"product_cat":[14981],"product_tag":[],"class_list":{"0":"post-119933","1":"product","2":"type-product","3":"status-publish","4":"has-post-thumbnail","6":"product_cat-store-celik-kasa-store-celik-kasa","8":"first","9":"instock","10":"purchasable","11":"product-type-simple","12":"entry","13":"content-bg","14":"loop-entry"},"_links":{"self":[{"href":"https:\/\/www.hediyepazar.com\/index.php?rest_route=\/wp\/v2\/product\/119933","targetHints":{"allow":["GET"]}}],"collection":[{"href":"https:\/\/www.hediyepazar.com\/index.php?rest_route=\/wp\/v2\/product"}],"about":[{"href":"https:\/\/www.hediyepazar.com\/index.php?rest_route=\/wp\/v2\/types\/product"}],"replies":[{"embeddable":true,"href":"https:\/\/www.hediyepazar.com\/index.php?rest_route=%2Fwp%2Fv2%2Fcomments&post=119933"}],"wp:featuredmedia":[{"embeddable":true,"href":"https:\/\/www.hediyepazar.com\/index.php?rest_route=\/wp\/v2\/media\/119932"}],"wp:attachment":[{"href":"https:\/\/www.hediyepazar.com\/index.php?rest_route=%2Fwp%2Fv2%2Fmedia&parent=119933"}],"wp:term":[{"taxonomy":"product_brand","embeddable":true,"href":"https:\/\/www.hediyepazar.com\/index.php?rest_route=%2Fwp%2Fv2%2Fproduct_brand&post=119933"},{"taxonomy":"product_cat","embeddable":true,"href":"https:\/\/www.hediyepazar.com\/index.php?rest_route=%2Fwp%2Fv2%2Fproduct_cat&post=119933"},{"taxonomy":"product_tag","embeddable":true,"href":"https:\/\/www.hediyepazar.com\/index.php?rest_route=%2Fwp%2Fv2%2Fproduct_tag&post=119933"}],"curies":[{"name":"wp","href":"https:\/\/api.w.org\/{rel}","templated":true}]}}