{"id":119935,"date":"2026-05-06T02:31:58","date_gmt":"2026-05-06T05:31:58","guid":{"rendered":"https:\/\/www.hediyepazar.com\/?product=gizli-kitap-kasa-metal-govdeli-anahtarli"},"modified":"2026-05-06T02:31:58","modified_gmt":"2026-05-06T05:31:58","slug":"gizli-kitap-kasa-metal-govdeli-anahtarli","status":"publish","type":"product","link":"https:\/\/www.hediyepazar.com\/?product=gizli-kitap-kasa-metal-govdeli-anahtarli","title":{"rendered":"Gizli Kitap Kasa \u2013 Metal G\u00f6vdeli Anahtarl\u0131"},"content":{"rendered":"<p>De\u011ferli e\u015fyalar\u0131n\u0131z\u0131 g\u00fcvenle saklamak hi\u00e7 bu kadar pratik olmam\u0131\u015ft\u0131! Bu gizli kitap kasa, klasik bir \u0130ngilizce s\u00f6zl\u00fck g\u00f6r\u00fcn\u00fcm\u00fcyle dikkat \u00e7ekmeden e\u015fyalar\u0131n\u0131z\u0131 koruma alt\u0131na alman\u0131z\u0131 sa\u011flar. Ger\u00e7ek bir kitap gibi g\u00f6r\u00fcnen d\u0131\u015f cildi sayesinde dolapta, kitapl\u0131kta veya ofis raf\u0131nda fark edilmeden saklanabilir.D\u0131\u015f k\u0131sm\u0131 sert karton ve kaplamal\u0131 cilt malzemeden, i\u00e7 k\u0131sm\u0131 ise dayan\u0131kl\u0131 metal kasadan \u00fcretilmi\u015ftir. Bu sayede d\u0131\u015far\u0131dan s\u0131radan bir kitap gibi g\u00f6r\u00fcn\u00fcrken, i\u00e7te maksimum g\u00fcvenlik sa\u011flar.Kilitli i\u00e7 kasa, iki adet anahtar ile birlikte gelir; sadece sizin eri\u015fiminiz m\u00fcmk\u00fcnd\u00fcr. Tak\u0131lar, nakit para, pasaport, evrak, \u00f6zel belgeler veya hat\u0131ra e\u015fyalar\u0131n\u0131z\u0131 g\u00fcvenle saklamak i\u00e7in m\u00fckemmel bir \u00e7\u00f6z\u00fcm sunar.Kompakt boyutlar\u0131 (18,5 x 11,5 x 5,6 cm) sayesinde kitapl\u0131\u011f\u0131n\u0131zda rahatl\u0131kla kamufle olur. Hafif ve ta\u015f\u0131nabilir yap\u0131s\u0131, seyahatlerde de kullan\u0131lmas\u0131n\u0131 kolayla\u015ft\u0131r\u0131r.Estetik g\u00f6r\u00fcn\u00fcm\u00fcyle hem ev hem ofis dekoruna uyum sa\u011flar; sade tasar\u0131m\u0131 sayesinde hi\u00e7bir \u015fekilde dikkat \u00e7ekmez.G\u00fcvenli\u011fi, gizlili\u011fi ve \u015f\u0131kl\u0131\u011f\u0131 bir arada sunan bu gizli kitap kasa, hem pratik hem ekonomik bir g\u00fcvenlik \u00e7\u00f6z\u00fcm\u00fcd\u00fcr.De\u011fer verdi\u011finiz e\u015fyalar\u0131n\u0131z\u0131 saklarken kimsenin fark etmeyece\u011fi kadar zarif bir koruma sa\u011flar!<\/p>\n","protected":false},"excerpt":{"rendered":"<p>De\u011ferli e\u015fyalar\u0131n\u0131z\u0131 g\u00fcvenle saklamak hi\u00e7 bu kadar pratik olmam\u0131\u015ft\u0131! Bu gizli kitap kasa, klasik bir \u0130ngilizce s\u00f6zl\u00fck g\u00f6r\u00fcn\u00fcm\u00fcyle dikkat \u00e7ekmeden e\u015fyalar\u0131n\u0131z\u0131 koruma alt\u0131na alman\u0131z\u0131 sa\u011flar. Ger\u00e7ek bir kitap gibi g\u00f6r\u00fcnen d\u0131\u015f cildi sayesinde dolapta, kitapl\u0131kta veya ofis raf\u0131nda fark edilmeden saklanabilir.D\u0131\u015f k\u0131sm\u0131 sert karton ve kaplamal\u0131 cilt malzemeden, i\u00e7 k\u0131sm\u0131 ise dayan\u0131kl\u0131 metal kasadan \u00fcretilmi\u015ftir&#8230;.<\/p>\n","protected":false},"featured_media":119934,"comment_status":"open","ping_status":"closed","template":"","meta":{"_kad_post_transparent":"","_kad_post_title":"","_kad_post_layout":"","_kad_post_sidebar_id":"","_kad_post_content_style":"","_kad_post_vertical_padding":"","_kad_post_feature":"","_kad_post_feature_position":"","_kad_post_header":false,"_kad_post_footer":false,"_kad_post_classname":""},"product_brand":[],"product_cat":[14981],"product_tag":[],"class_list":{"0":"post-119935","1":"product","2":"type-product","3":"status-publish","4":"has-post-thumbnail","6":"product_cat-store-celik-kasa-store-celik-kasa","8":"first","9":"instock","10":"purchasable","11":"product-type-simple","12":"entry","13":"content-bg","14":"loop-entry"},"_links":{"self":[{"href":"https:\/\/www.hediyepazar.com\/index.php?rest_route=\/wp\/v2\/product\/119935","targetHints":{"allow":["GET"]}}],"collection":[{"href":"https:\/\/www.hediyepazar.com\/index.php?rest_route=\/wp\/v2\/product"}],"about":[{"href":"https:\/\/www.hediyepazar.com\/index.php?rest_route=\/wp\/v2\/types\/product"}],"replies":[{"embeddable":true,"href":"https:\/\/www.hediyepazar.com\/index.php?rest_route=%2Fwp%2Fv2%2Fcomments&post=119935"}],"wp:featuredmedia":[{"embeddable":true,"href":"https:\/\/www.hediyepazar.com\/index.php?rest_route=\/wp\/v2\/media\/119934"}],"wp:attachment":[{"href":"https:\/\/www.hediyepazar.com\/index.php?rest_route=%2Fwp%2Fv2%2Fmedia&parent=119935"}],"wp:term":[{"taxonomy":"product_brand","embeddable":true,"href":"https:\/\/www.hediyepazar.com\/index.php?rest_route=%2Fwp%2Fv2%2Fproduct_brand&post=119935"},{"taxonomy":"product_cat","embeddable":true,"href":"https:\/\/www.hediyepazar.com\/index.php?rest_route=%2Fwp%2Fv2%2Fproduct_cat&post=119935"},{"taxonomy":"product_tag","embeddable":true,"href":"https:\/\/www.hediyepazar.com\/index.php?rest_route=%2Fwp%2Fv2%2Fproduct_tag&post=119935"}],"curies":[{"name":"wp","href":"https:\/\/api.w.org\/{rel}","templated":true}]}}