{"id":119945,"date":"2026-05-06T02:33:58","date_gmt":"2026-05-06T05:33:58","guid":{"rendered":"https:\/\/www.hediyepazar.com\/?product=paslanmaz-celik-kahve-ve-baharat-ogutucu-otomatik-mekanizma"},"modified":"2026-05-06T02:33:58","modified_gmt":"2026-05-06T05:33:58","slug":"paslanmaz-celik-kahve-ve-baharat-ogutucu-otomatik-mekanizma","status":"publish","type":"product","link":"https:\/\/www.hediyepazar.com\/?product=paslanmaz-celik-kahve-ve-baharat-ogutucu-otomatik-mekanizma","title":{"rendered":"Paslanmaz \u00c7elik Kahve ve Baharat \u00d6\u011f\u00fct\u00fcc\u00fc \u2013 Otomatik Mekanizma"},"content":{"rendered":"<p>G\u00fcn\u00fcn her an\u0131nda taze kahve kokusunu hissetmek veya baharatlar\u0131 an\u0131nda \u00f6\u011f\u00fctmek isteyenler i\u00e7in geli\u015ftirilen bu otomatik kahve ve baharat \u00f6\u011f\u00fct\u00fcc\u00fc, modern mutfaklar\u0131n vazge\u00e7ilmezi olmaya aday.Paslanmaz \u00e7elik malzemeden \u00fcretilmi\u015f g\u00f6vdesi ve b\u0131\u00e7aklar\u0131, uzun \u00f6m\u00fcrl\u00fc kullan\u0131m\u0131n yan\u0131 s\u0131ra y\u00fcksek hijyen sa\u011flar.Otomatik \u00f6\u011f\u00fctme sistemi, tek bir dokunu\u015fla g\u00fc\u00e7l\u00fc bir performans sergiler. Kahve \u00e7ekirdeklerinden sert baharatlara kadar bir\u00e7ok farkl\u0131 \u00fcr\u00fcn\u00fc kolayca \u00f6\u011f\u00fctebilir.\u00dcstelik paket i\u00e7erisinde sunulan yedek b\u0131\u00e7ak hediyesi, cihaz\u0131n \u00f6mr\u00fcn\u00fc uzatarak size ekstra avantaj sa\u011flar.Kompakt boyutu sayesinde mutfak tezgah\u0131nda az yer kaplar, kolay temizlenebilir haznesi sayesinde zahmetsiz bak\u0131m imk\u00e2n\u0131 sunar.Modern \u00e7izgilere sahip tasar\u0131m\u0131, mutfa\u011f\u0131n\u0131za estetik bir dokunu\u015f katarken, ergonomik yap\u0131s\u0131 sayesinde kullan\u0131m konforunu art\u0131r\u0131r.Kahve severler i\u00e7in taze \u00f6\u011f\u00fct\u00fclm\u00fc\u015f \u00e7ekirdeklerle aromay\u0131 zirveye \u00e7\u0131kar\u0131r; baharat severler i\u00e7inse her zaman taze lezzet garantisi sunar. G\u00fc\u00e7l\u00fc motoru, sessiz \u00e7al\u0131\u015fmas\u0131 ve dayan\u0131kl\u0131 \u00e7elik g\u00f6vdesiyle bu \u00fcr\u00fcn, fonksiyonellik ve \u015f\u0131kl\u0131\u011f\u0131 bir arada sunuyor.<\/p>\n","protected":false},"excerpt":{"rendered":"<p>G\u00fcn\u00fcn her an\u0131nda taze kahve kokusunu hissetmek veya baharatlar\u0131 an\u0131nda \u00f6\u011f\u00fctmek isteyenler i\u00e7in geli\u015ftirilen bu otomatik kahve ve baharat \u00f6\u011f\u00fct\u00fcc\u00fc, modern mutfaklar\u0131n vazge\u00e7ilmezi olmaya aday.Paslanmaz \u00e7elik malzemeden \u00fcretilmi\u015f g\u00f6vdesi ve b\u0131\u00e7aklar\u0131, uzun \u00f6m\u00fcrl\u00fc kullan\u0131m\u0131n yan\u0131 s\u0131ra y\u00fcksek hijyen sa\u011flar.Otomatik \u00f6\u011f\u00fctme sistemi, tek bir dokunu\u015fla g\u00fc\u00e7l\u00fc bir performans sergiler. Kahve \u00e7ekirdeklerinden sert baharatlara kadar bir\u00e7ok farkl\u0131&#8230;<\/p>\n","protected":false},"featured_media":119944,"comment_status":"open","ping_status":"closed","template":"","meta":{"_kad_post_transparent":"","_kad_post_title":"","_kad_post_layout":"","_kad_post_sidebar_id":"","_kad_post_content_style":"","_kad_post_vertical_padding":"","_kad_post_feature":"","_kad_post_feature_position":"","_kad_post_header":false,"_kad_post_footer":false,"_kad_post_classname":""},"product_brand":[],"product_cat":[15016],"product_tag":[],"class_list":{"0":"post-119945","1":"product","2":"type-product","3":"status-publish","4":"has-post-thumbnail","6":"product_cat-baharat-ogutucu-baharat-ogutucu-2","8":"first","9":"instock","10":"purchasable","11":"product-type-simple","12":"entry","13":"content-bg","14":"loop-entry"},"_links":{"self":[{"href":"https:\/\/www.hediyepazar.com\/index.php?rest_route=\/wp\/v2\/product\/119945","targetHints":{"allow":["GET"]}}],"collection":[{"href":"https:\/\/www.hediyepazar.com\/index.php?rest_route=\/wp\/v2\/product"}],"about":[{"href":"https:\/\/www.hediyepazar.com\/index.php?rest_route=\/wp\/v2\/types\/product"}],"replies":[{"embeddable":true,"href":"https:\/\/www.hediyepazar.com\/index.php?rest_route=%2Fwp%2Fv2%2Fcomments&post=119945"}],"wp:featuredmedia":[{"embeddable":true,"href":"https:\/\/www.hediyepazar.com\/index.php?rest_route=\/wp\/v2\/media\/119944"}],"wp:attachment":[{"href":"https:\/\/www.hediyepazar.com\/index.php?rest_route=%2Fwp%2Fv2%2Fmedia&parent=119945"}],"wp:term":[{"taxonomy":"product_brand","embeddable":true,"href":"https:\/\/www.hediyepazar.com\/index.php?rest_route=%2Fwp%2Fv2%2Fproduct_brand&post=119945"},{"taxonomy":"product_cat","embeddable":true,"href":"https:\/\/www.hediyepazar.com\/index.php?rest_route=%2Fwp%2Fv2%2Fproduct_cat&post=119945"},{"taxonomy":"product_tag","embeddable":true,"href":"https:\/\/www.hediyepazar.com\/index.php?rest_route=%2Fwp%2Fv2%2Fproduct_tag&post=119945"}],"curies":[{"name":"wp","href":"https:\/\/api.w.org\/{rel}","templated":true}]}}