{"id":119947,"date":"2026-05-06T02:34:05","date_gmt":"2026-05-06T05:34:05","guid":{"rendered":"https:\/\/www.hediyepazar.com\/?product=otomatik-paslanmaz-celik-kahve-ve-baharat-ogutucu"},"modified":"2026-05-06T02:34:05","modified_gmt":"2026-05-06T05:34:05","slug":"otomatik-paslanmaz-celik-kahve-ve-baharat-ogutucu","status":"publish","type":"product","link":"https:\/\/www.hediyepazar.com\/?product=otomatik-paslanmaz-celik-kahve-ve-baharat-ogutucu","title":{"rendered":"Otomatik Paslanmaz \u00c7elik Kahve ve Baharat \u00d6\u011f\u00fct\u00fcc\u00fc"},"content":{"rendered":"<p>Kahve tutkunlar\u0131 ve mutfakta pratiklik arayanlar i\u00e7in \u00f6zel olarak tasarlanan bu otomatik kahve ve baharat \u00f6\u011f\u00fct\u00fcc\u00fc, g\u00fc\u00e7l\u00fc motoru ve dayan\u0131kl\u0131 yap\u0131s\u0131yla uzun \u00f6m\u00fcrl\u00fc kullan\u0131m sunar.Paslanmaz \u00e7elik g\u00f6vde ve b\u0131\u00e7aklar, hem estetik g\u00f6r\u00fcn\u00fcm hem de y\u00fcksek dayan\u0131kl\u0131l\u0131k sa\u011flar. Sert kahve \u00e7ekirdeklerini, karabiber, ki\u015fni\u015f, kimyon veya tuz gibi baharatlar\u0131 saniyeler i\u00e7inde ince toz haline getirir.Otomatik mekanizmas\u0131, manuel g\u00fc\u00e7 gerektirmeden h\u0131zl\u0131 ve zahmetsiz \u00f6\u011f\u00fctme imk\u00e2n\u0131 sunar. Kullan\u0131c\u0131 dostu tek tu\u015f kontrol\u00fcyle i\u015flemlerinizi kolayca ger\u00e7ekle\u015ftirebilir, istedi\u011finiz k\u0131vam\u0131 pratik bir \u015fekilde elde edebilirsiniz.\u00dcr\u00fcnle birlikte gelen yedek b\u0131\u00e7ak hediyesi, b\u0131\u00e7ak de\u011fi\u015ftirme maliyetini ortadan kald\u0131rarak ekonomik bir \u00e7\u00f6z\u00fcm sunar.Kolay temizlenebilir haznesi sayesinde hijyen standartlar\u0131n\u0131 korur; \u00e7\u0131kar\u0131labilir par\u00e7alar su alt\u0131nda rahatl\u0131kla temizlenebilir.\u015e\u0131k ve modern tasar\u0131m\u0131yla mutfak dekorunuza zarif bir dokunu\u015f katarken, kompakt yap\u0131s\u0131 sayesinde tezgah \u00fczerinde minimum yer kaplar.G\u00fc\u00e7l\u00fc performans\u0131, sessiz \u00e7al\u0131\u015fma sistemi ve uzun \u00f6m\u00fcrl\u00fc \u00e7elik malzemesiyle bu \u00f6\u011f\u00fct\u00fcc\u00fc, hem profesyonel hem ev kullan\u0131m\u0131 i\u00e7in m\u00fckemmel bir se\u00e7imdir.<\/p>\n","protected":false},"excerpt":{"rendered":"<p>Kahve tutkunlar\u0131 ve mutfakta pratiklik arayanlar i\u00e7in \u00f6zel olarak tasarlanan bu otomatik kahve ve baharat \u00f6\u011f\u00fct\u00fcc\u00fc, g\u00fc\u00e7l\u00fc motoru ve dayan\u0131kl\u0131 yap\u0131s\u0131yla uzun \u00f6m\u00fcrl\u00fc kullan\u0131m sunar.Paslanmaz \u00e7elik g\u00f6vde ve b\u0131\u00e7aklar, hem estetik g\u00f6r\u00fcn\u00fcm hem de y\u00fcksek dayan\u0131kl\u0131l\u0131k sa\u011flar. Sert kahve \u00e7ekirdeklerini, karabiber, ki\u015fni\u015f, kimyon veya tuz gibi baharatlar\u0131 saniyeler i\u00e7inde ince toz haline getirir.Otomatik mekanizmas\u0131, manuel&#8230;<\/p>\n","protected":false},"featured_media":119946,"comment_status":"open","ping_status":"closed","template":"","meta":{"_kad_post_transparent":"","_kad_post_title":"","_kad_post_layout":"","_kad_post_sidebar_id":"","_kad_post_content_style":"","_kad_post_vertical_padding":"","_kad_post_feature":"","_kad_post_feature_position":"","_kad_post_header":false,"_kad_post_footer":false,"_kad_post_classname":""},"product_brand":[],"product_cat":[15016],"product_tag":[],"class_list":{"0":"post-119947","1":"product","2":"type-product","3":"status-publish","4":"has-post-thumbnail","6":"product_cat-baharat-ogutucu-baharat-ogutucu-2","8":"first","9":"instock","10":"purchasable","11":"product-type-simple","12":"entry","13":"content-bg","14":"loop-entry"},"_links":{"self":[{"href":"https:\/\/www.hediyepazar.com\/index.php?rest_route=\/wp\/v2\/product\/119947","targetHints":{"allow":["GET"]}}],"collection":[{"href":"https:\/\/www.hediyepazar.com\/index.php?rest_route=\/wp\/v2\/product"}],"about":[{"href":"https:\/\/www.hediyepazar.com\/index.php?rest_route=\/wp\/v2\/types\/product"}],"replies":[{"embeddable":true,"href":"https:\/\/www.hediyepazar.com\/index.php?rest_route=%2Fwp%2Fv2%2Fcomments&post=119947"}],"wp:featuredmedia":[{"embeddable":true,"href":"https:\/\/www.hediyepazar.com\/index.php?rest_route=\/wp\/v2\/media\/119946"}],"wp:attachment":[{"href":"https:\/\/www.hediyepazar.com\/index.php?rest_route=%2Fwp%2Fv2%2Fmedia&parent=119947"}],"wp:term":[{"taxonomy":"product_brand","embeddable":true,"href":"https:\/\/www.hediyepazar.com\/index.php?rest_route=%2Fwp%2Fv2%2Fproduct_brand&post=119947"},{"taxonomy":"product_cat","embeddable":true,"href":"https:\/\/www.hediyepazar.com\/index.php?rest_route=%2Fwp%2Fv2%2Fproduct_cat&post=119947"},{"taxonomy":"product_tag","embeddable":true,"href":"https:\/\/www.hediyepazar.com\/index.php?rest_route=%2Fwp%2Fv2%2Fproduct_tag&post=119947"}],"curies":[{"name":"wp","href":"https:\/\/api.w.org\/{rel}","templated":true}]}}