{"id":119949,"date":"2026-05-06T02:34:10","date_gmt":"2026-05-06T05:34:10","guid":{"rendered":"https:\/\/www.hediyepazar.com\/?product=dusuk-gecikmeli-gaming-bluetooth-kulaklik"},"modified":"2026-05-06T02:34:10","modified_gmt":"2026-05-06T05:34:10","slug":"dusuk-gecikmeli-gaming-bluetooth-kulaklik","status":"publish","type":"product","link":"https:\/\/www.hediyepazar.com\/?product=dusuk-gecikmeli-gaming-bluetooth-kulaklik","title":{"rendered":"D\u00fc\u015f\u00fck Gecikmeli Gaming Bluetooth Kulakl\u0131k"},"content":{"rendered":"<p>Ger\u00e7ek bir oyuncu deneyimi istiyorsan\u0131z, bu gaming kulakl\u0131k tam size g\u00f6re! 45 ms gecikme de\u011feriyle ses ve g\u00f6r\u00fcnt\u00fc aras\u0131nda kusursuz senkronizasyon sa\u011flar. \u00d6zellikle mobil oyunlarda, en k\u00fc\u00e7\u00fck ses detay\u0131n\u0131 bile an\u0131nda duyman\u0131za olanak tan\u0131r.3D ses \u00f6zelli\u011fi, derin baslar ve \u00e7evresel ses etkisiyle oyun atmosferini birebir ya\u015faman\u0131z\u0131 sa\u011flar. G\u00fcr\u00fclt\u00fc engelleme teknolojisi, d\u0131\u015f sesleri izole eder ve dikkat da\u011f\u0131t\u0131c\u0131 etkenleri ortadan kald\u0131r\u0131r. Bu sayede tamamen oyuna odaklanabilirsiniz.Bluetooth 5.0 teknolojisi, 10 metreye kadar istikrarl\u0131 ba\u011flant\u0131 sunar. Kablosuz \u00f6zg\u00fcrl\u00fck sayesinde hareket alan\u0131n\u0131z k\u0131s\u0131tlanmaz. Ergonomik silikon kulak u\u00e7lar\u0131, uzun s\u00fcreli kullan\u0131mda bile rahats\u0131zl\u0131k vermez.LED \u0131\u015f\u0131kl\u0131 dinamik tasar\u0131m, karanl\u0131k ortamlarda g\u00f6rsel bir estetik sunarken tarz\u0131n\u0131z\u0131 da \u00f6n plana \u00e7\u0131kar\u0131r.Dahili mikrofon, oyun s\u0131ras\u0131nda tak\u0131m ileti\u015fimini net bir \u015fekilde s\u00fcrd\u00fcrmenizi sa\u011flar. Android, iOS ve PC cihazlarla tam uyumlu \u00e7al\u0131\u015f\u0131r.Ta\u015f\u0131nabilir, hafif ve g\u00fc\u00e7l\u00fc yap\u0131s\u0131yla bu kulakl\u0131k, hem profesyonel oyuncular\u0131n hem de m\u00fczik tutkunlar\u0131n\u0131n vazge\u00e7ilmezidir.<\/p>\n","protected":false},"excerpt":{"rendered":"<p>Ger\u00e7ek bir oyuncu deneyimi istiyorsan\u0131z, bu gaming kulakl\u0131k tam size g\u00f6re! 45 ms gecikme de\u011feriyle ses ve g\u00f6r\u00fcnt\u00fc aras\u0131nda kusursuz senkronizasyon sa\u011flar. \u00d6zellikle mobil oyunlarda, en k\u00fc\u00e7\u00fck ses detay\u0131n\u0131 bile an\u0131nda duyman\u0131za olanak tan\u0131r.3D ses \u00f6zelli\u011fi, derin baslar ve \u00e7evresel ses etkisiyle oyun atmosferini birebir ya\u015faman\u0131z\u0131 sa\u011flar. G\u00fcr\u00fclt\u00fc engelleme teknolojisi, d\u0131\u015f sesleri izole eder ve&#8230;<\/p>\n","protected":false},"featured_media":119948,"comment_status":"open","ping_status":"closed","template":"","meta":{"_kad_post_transparent":"","_kad_post_title":"","_kad_post_layout":"","_kad_post_sidebar_id":"","_kad_post_content_style":"","_kad_post_vertical_padding":"","_kad_post_feature":"","_kad_post_feature_position":"","_kad_post_header":false,"_kad_post_footer":false,"_kad_post_classname":""},"product_brand":[],"product_cat":[14957],"product_tag":[],"class_list":{"0":"post-119949","1":"product","2":"type-product","3":"status-publish","4":"has-post-thumbnail","6":"product_cat-kablosuz-kulaklik-kablosuz-kulaklik","8":"first","9":"instock","10":"purchasable","11":"product-type-simple","12":"entry","13":"content-bg","14":"loop-entry"},"_links":{"self":[{"href":"https:\/\/www.hediyepazar.com\/index.php?rest_route=\/wp\/v2\/product\/119949","targetHints":{"allow":["GET"]}}],"collection":[{"href":"https:\/\/www.hediyepazar.com\/index.php?rest_route=\/wp\/v2\/product"}],"about":[{"href":"https:\/\/www.hediyepazar.com\/index.php?rest_route=\/wp\/v2\/types\/product"}],"replies":[{"embeddable":true,"href":"https:\/\/www.hediyepazar.com\/index.php?rest_route=%2Fwp%2Fv2%2Fcomments&post=119949"}],"wp:featuredmedia":[{"embeddable":true,"href":"https:\/\/www.hediyepazar.com\/index.php?rest_route=\/wp\/v2\/media\/119948"}],"wp:attachment":[{"href":"https:\/\/www.hediyepazar.com\/index.php?rest_route=%2Fwp%2Fv2%2Fmedia&parent=119949"}],"wp:term":[{"taxonomy":"product_brand","embeddable":true,"href":"https:\/\/www.hediyepazar.com\/index.php?rest_route=%2Fwp%2Fv2%2Fproduct_brand&post=119949"},{"taxonomy":"product_cat","embeddable":true,"href":"https:\/\/www.hediyepazar.com\/index.php?rest_route=%2Fwp%2Fv2%2Fproduct_cat&post=119949"},{"taxonomy":"product_tag","embeddable":true,"href":"https:\/\/www.hediyepazar.com\/index.php?rest_route=%2Fwp%2Fv2%2Fproduct_tag&post=119949"}],"curies":[{"name":"wp","href":"https:\/\/api.w.org\/{rel}","templated":true}]}}