{"id":119953,"date":"2026-05-06T02:34:20","date_gmt":"2026-05-06T05:34:20","guid":{"rendered":"https:\/\/www.hediyepazar.com\/?product=galaksi-efektli-dinozor-yumurta-projektor-yuksek-cozunurluklu"},"modified":"2026-05-06T02:34:20","modified_gmt":"2026-05-06T05:34:20","slug":"galaksi-efektli-dinozor-yumurta-projektor-yuksek-cozunurluklu","status":"publish","type":"product","link":"https:\/\/www.hediyepazar.com\/?product=galaksi-efektli-dinozor-yumurta-projektor-yuksek-cozunurluklu","title":{"rendered":"Galaksi Efektli Dinozor Yumurta Projekt\u00f6r \u2013 Y\u00fcksek \u00c7\u00f6z\u00fcn\u00fcrl\u00fckl\u00fc"},"content":{"rendered":"<p>Evinizin her k\u00f6\u015fesini b\u00fcy\u00fcl\u00fc bir g\u00f6ky\u00fcz\u00fcne d\u00f6n\u00fc\u015ft\u00fcr\u00fcn! Dinozor yumurta gece lambas\u0131 projekt\u00f6r\u00fc, 14 farkl\u0131 renk modu ve y\u0131ld\u0131z-nebula efektleriyle odan\u0131za galaktik bir g\u00f6r\u00fcn\u00fcm kazand\u0131r\u0131r.Y\u00fcksek \u00e7\u00f6z\u00fcn\u00fcrl\u00fckl\u00fc LED projekt\u00f6r sistemi, renkleri canl\u0131 ve ak\u0131c\u0131 bir bi\u00e7imde duvarlara ve tavana yans\u0131t\u0131r.Nebula ve y\u0131ld\u0131z efektlerinin birle\u015fimi, sakinle\u015ftirici bir ortam olu\u015fturur. 4 farkl\u0131 h\u0131z ayar\u0131yla \u0131\u015f\u0131k ge\u00e7i\u015flerini istedi\u011finiz tempoda ayarlayabilir, 4 parlakl\u0131k seviyesiyle g\u00f6z yormayan bir atmosfer olu\u015fturabilirsiniz.Bu \u00f6zellikleriyle \u00e7ocuklar i\u00e7in huzurlu bir uyku ortam\u0131, yeti\u015fkinler i\u00e7inse meditasyon veya dinlenme alan\u0131 yarat\u0131r.Dinozor yumurtas\u0131 \u015feklindeki \u015f\u0131k ve e\u011flenceli tasar\u0131m\u0131, dekoratif anlamda da \u00f6ne \u00e7\u0131kar. Bebek odalar\u0131nda, yatak odas\u0131nda, ofiste veya salonlarda kullan\u0131labilir. USB g\u00fc\u00e7 giri\u015fi, cihaz\u0131n ta\u015f\u0131nabilirli\u011fini art\u0131r\u0131r; priz, powerbank veya bilgisayardan kolayca enerji alabilir.Enerji tasarruflu yap\u0131s\u0131 sayesinde uzun s\u00fcreli kullan\u0131mlarda dahi d\u00fc\u015f\u00fck enerji t\u00fcketimi sa\u011flar. \u00c7ocuklar i\u00e7in g\u00fcvenli, sessiz ve \u0131s\u0131nmayan LED sistemi ile donat\u0131lm\u0131\u015ft\u0131r.Hem hediye hem ki\u015fisel kullan\u0131m i\u00e7in ideal olan bu projekt\u00f6r, her ortam\u0131 b\u00fcy\u00fcleyici bir galaksiye d\u00f6n\u00fc\u015ft\u00fcr\u00fcr!&nbsp;&nbsp;&nbsp;&nbsp;&nbsp;&nbsp;<\/p>\n","protected":false},"excerpt":{"rendered":"<p>Evinizin her k\u00f6\u015fesini b\u00fcy\u00fcl\u00fc bir g\u00f6ky\u00fcz\u00fcne d\u00f6n\u00fc\u015ft\u00fcr\u00fcn! Dinozor yumurta gece lambas\u0131 projekt\u00f6r\u00fc, 14 farkl\u0131 renk modu ve y\u0131ld\u0131z-nebula efektleriyle odan\u0131za galaktik bir g\u00f6r\u00fcn\u00fcm kazand\u0131r\u0131r.Y\u00fcksek \u00e7\u00f6z\u00fcn\u00fcrl\u00fckl\u00fc LED projekt\u00f6r sistemi, renkleri canl\u0131 ve ak\u0131c\u0131 bir bi\u00e7imde duvarlara ve tavana yans\u0131t\u0131r.Nebula ve y\u0131ld\u0131z efektlerinin birle\u015fimi, sakinle\u015ftirici bir ortam olu\u015fturur. 4 farkl\u0131 h\u0131z ayar\u0131yla \u0131\u015f\u0131k ge\u00e7i\u015flerini istedi\u011finiz tempoda ayarlayabilir,&#8230;<\/p>\n","protected":false},"featured_media":119952,"comment_status":"open","ping_status":"closed","template":"","meta":{"_kad_post_transparent":"","_kad_post_title":"","_kad_post_layout":"","_kad_post_sidebar_id":"","_kad_post_content_style":"","_kad_post_vertical_padding":"","_kad_post_feature":"","_kad_post_feature_position":"","_kad_post_header":false,"_kad_post_footer":false,"_kad_post_classname":""},"product_brand":[],"product_cat":[14911],"product_tag":[],"class_list":{"0":"post-119953","1":"product","2":"type-product","3":"status-publish","4":"has-post-thumbnail","6":"product_cat-kablosuz-hoparlor-kablosuz-hoparlor","8":"first","9":"instock","10":"purchasable","11":"product-type-simple","12":"entry","13":"content-bg","14":"loop-entry"},"_links":{"self":[{"href":"https:\/\/www.hediyepazar.com\/index.php?rest_route=\/wp\/v2\/product\/119953","targetHints":{"allow":["GET"]}}],"collection":[{"href":"https:\/\/www.hediyepazar.com\/index.php?rest_route=\/wp\/v2\/product"}],"about":[{"href":"https:\/\/www.hediyepazar.com\/index.php?rest_route=\/wp\/v2\/types\/product"}],"replies":[{"embeddable":true,"href":"https:\/\/www.hediyepazar.com\/index.php?rest_route=%2Fwp%2Fv2%2Fcomments&post=119953"}],"wp:featuredmedia":[{"embeddable":true,"href":"https:\/\/www.hediyepazar.com\/index.php?rest_route=\/wp\/v2\/media\/119952"}],"wp:attachment":[{"href":"https:\/\/www.hediyepazar.com\/index.php?rest_route=%2Fwp%2Fv2%2Fmedia&parent=119953"}],"wp:term":[{"taxonomy":"product_brand","embeddable":true,"href":"https:\/\/www.hediyepazar.com\/index.php?rest_route=%2Fwp%2Fv2%2Fproduct_brand&post=119953"},{"taxonomy":"product_cat","embeddable":true,"href":"https:\/\/www.hediyepazar.com\/index.php?rest_route=%2Fwp%2Fv2%2Fproduct_cat&post=119953"},{"taxonomy":"product_tag","embeddable":true,"href":"https:\/\/www.hediyepazar.com\/index.php?rest_route=%2Fwp%2Fv2%2Fproduct_tag&post=119953"}],"curies":[{"name":"wp","href":"https:\/\/api.w.org\/{rel}","templated":true}]}}