{"id":119955,"date":"2026-05-06T02:34:28","date_gmt":"2026-05-06T05:34:28","guid":{"rendered":"https:\/\/www.hediyepazar.com\/?product=dinozor-yumurta-gece-lambasi-projektor-14-renk-secenegi"},"modified":"2026-05-06T02:34:28","modified_gmt":"2026-05-06T05:34:28","slug":"dinozor-yumurta-gece-lambasi-projektor-14-renk-secenegi","status":"publish","type":"product","link":"https:\/\/www.hediyepazar.com\/?product=dinozor-yumurta-gece-lambasi-projektor-14-renk-secenegi","title":{"rendered":"Dinozor Yumurta Gece Lambas\u0131 Projekt\u00f6r \u2013 14 Renk Se\u00e7ene\u011fi"},"content":{"rendered":"<p>Odan\u0131z\u0131 bir galaksiye d\u00f6n\u00fc\u015ft\u00fcrmeye haz\u0131r olun! Bu benzersiz dinozor yumurta gece lambas\u0131 projekt\u00f6r\u00fc, 14 farkl\u0131 renk se\u00e7ene\u011fiyle duvarlar\u0131n\u0131za ve tavan\u0131n\u0131za b\u00fcy\u00fcleyici bir y\u0131ld\u0131zl\u0131 g\u00f6ky\u00fcz\u00fc atmosferi yans\u0131t\u0131yor. Y\u00fcksek \u00e7\u00f6z\u00fcn\u00fcrl\u00fckl\u00fc projeksiyon teknolojisi sayesinde nebula ve y\u0131ld\u0131z \u0131\u015f\u0131klar\u0131, odan\u0131z\u0131n her k\u00f6\u015fesine net ve canl\u0131 \u015fekilde yans\u0131r.\u00a0modlar\u0131 ile ak\u0131c\u0131 renk ge\u00e7i\u015fleri, rahatlat\u0131c\u0131 bir atmosfer yarat\u0131r. Dilerseniz sabit bir renk se\u00e7ebilir veya \u00e7ok renkli ge\u00e7i\u015f modlar\u0131n\u0131 etkinle\u015ftirerek galaksi g\u00f6r\u00fcn\u00fcm\u00fcn\u00fc ki\u015fiselle\u015ftirebilirsiniz. 4 farkl\u0131 h\u0131z ve parlakl\u0131k ayar\u0131, her ortam ve ruh haline uygun bir ayd\u0131nlatma sunar.\u00c7ocuklar i\u00e7in b\u00fcy\u00fcleyici, yeti\u015fkinler i\u00e7in rahatlat\u0131c\u0131 bir deneyim sa\u011flar. \u00d6zellikle yatak odas\u0131, oturma odas\u0131, bebek odas\u0131 veya \u00e7al\u0131\u015fma alanlar\u0131nda huzurlu bir ambiyans olu\u015fturur.Dinozor yumurtas\u0131 \u015feklindeki tasar\u0131m\u0131, dekoratif bir obje olarak da dikkat \u00e7eker; \u00e7ocuklar i\u00e7in hem e\u011flenceli hem de g\u00fcvenli bir gece lambas\u0131d\u0131r.Enerji tasarruflu LED sistemiyle uzun \u00f6m\u00fcrl\u00fc kullan\u0131m sa\u011flar. USB ba\u011flant\u0131s\u0131 sayesinde kolayca \u015farj edilir veya adapt\u00f6rle \u00e7al\u0131\u015ft\u0131r\u0131labilir.I\u015f\u0131k terapisi etkisiyle stresi azalt\u0131r, uyku \u00f6ncesi rahatlama sa\u011flar ve yarat\u0131c\u0131 bir atmosfer olu\u015fturur.K\u0131sacas\u0131, bu projekt\u00f6r yaln\u0131zca bir lamba de\u011fil; sizi galaksinin kalbine ta\u015f\u0131yan bir \u0131\u015f\u0131k deneyimidir!&nbsp;&nbsp;&nbsp;&nbsp;&nbsp;&nbsp;&nbsp;<\/p>\n","protected":false},"excerpt":{"rendered":"<p>Odan\u0131z\u0131 bir galaksiye d\u00f6n\u00fc\u015ft\u00fcrmeye haz\u0131r olun! Bu benzersiz dinozor yumurta gece lambas\u0131 projekt\u00f6r\u00fc, 14 farkl\u0131 renk se\u00e7ene\u011fiyle duvarlar\u0131n\u0131za ve tavan\u0131n\u0131za b\u00fcy\u00fcleyici bir y\u0131ld\u0131zl\u0131 g\u00f6ky\u00fcz\u00fc atmosferi yans\u0131t\u0131yor. Y\u00fcksek \u00e7\u00f6z\u00fcn\u00fcrl\u00fckl\u00fc projeksiyon teknolojisi sayesinde nebula ve y\u0131ld\u0131z \u0131\u015f\u0131klar\u0131, odan\u0131z\u0131n her k\u00f6\u015fesine net ve canl\u0131 \u015fekilde yans\u0131r.\u00a0modlar\u0131 ile ak\u0131c\u0131 renk ge\u00e7i\u015fleri, rahatlat\u0131c\u0131 bir atmosfer yarat\u0131r. Dilerseniz sabit bir renk&#8230;<\/p>\n","protected":false},"featured_media":119954,"comment_status":"open","ping_status":"closed","template":"","meta":{"_kad_post_transparent":"","_kad_post_title":"","_kad_post_layout":"","_kad_post_sidebar_id":"","_kad_post_content_style":"","_kad_post_vertical_padding":"","_kad_post_feature":"","_kad_post_feature_position":"","_kad_post_header":false,"_kad_post_footer":false,"_kad_post_classname":""},"product_brand":[],"product_cat":[14911],"product_tag":[],"class_list":{"0":"post-119955","1":"product","2":"type-product","3":"status-publish","4":"has-post-thumbnail","6":"product_cat-kablosuz-hoparlor-kablosuz-hoparlor","8":"first","9":"instock","10":"purchasable","11":"product-type-simple","12":"entry","13":"content-bg","14":"loop-entry"},"_links":{"self":[{"href":"https:\/\/www.hediyepazar.com\/index.php?rest_route=\/wp\/v2\/product\/119955","targetHints":{"allow":["GET"]}}],"collection":[{"href":"https:\/\/www.hediyepazar.com\/index.php?rest_route=\/wp\/v2\/product"}],"about":[{"href":"https:\/\/www.hediyepazar.com\/index.php?rest_route=\/wp\/v2\/types\/product"}],"replies":[{"embeddable":true,"href":"https:\/\/www.hediyepazar.com\/index.php?rest_route=%2Fwp%2Fv2%2Fcomments&post=119955"}],"wp:featuredmedia":[{"embeddable":true,"href":"https:\/\/www.hediyepazar.com\/index.php?rest_route=\/wp\/v2\/media\/119954"}],"wp:attachment":[{"href":"https:\/\/www.hediyepazar.com\/index.php?rest_route=%2Fwp%2Fv2%2Fmedia&parent=119955"}],"wp:term":[{"taxonomy":"product_brand","embeddable":true,"href":"https:\/\/www.hediyepazar.com\/index.php?rest_route=%2Fwp%2Fv2%2Fproduct_brand&post=119955"},{"taxonomy":"product_cat","embeddable":true,"href":"https:\/\/www.hediyepazar.com\/index.php?rest_route=%2Fwp%2Fv2%2Fproduct_cat&post=119955"},{"taxonomy":"product_tag","embeddable":true,"href":"https:\/\/www.hediyepazar.com\/index.php?rest_route=%2Fwp%2Fv2%2Fproduct_tag&post=119955"}],"curies":[{"name":"wp","href":"https:\/\/api.w.org\/{rel}","templated":true}]}}