{"id":119961,"date":"2026-05-06T02:34:45","date_gmt":"2026-05-06T05:34:45","guid":{"rendered":"https:\/\/www.hediyepazar.com\/?product=bluetooth-5-0-oyun-ve-muzik-kulakligi-3d-ses-kalitesi"},"modified":"2026-05-06T02:34:45","modified_gmt":"2026-05-06T05:34:45","slug":"bluetooth-5-0-oyun-ve-muzik-kulakligi-3d-ses-kalitesi","status":"publish","type":"product","link":"https:\/\/www.hediyepazar.com\/?product=bluetooth-5-0-oyun-ve-muzik-kulakligi-3d-ses-kalitesi","title":{"rendered":"Bluetooth 5.0 Oyun ve M\u00fczik Kulakl\u0131\u011f\u0131 \u2013 3D Ses Kalitesi"},"content":{"rendered":"<p>M\u00fczik ve oyun tutkunlar\u0131 i\u00e7in tasarlanan bu geli\u015fmi\u015f Bluetooth kulakl\u0131k, y\u00fcksek ses kalitesi ve ergonomik yap\u0131s\u0131yla \u00fcst d\u00fczey bir deneyim sunar. Bluetooth 5.0 teknolojisi, daha h\u0131zl\u0131 ve kararl\u0131 ba\u011flant\u0131 sa\u011flar; oyunlarda gecikmesiz ses aktar\u0131m\u0131yla ger\u00e7ek zamanl\u0131 performans elde etmenizi m\u00fcmk\u00fcn k\u0131lar.Dokunmatik kontrol paneli, telefonunuzu elinize almadan m\u00fczik \u00e7alma, durdurma, ses ayarlama veya \u00e7a\u011fr\u0131lara yan\u0131t verme i\u015flemlerini kolayca ger\u00e7ekle\u015ftirmenizi sa\u011flar. \u00d6zellikle cep telefonu oyuncular\u0131 i\u00e7in optimize edilen sistem, oyunlarda sesli komutlar\u0131 net bi\u00e7imde alg\u0131lar.S\u00fcper 3D ses teknolojisi, derin baslar ve net tizlerle \u00e7evresel ses etkisi yarat\u0131r; ister oyun oynay\u0131n ister m\u00fczik dinleyin, kendinizi sahnenin i\u00e7inde hissedersiniz.Uzun pil \u00f6mr\u00fc, bu modelin en b\u00fcy\u00fck avantajlar\u0131ndan biridir. Tek \u015farjla 4-5 saate kadar kesintisiz kullan\u0131m sunarken, 400 mAh kapasiteli \u015farj kutusu kulakl\u0131klar\u0131 birka\u00e7 kez yeniden \u015farj etme imk\u00e2n\u0131 tan\u0131r. Sadece 45 dakikal\u0131k h\u0131zl\u0131 \u015farj s\u00fcresiyle k\u0131sa zamanda yeniden kullan\u0131ma haz\u0131r hale gelir.Aktif G\u00fcr\u00fclt\u00fc \u00d6nleme (ANC) \u00f6zelli\u011fi, d\u0131\u015f sesleri etkili bi\u00e7imde izole eder. IPX5 suya dayan\u0131kl\u0131 tasar\u0131m, spor ve egzersiz s\u0131ras\u0131nda g\u00fcvenli kullan\u0131m sa\u011flar. Yumu\u015fak silikon kulak t\u0131ka\u00e7lar\u0131, konforlu oturu\u015fu ile uzun s\u00fcreli dinlemelerde bile rahatl\u0131k sunar.Bu kulakl\u0131k, hem oyun hem m\u00fczik deneyimini bir arada isteyen kullan\u0131c\u0131lar i\u00e7in m\u00fckemmel bir tercihtir.<\/p>\n","protected":false},"excerpt":{"rendered":"<p>M\u00fczik ve oyun tutkunlar\u0131 i\u00e7in tasarlanan bu geli\u015fmi\u015f Bluetooth kulakl\u0131k, y\u00fcksek ses kalitesi ve ergonomik yap\u0131s\u0131yla \u00fcst d\u00fczey bir deneyim sunar. Bluetooth 5.0 teknolojisi, daha h\u0131zl\u0131 ve kararl\u0131 ba\u011flant\u0131 sa\u011flar; oyunlarda gecikmesiz ses aktar\u0131m\u0131yla ger\u00e7ek zamanl\u0131 performans elde etmenizi m\u00fcmk\u00fcn k\u0131lar.Dokunmatik kontrol paneli, telefonunuzu elinize almadan m\u00fczik \u00e7alma, durdurma, ses ayarlama veya \u00e7a\u011fr\u0131lara yan\u0131t verme&#8230;<\/p>\n","protected":false},"featured_media":119960,"comment_status":"open","ping_status":"closed","template":"","meta":{"_kad_post_transparent":"","_kad_post_title":"","_kad_post_layout":"","_kad_post_sidebar_id":"","_kad_post_content_style":"","_kad_post_vertical_padding":"","_kad_post_feature":"","_kad_post_feature_position":"","_kad_post_header":false,"_kad_post_footer":false,"_kad_post_classname":""},"product_brand":[],"product_cat":[14957],"product_tag":[],"class_list":{"0":"post-119961","1":"product","2":"type-product","3":"status-publish","4":"has-post-thumbnail","6":"product_cat-kablosuz-kulaklik-kablosuz-kulaklik","8":"first","9":"instock","10":"purchasable","11":"product-type-simple","12":"entry","13":"content-bg","14":"loop-entry"},"_links":{"self":[{"href":"https:\/\/www.hediyepazar.com\/index.php?rest_route=\/wp\/v2\/product\/119961","targetHints":{"allow":["GET"]}}],"collection":[{"href":"https:\/\/www.hediyepazar.com\/index.php?rest_route=\/wp\/v2\/product"}],"about":[{"href":"https:\/\/www.hediyepazar.com\/index.php?rest_route=\/wp\/v2\/types\/product"}],"replies":[{"embeddable":true,"href":"https:\/\/www.hediyepazar.com\/index.php?rest_route=%2Fwp%2Fv2%2Fcomments&post=119961"}],"wp:featuredmedia":[{"embeddable":true,"href":"https:\/\/www.hediyepazar.com\/index.php?rest_route=\/wp\/v2\/media\/119960"}],"wp:attachment":[{"href":"https:\/\/www.hediyepazar.com\/index.php?rest_route=%2Fwp%2Fv2%2Fmedia&parent=119961"}],"wp:term":[{"taxonomy":"product_brand","embeddable":true,"href":"https:\/\/www.hediyepazar.com\/index.php?rest_route=%2Fwp%2Fv2%2Fproduct_brand&post=119961"},{"taxonomy":"product_cat","embeddable":true,"href":"https:\/\/www.hediyepazar.com\/index.php?rest_route=%2Fwp%2Fv2%2Fproduct_cat&post=119961"},{"taxonomy":"product_tag","embeddable":true,"href":"https:\/\/www.hediyepazar.com\/index.php?rest_route=%2Fwp%2Fv2%2Fproduct_tag&post=119961"}],"curies":[{"name":"wp","href":"https:\/\/api.w.org\/{rel}","templated":true}]}}