{"id":119973,"date":"2026-05-06T02:36:56","date_gmt":"2026-05-06T05:36:56","guid":{"rendered":"https:\/\/www.hediyepazar.com\/?product=dereceli-seramik-sac-duzlestirici-5-isi-seviyesi-200c-maksimum-sicaklik"},"modified":"2026-05-06T02:36:56","modified_gmt":"2026-05-06T05:36:56","slug":"dereceli-seramik-sac-duzlestirici-5-isi-seviyesi-200c-maksimum-sicaklik","status":"publish","type":"product","link":"https:\/\/www.hediyepazar.com\/?product=dereceli-seramik-sac-duzlestirici-5-isi-seviyesi-200c-maksimum-sicaklik","title":{"rendered":"Dereceli Seramik Sa\u00e7 D\u00fczle\u015ftirici \u2013 5 Is\u0131 Seviyesi 200\u00b0C Maksimum S\u0131cakl\u0131k"},"content":{"rendered":"<p>Sa\u00e7 \u015fekillendirmede profesyonel sonu\u00e7lar elde etmek art\u0131k \u00e7ok kolay! Bu 5 kademeli dereceli sa\u00e7 d\u00fczle\u015ftirici, her sa\u00e7 tipi i\u00e7in \u00f6zel s\u0131cakl\u0131k ayar\u0131 sunarak ki\u015fisel bak\u0131m rutininizi m\u00fckemmelle\u015ftirir. Seramik kaplama plakalar\u0131, \u0131s\u0131y\u0131 e\u015fit \u015fekilde da\u011f\u0131tarak sa\u00e7\u0131n zarar g\u00f6rmesini engeller ve p\u00fcr\u00fczs\u00fcz, parlak bir g\u00f6r\u00fcn\u00fcm kazand\u0131r\u0131r.Maksimum 200\u00b0C s\u0131cakl\u0131k, kal\u0131n telli sa\u00e7lar i\u00e7in g\u00fc\u00e7l\u00fc bir d\u00fczle\u015ftirme performans\u0131 sunarken; minimum 120\u00b0C s\u0131cakl\u0131k, ince telli veya boyal\u0131 sa\u00e7larda y\u0131pranmay\u0131 \u00f6nler. 5 farkl\u0131 s\u0131cakl\u0131k seviyesi, her sa\u00e7 tipi i\u00e7in ideal \u0131s\u0131y\u0131 bulman\u0131z\u0131 sa\u011flar.Bu cihaz yaln\u0131zca bir d\u00fczle\u015ftirici de\u011fil \u2014 ayn\u0131 zamanda ma\u015fa olarak da kullan\u0131labilir! 26 mm \u00e7ap\u0131ndaki yuvarlak g\u00f6vde, do\u011fal dalgalar ve k\u0131v\u0131rc\u0131k stiller olu\u015fturmak i\u00e7in idealdir. Kilit tu\u015fu sayesinde d\u00fczle\u015ftirici ve ma\u015fa modlar\u0131 aras\u0131nda saniyeler i\u00e7inde ge\u00e7i\u015f yapabilirsiniz.Renkli ve modern tasar\u0131m\u0131, sa\u00e7 bak\u0131m\u0131na \u015f\u0131kl\u0131k katarken; d\u00f6ner kablo ucu ve hafif ergonomik yap\u0131s\u0131 uzun s\u00fcreli kullan\u0131mlarda bile konfor sa\u011flar.\u0130ster g\u00fcnl\u00fck d\u00fcz sa\u00e7 g\u00f6r\u00fcn\u00fcm\u00fc, ister \u00f6zel g\u00fcnlerde hacimli dalgalar\u2026 Bu \u00e7ok y\u00f6nl\u00fc sa\u00e7 \u015fekillendirici ile stiliniz her zaman kusursuz!<\/p>\n","protected":false},"excerpt":{"rendered":"<p>Sa\u00e7 \u015fekillendirmede profesyonel sonu\u00e7lar elde etmek art\u0131k \u00e7ok kolay! Bu 5 kademeli dereceli sa\u00e7 d\u00fczle\u015ftirici, her sa\u00e7 tipi i\u00e7in \u00f6zel s\u0131cakl\u0131k ayar\u0131 sunarak ki\u015fisel bak\u0131m rutininizi m\u00fckemmelle\u015ftirir. Seramik kaplama plakalar\u0131, \u0131s\u0131y\u0131 e\u015fit \u015fekilde da\u011f\u0131tarak sa\u00e7\u0131n zarar g\u00f6rmesini engeller ve p\u00fcr\u00fczs\u00fcz, parlak bir g\u00f6r\u00fcn\u00fcm kazand\u0131r\u0131r.Maksimum 200\u00b0C s\u0131cakl\u0131k, kal\u0131n telli sa\u00e7lar i\u00e7in g\u00fc\u00e7l\u00fc bir d\u00fczle\u015ftirme performans\u0131 sunarken;&#8230;<\/p>\n","protected":false},"featured_media":119972,"comment_status":"open","ping_status":"closed","template":"","meta":{"_kad_post_transparent":"","_kad_post_title":"","_kad_post_layout":"","_kad_post_sidebar_id":"","_kad_post_content_style":"","_kad_post_vertical_padding":"","_kad_post_feature":"","_kad_post_feature_position":"","_kad_post_header":false,"_kad_post_footer":false,"_kad_post_classname":""},"product_brand":[],"product_cat":[14907],"product_tag":[],"class_list":{"0":"post-119973","1":"product","2":"type-product","3":"status-publish","4":"has-post-thumbnail","6":"product_cat-sac-masasi-sac-masasi","8":"first","9":"instock","10":"purchasable","11":"product-type-simple","12":"entry","13":"content-bg","14":"loop-entry"},"_links":{"self":[{"href":"https:\/\/www.hediyepazar.com\/index.php?rest_route=\/wp\/v2\/product\/119973","targetHints":{"allow":["GET"]}}],"collection":[{"href":"https:\/\/www.hediyepazar.com\/index.php?rest_route=\/wp\/v2\/product"}],"about":[{"href":"https:\/\/www.hediyepazar.com\/index.php?rest_route=\/wp\/v2\/types\/product"}],"replies":[{"embeddable":true,"href":"https:\/\/www.hediyepazar.com\/index.php?rest_route=%2Fwp%2Fv2%2Fcomments&post=119973"}],"wp:featuredmedia":[{"embeddable":true,"href":"https:\/\/www.hediyepazar.com\/index.php?rest_route=\/wp\/v2\/media\/119972"}],"wp:attachment":[{"href":"https:\/\/www.hediyepazar.com\/index.php?rest_route=%2Fwp%2Fv2%2Fmedia&parent=119973"}],"wp:term":[{"taxonomy":"product_brand","embeddable":true,"href":"https:\/\/www.hediyepazar.com\/index.php?rest_route=%2Fwp%2Fv2%2Fproduct_brand&post=119973"},{"taxonomy":"product_cat","embeddable":true,"href":"https:\/\/www.hediyepazar.com\/index.php?rest_route=%2Fwp%2Fv2%2Fproduct_cat&post=119973"},{"taxonomy":"product_tag","embeddable":true,"href":"https:\/\/www.hediyepazar.com\/index.php?rest_route=%2Fwp%2Fv2%2Fproduct_tag&post=119973"}],"curies":[{"name":"wp","href":"https:\/\/api.w.org\/{rel}","templated":true}]}}