{"id":119979,"date":"2026-05-06T02:37:12","date_gmt":"2026-05-06T05:37:12","guid":{"rendered":"https:\/\/www.hediyepazar.com\/?product=sarjli-led-lamba-dokunmatik-sensorlu-3-kademeli-parlaklik"},"modified":"2026-05-06T02:37:12","modified_gmt":"2026-05-06T05:37:12","slug":"sarjli-led-lamba-dokunmatik-sensorlu-3-kademeli-parlaklik","status":"publish","type":"product","link":"https:\/\/www.hediyepazar.com\/?product=sarjli-led-lamba-dokunmatik-sensorlu-3-kademeli-parlaklik","title":{"rendered":"\u015earjl\u0131 LED Lamba \u2013 Dokunmatik Sens\u00f6rl\u00fc 3 Kademeli Parlakl\u0131k"},"content":{"rendered":"<p>Geli\u015fmi\u015f dokunmatik sens\u00f6r teknolojisiyle donat\u0131lm\u0131\u015f bu LED lamba, modern ya\u015fam alanlar\u0131 i\u00e7in \u015f\u0131kl\u0131\u011f\u0131 ve i\u015flevselli\u011fi bir araya getirir. Tek bir dokunu\u015fla lambay\u0131 kolayca a\u00e7abilir, kapatabilir veya \u00fc\u00e7 farkl\u0131 ayd\u0131nlatma modu aras\u0131nda ge\u00e7i\u015f yapabilirsiniz. D\u00fc\u015f\u00fck, orta ve y\u00fcksek parlakl\u0131k seviyeleri, farkl\u0131 ortamlara ve ihtiya\u00e7lara g\u00f6re optimum ayd\u0131nlatma sa\u011flar. Okuma, dinlenme ya da \u00e7al\u0131\u015fma gibi durumlarda \u0131\u015f\u0131\u011f\u0131n g\u00fcc\u00fcn\u00fc kendi konforunuza g\u00f6re ayarlayabilirsiniz.Bu lamba, g\u00f6z yorgunlu\u011funu azaltan yumu\u015fak \u0131\u015f\u0131k teknolojisiyle uzun s\u00fcreli kullan\u0131mlarda bile konforlu bir deneyim sunar. Geli\u015fmi\u015f LED \u00e7ipi sayesinde do\u011fal beyaz \u0131\u015f\u0131k \u00fcretir; bu da hem enerji tasarrufu sa\u011flar hem de klasik ampullere g\u00f6re daha uzun \u00f6m\u00fcrl\u00fc bir kullan\u0131m sunar.Kompakt ve zarif tasar\u0131m\u0131, her t\u00fcrl\u00fc i\u00e7 mek\u00e2n dekoruna uyum sa\u011flar. Ofis masas\u0131nda, yatak ba\u015fucunda, \u00e7ocuk odas\u0131nda veya \u00e7al\u0131\u015fma alanlar\u0131nda kullanmak i\u00e7in idealdir. Ayr\u0131ca d\u00fc\u015f\u00fck enerji t\u00fcketimiyle \u00e7evre dostu bir ayd\u0131nlatma \u00e7\u00f6z\u00fcm\u00fc sunar.USB \u00fczerinden \u015farj edilebilmesi, kablo karma\u015fas\u0131ndan kurtulman\u0131z\u0131 sa\u011flar ve ta\u015f\u0131nabilir yap\u0131s\u0131 sayesinde diledi\u011finiz her yere rahatl\u0131kla g\u00f6t\u00fcrebilirsiniz.Y\u00fcksek kaliteli malzemesi, dayan\u0131kl\u0131l\u0131\u011f\u0131 ve sade tasar\u0131m\u0131yla bu LED lamba, yaln\u0131zca bir ayd\u0131nlatma arac\u0131 de\u011fil; ayn\u0131 zamanda ya\u015fam alan\u0131n\u0131za estetik bir dokunu\u015f katar. Enerji verimlili\u011fi, uzun \u00f6m\u00fcr ve dokunmatik hassasiyet bir araya gelerek, modern evlerin vazge\u00e7ilmez ayd\u0131nlatma \u00e7\u00f6z\u00fcm\u00fcn\u00fc olu\u015fturur.<\/p>\n","protected":false},"excerpt":{"rendered":"<p>Geli\u015fmi\u015f dokunmatik sens\u00f6r teknolojisiyle donat\u0131lm\u0131\u015f bu LED lamba, modern ya\u015fam alanlar\u0131 i\u00e7in \u015f\u0131kl\u0131\u011f\u0131 ve i\u015flevselli\u011fi bir araya getirir. Tek bir dokunu\u015fla lambay\u0131 kolayca a\u00e7abilir, kapatabilir veya \u00fc\u00e7 farkl\u0131 ayd\u0131nlatma modu aras\u0131nda ge\u00e7i\u015f yapabilirsiniz. D\u00fc\u015f\u00fck, orta ve y\u00fcksek parlakl\u0131k seviyeleri, farkl\u0131 ortamlara ve ihtiya\u00e7lara g\u00f6re optimum ayd\u0131nlatma sa\u011flar. Okuma, dinlenme ya da \u00e7al\u0131\u015fma gibi durumlarda \u0131\u015f\u0131\u011f\u0131n&#8230;<\/p>\n","protected":false},"featured_media":119978,"comment_status":"open","ping_status":"closed","template":"","meta":{"_kad_post_transparent":"","_kad_post_title":"","_kad_post_layout":"","_kad_post_sidebar_id":"","_kad_post_content_style":"","_kad_post_vertical_padding":"","_kad_post_feature":"","_kad_post_feature_position":"","_kad_post_header":false,"_kad_post_footer":false,"_kad_post_classname":""},"product_brand":[],"product_cat":[14977],"product_tag":[],"class_list":{"0":"post-119979","1":"product","2":"type-product","3":"status-publish","4":"has-post-thumbnail","6":"product_cat-kamp-lambasi-kamp-lambasi","8":"first","9":"instock","10":"purchasable","11":"product-type-simple","12":"entry","13":"content-bg","14":"loop-entry"},"_links":{"self":[{"href":"https:\/\/www.hediyepazar.com\/index.php?rest_route=\/wp\/v2\/product\/119979","targetHints":{"allow":["GET"]}}],"collection":[{"href":"https:\/\/www.hediyepazar.com\/index.php?rest_route=\/wp\/v2\/product"}],"about":[{"href":"https:\/\/www.hediyepazar.com\/index.php?rest_route=\/wp\/v2\/types\/product"}],"replies":[{"embeddable":true,"href":"https:\/\/www.hediyepazar.com\/index.php?rest_route=%2Fwp%2Fv2%2Fcomments&post=119979"}],"wp:featuredmedia":[{"embeddable":true,"href":"https:\/\/www.hediyepazar.com\/index.php?rest_route=\/wp\/v2\/media\/119978"}],"wp:attachment":[{"href":"https:\/\/www.hediyepazar.com\/index.php?rest_route=%2Fwp%2Fv2%2Fmedia&parent=119979"}],"wp:term":[{"taxonomy":"product_brand","embeddable":true,"href":"https:\/\/www.hediyepazar.com\/index.php?rest_route=%2Fwp%2Fv2%2Fproduct_brand&post=119979"},{"taxonomy":"product_cat","embeddable":true,"href":"https:\/\/www.hediyepazar.com\/index.php?rest_route=%2Fwp%2Fv2%2Fproduct_cat&post=119979"},{"taxonomy":"product_tag","embeddable":true,"href":"https:\/\/www.hediyepazar.com\/index.php?rest_route=%2Fwp%2Fv2%2Fproduct_tag&post=119979"}],"curies":[{"name":"wp","href":"https:\/\/api.w.org\/{rel}","templated":true}]}}