{"id":120001,"date":"2026-05-06T02:39:21","date_gmt":"2026-05-06T05:39:21","guid":{"rendered":"https:\/\/www.hediyepazar.com\/?product=bluetooth-selfie-cubugu-kablosuz-hafif-ve-yuksek-cozunurluklu-cekim-icin"},"modified":"2026-05-06T02:39:21","modified_gmt":"2026-05-06T05:39:21","slug":"bluetooth-selfie-cubugu-kablosuz-hafif-ve-yuksek-cozunurluklu-cekim-icin","status":"publish","type":"product","link":"https:\/\/www.hediyepazar.com\/?product=bluetooth-selfie-cubugu-kablosuz-hafif-ve-yuksek-cozunurluklu-cekim-icin","title":{"rendered":"Bluetooth Selfie \u00c7ubu\u011fu \u2013 Kablosuz Hafif ve Y\u00fcksek \u00c7\u00f6z\u00fcn\u00fcrl\u00fckl\u00fc \u00c7ekim \u0130\u00e7in"},"content":{"rendered":"<p>Kusursuz selfie\u2019lerin s\u0131rr\u0131 burada! Bu 360\u00b0 d\u00f6nebilen Bluetooth selfie \u00e7ubu\u011fu, kablosuz ba\u011flant\u0131 teknolojisiyle telefonunuza saniyeler i\u00e7inde ba\u011flanarak \u00e7ekimlerinizi kolayla\u015ft\u0131r\u0131r. Geli\u015fmi\u015f Bluetooth sistemi, kesintisiz ba\u011flant\u0131 sa\u011flar ve her kareyi an\u0131nda yakalaman\u0131za yard\u0131mc\u0131 olur.360 derece d\u00f6nebilen ba\u015fl\u0131k, yarat\u0131c\u0131l\u0131\u011f\u0131n\u0131z\u0131 \u00f6zg\u00fcrce ifade etmenize olanak tan\u0131r. Dikey ya da yatay mod fark etmeksizin en iyi a\u00e7\u0131y\u0131 bulabilir, manzara, portre veya grup \u00e7ekimlerinde m\u00fckemmel sonu\u00e7lar alabilirsiniz.Hafif, ergonomik ve ta\u015f\u0131nabilir yap\u0131s\u0131 sayesinde seyahatlerde, tatillerde veya g\u00fcnl\u00fck ya\u015famda yan\u0131n\u0131zdan ay\u0131rmak istemeyece\u011finiz bir ekipmand\u0131r. Kaymaz tutu\u015f y\u00fczeyi, uzun \u00e7ekimlerde bile stabil kullan\u0131m sunar.Telefonunuzu g\u00fcvenle sabitleyen g\u00fc\u00e7l\u00fc mandal sistemi, cihaz\u0131n\u0131z\u0131n d\u00fc\u015fmesini engeller. Uzat\u0131labilir teleskopik kolu sayesinde uzak a\u00e7\u0131lardan \u00e7ekim yapabilir, geni\u015f kadrajl\u0131 foto\u011fraflar olu\u015fturabilirsiniz.Profesyonel kalitede selfie\u2019ler, videolar ve sosyal medya i\u00e7erikleri olu\u015fturmak isteyen herkes i\u00e7in m\u00fckemmel bir se\u00e7im!<\/p>\n","protected":false},"excerpt":{"rendered":"<p>Kusursuz selfie\u2019lerin s\u0131rr\u0131 burada! Bu 360\u00b0 d\u00f6nebilen Bluetooth selfie \u00e7ubu\u011fu, kablosuz ba\u011flant\u0131 teknolojisiyle telefonunuza saniyeler i\u00e7inde ba\u011flanarak \u00e7ekimlerinizi kolayla\u015ft\u0131r\u0131r. Geli\u015fmi\u015f Bluetooth sistemi, kesintisiz ba\u011flant\u0131 sa\u011flar ve her kareyi an\u0131nda yakalaman\u0131za yard\u0131mc\u0131 olur.360 derece d\u00f6nebilen ba\u015fl\u0131k, yarat\u0131c\u0131l\u0131\u011f\u0131n\u0131z\u0131 \u00f6zg\u00fcrce ifade etmenize olanak tan\u0131r. Dikey ya da yatay mod fark etmeksizin en iyi a\u00e7\u0131y\u0131 bulabilir, manzara, portre veya&#8230;<\/p>\n","protected":false},"featured_media":120000,"comment_status":"open","ping_status":"closed","template":"","meta":{"_kad_post_transparent":"","_kad_post_title":"","_kad_post_layout":"","_kad_post_sidebar_id":"","_kad_post_content_style":"","_kad_post_vertical_padding":"","_kad_post_feature":"","_kad_post_feature_position":"","_kad_post_header":false,"_kad_post_footer":false,"_kad_post_classname":""},"product_brand":[],"product_cat":[15008],"product_tag":[],"class_list":{"0":"post-120001","1":"product","2":"type-product","3":"status-publish","4":"has-post-thumbnail","6":"product_cat-selfie-cubugu-selfie-cubugu-2","8":"first","9":"instock","10":"purchasable","11":"product-type-simple","12":"entry","13":"content-bg","14":"loop-entry"},"_links":{"self":[{"href":"https:\/\/www.hediyepazar.com\/index.php?rest_route=\/wp\/v2\/product\/120001","targetHints":{"allow":["GET"]}}],"collection":[{"href":"https:\/\/www.hediyepazar.com\/index.php?rest_route=\/wp\/v2\/product"}],"about":[{"href":"https:\/\/www.hediyepazar.com\/index.php?rest_route=\/wp\/v2\/types\/product"}],"replies":[{"embeddable":true,"href":"https:\/\/www.hediyepazar.com\/index.php?rest_route=%2Fwp%2Fv2%2Fcomments&post=120001"}],"wp:featuredmedia":[{"embeddable":true,"href":"https:\/\/www.hediyepazar.com\/index.php?rest_route=\/wp\/v2\/media\/120000"}],"wp:attachment":[{"href":"https:\/\/www.hediyepazar.com\/index.php?rest_route=%2Fwp%2Fv2%2Fmedia&parent=120001"}],"wp:term":[{"taxonomy":"product_brand","embeddable":true,"href":"https:\/\/www.hediyepazar.com\/index.php?rest_route=%2Fwp%2Fv2%2Fproduct_brand&post=120001"},{"taxonomy":"product_cat","embeddable":true,"href":"https:\/\/www.hediyepazar.com\/index.php?rest_route=%2Fwp%2Fv2%2Fproduct_cat&post=120001"},{"taxonomy":"product_tag","embeddable":true,"href":"https:\/\/www.hediyepazar.com\/index.php?rest_route=%2Fwp%2Fv2%2Fproduct_tag&post=120001"}],"curies":[{"name":"wp","href":"https:\/\/api.w.org\/{rel}","templated":true}]}}