{"id":120009,"date":"2026-05-06T02:41:13","date_gmt":"2026-05-06T05:41:13","guid":{"rendered":"https:\/\/www.hediyepazar.com\/?product=uclu-sarj-kablosu-yuksek-hizli-dayanikli-ve-uzun-omurlu"},"modified":"2026-05-06T02:41:13","modified_gmt":"2026-05-06T05:41:13","slug":"uclu-sarj-kablosu-yuksek-hizli-dayanikli-ve-uzun-omurlu","status":"publish","type":"product","link":"https:\/\/www.hediyepazar.com\/?product=uclu-sarj-kablosu-yuksek-hizli-dayanikli-ve-uzun-omurlu","title":{"rendered":"\u00dc\u00c7L\u00dc \u015earj Kablosu \u2013 Y\u00fcksek H\u0131zl\u0131 Dayan\u0131kl\u0131 ve Uzun \u00d6m\u00fcrl\u00fc"},"content":{"rendered":"<p>Bu y\u00fcksek performansl\u0131 \u015farj kablosu, cihazlar\u0131n\u0131z\u0131 h\u0131zl\u0131 ve g\u00fcvenli bir \u015fekilde \u015farj etmeniz i\u00e7in \u00f6zel olarak tasarland\u0131. G\u00fc\u00e7l\u00fc iletken yap\u0131s\u0131 sayesinde enerji ak\u0131\u015f\u0131n\u0131 kararl\u0131 \u015fekilde sa\u011flar ve y\u00fcksek h\u0131zl\u0131 \u015farj \u00f6zelli\u011fiyle zamandan tasarruf etmenize yard\u0131mc\u0131 olur.Kablo u\u00e7lar\u0131 g\u00fc\u00e7lendirilmi\u015f yap\u0131ya sahiptir; b\u00fck\u00fclmelere, \u00e7ekilmelere ve yo\u011fun kullan\u0131ma kar\u015f\u0131 dayan\u0131kl\u0131d\u0131r. D\u0131\u015f kaplamas\u0131nda kullan\u0131lan esnek PVC malzeme, dola\u015fmay\u0131 \u00f6nleyerek uzun \u00f6m\u00fcrl\u00fc bir kullan\u0131m sunar. K\u0131r\u0131lma veya y\u0131pranma riskini minimize eden bu yap\u0131, hem evde hem i\u015fte g\u00fcvenli \u015farj imkan\u0131 tan\u0131r.Bu kablo, yaln\u0131zca \u015farj i\u00e7in de\u011fil, ayn\u0131 zamanda y\u00fcksek h\u0131zl\u0131 veri aktar\u0131m\u0131 i\u00e7in de kullan\u0131labilir. Telefon, tablet, powerbank, kulakl\u0131k gibi t\u00fcm USB destekli cihazlarla tam uyumludur. G\u00fc\u00e7l\u00fc ba\u011flant\u0131 u\u00e7lar\u0131 sayesinde her seferinde sabit bir ba\u011flant\u0131 sa\u011flar.Ak\u0131ll\u0131 \u00e7ip teknolojisiyle donat\u0131lan kablo, cihazlar\u0131n\u0131z\u0131 a\u015f\u0131r\u0131 ak\u0131m veya \u0131s\u0131nmaya kar\u015f\u0131 korur. Estetik ve minimalist tasar\u0131m\u0131, her ortamda uyum sa\u011flar. Kompakt boyutu sayesinde kolay ta\u015f\u0131n\u0131r ve \u00e7antan\u0131zda yer kaplamaz.Dayan\u0131kl\u0131, h\u0131zl\u0131 ve estetik bir kablo ar\u0131yorsan\u0131z; bu model, uzun \u00f6m\u00fcrl\u00fc performans\u0131yla m\u00fckemmel bir tercihtir.<\/p>\n","protected":false},"excerpt":{"rendered":"<p>Bu y\u00fcksek performansl\u0131 \u015farj kablosu, cihazlar\u0131n\u0131z\u0131 h\u0131zl\u0131 ve g\u00fcvenli bir \u015fekilde \u015farj etmeniz i\u00e7in \u00f6zel olarak tasarland\u0131. G\u00fc\u00e7l\u00fc iletken yap\u0131s\u0131 sayesinde enerji ak\u0131\u015f\u0131n\u0131 kararl\u0131 \u015fekilde sa\u011flar ve y\u00fcksek h\u0131zl\u0131 \u015farj \u00f6zelli\u011fiyle zamandan tasarruf etmenize yard\u0131mc\u0131 olur.Kablo u\u00e7lar\u0131 g\u00fc\u00e7lendirilmi\u015f yap\u0131ya sahiptir; b\u00fck\u00fclmelere, \u00e7ekilmelere ve yo\u011fun kullan\u0131ma kar\u015f\u0131 dayan\u0131kl\u0131d\u0131r. D\u0131\u015f kaplamas\u0131nda kullan\u0131lan esnek PVC malzeme, dola\u015fmay\u0131 \u00f6nleyerek&#8230;<\/p>\n","protected":false},"featured_media":120008,"comment_status":"open","ping_status":"closed","template":"","meta":{"_kad_post_transparent":"","_kad_post_title":"","_kad_post_layout":"","_kad_post_sidebar_id":"","_kad_post_content_style":"","_kad_post_vertical_padding":"","_kad_post_feature":"","_kad_post_feature_position":"","_kad_post_header":false,"_kad_post_footer":false,"_kad_post_classname":""},"product_brand":[],"product_cat":[14975],"product_tag":[],"class_list":{"0":"post-120009","1":"product","2":"type-product","3":"status-publish","4":"has-post-thumbnail","6":"product_cat-sarj-aletleri-sarj-aletleri","8":"first","9":"instock","10":"purchasable","11":"product-type-simple","12":"entry","13":"content-bg","14":"loop-entry"},"_links":{"self":[{"href":"https:\/\/www.hediyepazar.com\/index.php?rest_route=\/wp\/v2\/product\/120009","targetHints":{"allow":["GET"]}}],"collection":[{"href":"https:\/\/www.hediyepazar.com\/index.php?rest_route=\/wp\/v2\/product"}],"about":[{"href":"https:\/\/www.hediyepazar.com\/index.php?rest_route=\/wp\/v2\/types\/product"}],"replies":[{"embeddable":true,"href":"https:\/\/www.hediyepazar.com\/index.php?rest_route=%2Fwp%2Fv2%2Fcomments&post=120009"}],"wp:featuredmedia":[{"embeddable":true,"href":"https:\/\/www.hediyepazar.com\/index.php?rest_route=\/wp\/v2\/media\/120008"}],"wp:attachment":[{"href":"https:\/\/www.hediyepazar.com\/index.php?rest_route=%2Fwp%2Fv2%2Fmedia&parent=120009"}],"wp:term":[{"taxonomy":"product_brand","embeddable":true,"href":"https:\/\/www.hediyepazar.com\/index.php?rest_route=%2Fwp%2Fv2%2Fproduct_brand&post=120009"},{"taxonomy":"product_cat","embeddable":true,"href":"https:\/\/www.hediyepazar.com\/index.php?rest_route=%2Fwp%2Fv2%2Fproduct_cat&post=120009"},{"taxonomy":"product_tag","embeddable":true,"href":"https:\/\/www.hediyepazar.com\/index.php?rest_route=%2Fwp%2Fv2%2Fproduct_tag&post=120009"}],"curies":[{"name":"wp","href":"https:\/\/api.w.org\/{rel}","templated":true}]}}