{"id":120027,"date":"2026-05-06T02:42:15","date_gmt":"2026-05-06T05:42:15","guid":{"rendered":"https:\/\/www.hediyepazar.com\/?product=isi-ayarli-sac-duzlestirici-titanyum-seramik-plaka-dijital-ekran"},"modified":"2026-05-06T02:42:15","modified_gmt":"2026-05-06T05:42:15","slug":"isi-ayarli-sac-duzlestirici-titanyum-seramik-plaka-dijital-ekran","status":"publish","type":"product","link":"https:\/\/www.hediyepazar.com\/?product=isi-ayarli-sac-duzlestirici-titanyum-seramik-plaka-dijital-ekran","title":{"rendered":"Is\u0131 Ayarl\u0131 Sa\u00e7 D\u00fczle\u015ftirici Titanyum Seramik Plaka Dijital Ekran"},"content":{"rendered":"<p>Evde profesyonel d\u00fczeyde sa\u00e7 \u015fekillendirme deneyimi sunan Is\u0131 Ayarl\u0131 Sa\u00e7 D\u00fczle\u015ftirici, \u00fcst\u00fcn teknoloji ve y\u00fcksek \u0131s\u0131 performans\u0131n\u0131 bir araya getiriyor.Titanyum kapl\u0131 seramik plakalar, \u0131s\u0131y\u0131 e\u015fit bi\u00e7imde da\u011f\u0131tarak sa\u00e7\u0131n zarar g\u00f6rmeden p\u00fcr\u00fczs\u00fczle\u015fmesini sa\u011flar.176\u00b0C \u2013 532\u00b0C aras\u0131nda ayarlanabilir s\u0131cakl\u0131k aral\u0131\u011f\u0131, her sa\u00e7 tipine uygun \u0131s\u0131 se\u00e7ene\u011fi sunar.\u0130nce telli sa\u00e7lar i\u00e7in d\u00fc\u015f\u00fck, kal\u0131n ve k\u0131v\u0131rc\u0131k sa\u00e7lar i\u00e7in y\u00fcksek \u0131s\u0131yla m\u00fckemmel sonu\u00e7lar elde edebilirsiniz.Nem koruma sens\u00f6r\u00fc, sa\u00e7\u0131n do\u011fal nem seviyesini alg\u0131layarak s\u0131cakl\u0131\u011f\u0131 otomatik \u015fekilde ayarlar.Bu sayede sa\u00e7\u0131n nem dengesi korunur, y\u0131pranma riski azal\u0131r.360\u00b0 d\u00f6nebilen kablo ve 2.5 metre uzunluk, kullan\u0131m s\u0131ras\u0131nda maksimum hareket \u00f6zg\u00fcrl\u00fc\u011f\u00fc sunar.Kablo kar\u0131\u015f\u0131kl\u0131\u011f\u0131na son vererek profesyonel kullan\u0131m kolayl\u0131\u011f\u0131 sa\u011flar.Dijital ekran\u0131, s\u0131cakl\u0131k kontrol\u00fcn\u00fc net bi\u00e7imde g\u00f6sterir ve hassas ayar yapman\u0131z\u0131 kolayla\u015ft\u0131r\u0131r.Ergonomik tasar\u0131m\u0131, elinizi yormadan uzun s\u00fcreli kullan\u0131m imk\u00e2n\u0131 tan\u0131r.G\u00fcvenlik kilidi, ta\u015f\u0131ma s\u0131ras\u0131nda cihaz\u0131n korunmas\u0131n\u0131 sa\u011flar.Seyahat dostu kompakt yap\u0131s\u0131 ile her an yan\u0131n\u0131zda.Is\u0131 Ayarl\u0131 Sa\u00e7 D\u00fczle\u015ftirici, hem profesyonellerin hem de evde bak\u0131m\u0131na \u00f6zen g\u00f6sterenlerin favorisi olacak.<\/p>\n","protected":false},"excerpt":{"rendered":"<p>Evde profesyonel d\u00fczeyde sa\u00e7 \u015fekillendirme deneyimi sunan Is\u0131 Ayarl\u0131 Sa\u00e7 D\u00fczle\u015ftirici, \u00fcst\u00fcn teknoloji ve y\u00fcksek \u0131s\u0131 performans\u0131n\u0131 bir araya getiriyor.Titanyum kapl\u0131 seramik plakalar, \u0131s\u0131y\u0131 e\u015fit bi\u00e7imde da\u011f\u0131tarak sa\u00e7\u0131n zarar g\u00f6rmeden p\u00fcr\u00fczs\u00fczle\u015fmesini sa\u011flar.176\u00b0C \u2013 532\u00b0C aras\u0131nda ayarlanabilir s\u0131cakl\u0131k aral\u0131\u011f\u0131, her sa\u00e7 tipine uygun \u0131s\u0131 se\u00e7ene\u011fi sunar.\u0130nce telli sa\u00e7lar i\u00e7in d\u00fc\u015f\u00fck, kal\u0131n ve k\u0131v\u0131rc\u0131k sa\u00e7lar i\u00e7in y\u00fcksek&#8230;<\/p>\n","protected":false},"featured_media":120026,"comment_status":"open","ping_status":"closed","template":"","meta":{"_kad_post_transparent":"","_kad_post_title":"","_kad_post_layout":"","_kad_post_sidebar_id":"","_kad_post_content_style":"","_kad_post_vertical_padding":"","_kad_post_feature":"","_kad_post_feature_position":"","_kad_post_header":false,"_kad_post_footer":false,"_kad_post_classname":""},"product_brand":[],"product_cat":[14907],"product_tag":[],"class_list":{"0":"post-120027","1":"product","2":"type-product","3":"status-publish","4":"has-post-thumbnail","6":"product_cat-sac-masasi-sac-masasi","8":"first","9":"instock","10":"purchasable","11":"product-type-simple","12":"entry","13":"content-bg","14":"loop-entry"},"_links":{"self":[{"href":"https:\/\/www.hediyepazar.com\/index.php?rest_route=\/wp\/v2\/product\/120027","targetHints":{"allow":["GET"]}}],"collection":[{"href":"https:\/\/www.hediyepazar.com\/index.php?rest_route=\/wp\/v2\/product"}],"about":[{"href":"https:\/\/www.hediyepazar.com\/index.php?rest_route=\/wp\/v2\/types\/product"}],"replies":[{"embeddable":true,"href":"https:\/\/www.hediyepazar.com\/index.php?rest_route=%2Fwp%2Fv2%2Fcomments&post=120027"}],"wp:featuredmedia":[{"embeddable":true,"href":"https:\/\/www.hediyepazar.com\/index.php?rest_route=\/wp\/v2\/media\/120026"}],"wp:attachment":[{"href":"https:\/\/www.hediyepazar.com\/index.php?rest_route=%2Fwp%2Fv2%2Fmedia&parent=120027"}],"wp:term":[{"taxonomy":"product_brand","embeddable":true,"href":"https:\/\/www.hediyepazar.com\/index.php?rest_route=%2Fwp%2Fv2%2Fproduct_brand&post=120027"},{"taxonomy":"product_cat","embeddable":true,"href":"https:\/\/www.hediyepazar.com\/index.php?rest_route=%2Fwp%2Fv2%2Fproduct_cat&post=120027"},{"taxonomy":"product_tag","embeddable":true,"href":"https:\/\/www.hediyepazar.com\/index.php?rest_route=%2Fwp%2Fv2%2Fproduct_tag&post=120027"}],"curies":[{"name":"wp","href":"https:\/\/api.w.org\/{rel}","templated":true}]}}