{"id":120073,"date":"2026-05-06T02:53:16","date_gmt":"2026-05-06T05:53:16","guid":{"rendered":"https:\/\/www.hediyepazar.com\/?product=aromaterapi-uyumlu-hava-nemlendirici-ultrasonik-sessiz-difuzor"},"modified":"2026-05-06T02:53:16","modified_gmt":"2026-05-06T05:53:16","slug":"aromaterapi-uyumlu-hava-nemlendirici-ultrasonik-sessiz-difuzor","status":"publish","type":"product","link":"https:\/\/www.hediyepazar.com\/?product=aromaterapi-uyumlu-hava-nemlendirici-ultrasonik-sessiz-difuzor","title":{"rendered":"Aromaterapi Uyumlu Hava Nemlendirici \u2013 Ultrasonik Sessiz Dif\u00fcz\u00f6r"},"content":{"rendered":"<p>Rahatlat\u0131c\u0131 bir atmosfer yaratman\u0131n en do\u011fal yolu: Aromaterapi Uyumlu Hava Nemlendirici. Geli\u015fmi\u015f ultrasonik buhar teknolojisi, saf suyu mikron boyutunda buhar partik\u00fcllerine d\u00f6n\u00fc\u015ft\u00fcrerek bulundu\u011funuz ortam\u0131n havas\u0131n\u0131 tazeler ve nem oran\u0131n\u0131 dengede tutar.Bu cihaz, kimyasal madde kullanmadan havay\u0131 ar\u0131nd\u0131r\u0131r ve nemlendirir, b\u00f6ylece daha sa\u011fl\u0131kl\u0131 bir solunum ortam\u0131 sa\u011flar. Kuru havadan kaynakl\u0131 cilt kurulu\u011fu, bo\u011faz tahri\u015fi veya ba\u015f a\u011fr\u0131s\u0131 gibi sorunlar\u0131 azaltmaya yard\u0131mc\u0131 olur.Sessiz \u00e7al\u0131\u015fma sistemi, gece kullan\u0131m\u0131 i\u00e7in idealdir. Bebek odalar\u0131nda, ofislerde, yatak odalar\u0131nda ya da yoga st\u00fcdyolar\u0131nda rahats\u0131zl\u0131k vermeden huzurlu bir hava olu\u015fturur. Kompakt boyutu sayesinde arabada bile rahatl\u0131kla kullan\u0131labilir.Su haznesine birka\u00e7 damla aromaterapi ya\u011f\u0131 ekleyerek bulundu\u011funuz ortam\u0131 yaln\u0131zca nemlendirmekle kalmaz, ayn\u0131 zamanda ferah ve rahatlat\u0131c\u0131 bir koku yayabilirsiniz. Bu \u00f6zellik, cihaz\u0131 ayn\u0131 zamanda aromaterapi dif\u00fcz\u00f6r\u00fc olarak da kullan\u0131labilir hale getirir.Modern, sade ve zarif tasar\u0131m\u0131yla her mek\u00e2na uyum sa\u011flar. Enerji tasarruflu \u00e7al\u0131\u015fma prensibiyle hem \u00e7evreci hem de ekonomik bir se\u00e7imdir.Evde, i\u015fte ya da seyahatte, Aromaterapi Uyumlu Hava Nemlendirici ile her nefeste tazelik ve huzur hissedin.<\/p>\n","protected":false},"excerpt":{"rendered":"<p>Rahatlat\u0131c\u0131 bir atmosfer yaratman\u0131n en do\u011fal yolu: Aromaterapi Uyumlu Hava Nemlendirici. Geli\u015fmi\u015f ultrasonik buhar teknolojisi, saf suyu mikron boyutunda buhar partik\u00fcllerine d\u00f6n\u00fc\u015ft\u00fcrerek bulundu\u011funuz ortam\u0131n havas\u0131n\u0131 tazeler ve nem oran\u0131n\u0131 dengede tutar.Bu cihaz, kimyasal madde kullanmadan havay\u0131 ar\u0131nd\u0131r\u0131r ve nemlendirir, b\u00f6ylece daha sa\u011fl\u0131kl\u0131 bir solunum ortam\u0131 sa\u011flar. Kuru havadan kaynakl\u0131 cilt kurulu\u011fu, bo\u011faz tahri\u015fi veya ba\u015f&#8230;<\/p>\n","protected":false},"featured_media":120072,"comment_status":"open","ping_status":"closed","template":"","meta":{"_kad_post_transparent":"","_kad_post_title":"","_kad_post_layout":"","_kad_post_sidebar_id":"","_kad_post_content_style":"","_kad_post_vertical_padding":"","_kad_post_feature":"","_kad_post_feature_position":"","_kad_post_header":false,"_kad_post_footer":false,"_kad_post_classname":""},"product_brand":[],"product_cat":[14965],"product_tag":[],"class_list":{"0":"post-120073","1":"product","2":"type-product","3":"status-publish","4":"has-post-thumbnail","6":"product_cat-hava-nemlendirici-hava-nemlendirici","8":"first","9":"instock","10":"purchasable","11":"product-type-simple","12":"entry","13":"content-bg","14":"loop-entry"},"_links":{"self":[{"href":"https:\/\/www.hediyepazar.com\/index.php?rest_route=\/wp\/v2\/product\/120073","targetHints":{"allow":["GET"]}}],"collection":[{"href":"https:\/\/www.hediyepazar.com\/index.php?rest_route=\/wp\/v2\/product"}],"about":[{"href":"https:\/\/www.hediyepazar.com\/index.php?rest_route=\/wp\/v2\/types\/product"}],"replies":[{"embeddable":true,"href":"https:\/\/www.hediyepazar.com\/index.php?rest_route=%2Fwp%2Fv2%2Fcomments&post=120073"}],"wp:featuredmedia":[{"embeddable":true,"href":"https:\/\/www.hediyepazar.com\/index.php?rest_route=\/wp\/v2\/media\/120072"}],"wp:attachment":[{"href":"https:\/\/www.hediyepazar.com\/index.php?rest_route=%2Fwp%2Fv2%2Fmedia&parent=120073"}],"wp:term":[{"taxonomy":"product_brand","embeddable":true,"href":"https:\/\/www.hediyepazar.com\/index.php?rest_route=%2Fwp%2Fv2%2Fproduct_brand&post=120073"},{"taxonomy":"product_cat","embeddable":true,"href":"https:\/\/www.hediyepazar.com\/index.php?rest_route=%2Fwp%2Fv2%2Fproduct_cat&post=120073"},{"taxonomy":"product_tag","embeddable":true,"href":"https:\/\/www.hediyepazar.com\/index.php?rest_route=%2Fwp%2Fv2%2Fproduct_tag&post=120073"}],"curies":[{"name":"wp","href":"https:\/\/api.w.org\/{rel}","templated":true}]}}