{"id":120077,"date":"2026-05-06T02:54:57","date_gmt":"2026-05-06T05:54:57","guid":{"rendered":"https:\/\/www.hediyepazar.com\/?product=ultrasonik-hava-nemlendirici-sessiz-calisan-su-bazli-ferahlatici-buhar-difuzor"},"modified":"2026-05-06T02:54:57","modified_gmt":"2026-05-06T05:54:57","slug":"ultrasonik-hava-nemlendirici-sessiz-calisan-su-bazli-ferahlatici-buhar-difuzor","status":"publish","type":"product","link":"https:\/\/www.hediyepazar.com\/?product=ultrasonik-hava-nemlendirici-sessiz-calisan-su-bazli-ferahlatici-buhar-difuzor","title":{"rendered":"Ultrasonik Hava Nemlendirici \u2013 Sessiz \u00c7al\u0131\u015fan Su Bazl\u0131 Ferahlat\u0131c\u0131 Buhar Dif\u00fcz\u00f6r"},"content":{"rendered":"<p>Daha ferah, daha sa\u011fl\u0131kl\u0131 ve daha huzurlu bir ortam i\u00e7in tasarlanan Ultrasonik Hava Nemlendirici, bulundu\u011funuz mek\u00e2n\u0131n havas\u0131n\u0131 do\u011fal yollardan iyile\u015ftirir. Saf su kullan\u0131m\u0131yla kimyasal maddeye ihtiya\u00e7 duymadan havay\u0131 nemlendirir, soludu\u011funuz havay\u0131 daha yumu\u015fak ve temiz hale getirir.Geli\u015fmi\u015f ultrasonik buhar dif\u00fczyon teknolojisi, sessiz ve verimli bir \u015fekilde \u00e7al\u0131\u015farak ortama ince bir sis yayar. Bu sis, ortam\u0131n nem dengesini korur ve \u00f6zellikle kuru havalarda burun, bo\u011faz ve cilt kurulu\u011funu \u00f6nlemeye yard\u0131mc\u0131 olur. Sessiz \u00e7al\u0131\u015fma \u00f6zelli\u011fi sayesinde uyku s\u0131ras\u0131nda, bebek odalar\u0131nda veya meditasyon alanlar\u0131nda bile rahats\u0131zl\u0131k yaratmadan kullan\u0131labilir.Kompakt ve modern tasar\u0131m\u0131yla her dekorasyona uyum sa\u011flar. Ofis, ev, yatak odas\u0131, yoga st\u00fcdyosu veya araba gibi farkl\u0131 ortamlarda kullan\u0131ma uygundur. Kullan\u0131m\u0131 son derece basittir; su haznesini doldurman\u0131z yeterlidir. Cihaz an\u0131nda buhar yaymaya ba\u015flar ve bulundu\u011funuz ortam\u0131 taze bir havayla doldurur.D\u00fc\u015f\u00fck enerji t\u00fcketimiyle \u00e7evre dostu bir kullan\u0131m sunar. Ayn\u0131 zamanda isterseniz birka\u00e7 damla aromaterapi ya\u011f\u0131 ekleyerek ortam\u0131n\u0131za ho\u015f bir koku kazand\u0131rabilirsiniz.G\u00fcn\u00fcn stresini geride b\u0131rakmak, derin bir nefes almak ve daha huzurlu bir atmosfer olu\u015fturmak istiyorsan\u0131z Ultrasonik Hava Nemlendirici tam size g\u00f6re. Sa\u011fl\u0131k, estetik ve konfor bir arada!<\/p>\n","protected":false},"excerpt":{"rendered":"<p>Daha ferah, daha sa\u011fl\u0131kl\u0131 ve daha huzurlu bir ortam i\u00e7in tasarlanan Ultrasonik Hava Nemlendirici, bulundu\u011funuz mek\u00e2n\u0131n havas\u0131n\u0131 do\u011fal yollardan iyile\u015ftirir. Saf su kullan\u0131m\u0131yla kimyasal maddeye ihtiya\u00e7 duymadan havay\u0131 nemlendirir, soludu\u011funuz havay\u0131 daha yumu\u015fak ve temiz hale getirir.Geli\u015fmi\u015f ultrasonik buhar dif\u00fczyon teknolojisi, sessiz ve verimli bir \u015fekilde \u00e7al\u0131\u015farak ortama ince bir sis yayar. Bu sis, ortam\u0131n&#8230;<\/p>\n","protected":false},"featured_media":120076,"comment_status":"open","ping_status":"closed","template":"","meta":{"_kad_post_transparent":"","_kad_post_title":"","_kad_post_layout":"","_kad_post_sidebar_id":"","_kad_post_content_style":"","_kad_post_vertical_padding":"","_kad_post_feature":"","_kad_post_feature_position":"","_kad_post_header":false,"_kad_post_footer":false,"_kad_post_classname":""},"product_brand":[],"product_cat":[14965],"product_tag":[],"class_list":{"0":"post-120077","1":"product","2":"type-product","3":"status-publish","4":"has-post-thumbnail","6":"product_cat-hava-nemlendirici-hava-nemlendirici","8":"first","9":"instock","10":"purchasable","11":"product-type-simple","12":"entry","13":"content-bg","14":"loop-entry"},"_links":{"self":[{"href":"https:\/\/www.hediyepazar.com\/index.php?rest_route=\/wp\/v2\/product\/120077","targetHints":{"allow":["GET"]}}],"collection":[{"href":"https:\/\/www.hediyepazar.com\/index.php?rest_route=\/wp\/v2\/product"}],"about":[{"href":"https:\/\/www.hediyepazar.com\/index.php?rest_route=\/wp\/v2\/types\/product"}],"replies":[{"embeddable":true,"href":"https:\/\/www.hediyepazar.com\/index.php?rest_route=%2Fwp%2Fv2%2Fcomments&post=120077"}],"wp:featuredmedia":[{"embeddable":true,"href":"https:\/\/www.hediyepazar.com\/index.php?rest_route=\/wp\/v2\/media\/120076"}],"wp:attachment":[{"href":"https:\/\/www.hediyepazar.com\/index.php?rest_route=%2Fwp%2Fv2%2Fmedia&parent=120077"}],"wp:term":[{"taxonomy":"product_brand","embeddable":true,"href":"https:\/\/www.hediyepazar.com\/index.php?rest_route=%2Fwp%2Fv2%2Fproduct_brand&post=120077"},{"taxonomy":"product_cat","embeddable":true,"href":"https:\/\/www.hediyepazar.com\/index.php?rest_route=%2Fwp%2Fv2%2Fproduct_cat&post=120077"},{"taxonomy":"product_tag","embeddable":true,"href":"https:\/\/www.hediyepazar.com\/index.php?rest_route=%2Fwp%2Fv2%2Fproduct_tag&post=120077"}],"curies":[{"name":"wp","href":"https:\/\/api.w.org\/{rel}","templated":true}]}}