{"id":120083,"date":"2026-05-06T02:55:16","date_gmt":"2026-05-06T05:55:16","guid":{"rendered":"https:\/\/www.hediyepazar.com\/?product=kablosuz-bluetooth-klavye-slim-tasinabilir-tasarim"},"modified":"2026-05-06T02:55:16","modified_gmt":"2026-05-06T05:55:16","slug":"kablosuz-bluetooth-klavye-slim-tasinabilir-tasarim","status":"publish","type":"product","link":"https:\/\/www.hediyepazar.com\/?product=kablosuz-bluetooth-klavye-slim-tasinabilir-tasarim","title":{"rendered":"Kablosuz Bluetooth Klavye \u2013 Slim Ta\u015f\u0131nabilir Tasar\u0131m"},"content":{"rendered":"<p>Teknolojinin h\u0131zla ilerlemesiyle birlikte art\u0131k tablet, telefon, laptop ve ak\u0131ll\u0131 TV gibi cihazlar g\u00fcnl\u00fck hayat\u0131m\u0131z\u0131n vazge\u00e7ilmez birer par\u00e7as\u0131 haline geldi. Bu cihazlarla daha verimli \u00e7al\u0131\u015fmak i\u00e7in Kablosuz Bluetooth Klavye, pratikli\u011fi ve \u015f\u0131kl\u0131\u011f\u0131 bir araya getiriyor.Android, iOS ve Windows i\u015fletim sistemleriyle tam uyumlu olan bu klavye; tablet, cep telefonu, diz\u00fcst\u00fc bilgisayar, ak\u0131ll\u0131 televizyon ve di\u011fer Bluetooth destekli cihazlarla sorunsuz bir \u015fekilde e\u015fle\u015fir.Kompakt ve Slim tasar\u0131m\u0131, onu her yere rahat\u00e7a ta\u015f\u0131man\u0131za olanak tan\u0131r. Seyahatlerde \u00e7antan\u0131za kolayca s\u0131\u011far ve ofis, ev ya da okul ortamlar\u0131nda pratik bir \u00e7al\u0131\u015fma arkada\u015f\u0131 olur. Kablosuz ba\u011flant\u0131 \u00f6zelli\u011fi sayesinde kablo karma\u015fas\u0131na son verir ve \u00f6zg\u00fcr bir kullan\u0131m deneyimi sunar.Ergonomik tu\u015f dizilimi, sessiz yaz\u0131m \u00f6zelli\u011fiyle uzun s\u00fcreli kullan\u0131mlarda bile rahatl\u0131k sa\u011flar. Tu\u015f hassasiyeti art\u0131r\u0131lm\u0131\u015f yap\u0131s\u0131, h\u0131zl\u0131 ve hatas\u0131z yazma deneyimi sunar. Enerji tasarruflu teknolojisi sayesinde uzun pil \u00f6mr\u00fcyle dikkat \u00e7eker.Modern minimalist tasar\u0131m\u0131, dayan\u0131kl\u0131 tu\u015f yap\u0131s\u0131 ve \u00fcst\u00fcn ba\u011flant\u0131 kararl\u0131l\u0131\u011f\u0131 ile bu klavye, hem \u00f6\u011frenciler hem profesyoneller i\u00e7in m\u00fckemmel bir se\u00e7imdir.Kablosuz Bluetooth Klavye ile kablolardan kurtulun, verimlili\u011finizi art\u0131r\u0131n ve teknolojiyi \u00f6zg\u00fcrce deneyimleyin!<\/p>\n","protected":false},"excerpt":{"rendered":"<p>Teknolojinin h\u0131zla ilerlemesiyle birlikte art\u0131k tablet, telefon, laptop ve ak\u0131ll\u0131 TV gibi cihazlar g\u00fcnl\u00fck hayat\u0131m\u0131z\u0131n vazge\u00e7ilmez birer par\u00e7as\u0131 haline geldi. Bu cihazlarla daha verimli \u00e7al\u0131\u015fmak i\u00e7in Kablosuz Bluetooth Klavye, pratikli\u011fi ve \u015f\u0131kl\u0131\u011f\u0131 bir araya getiriyor.Android, iOS ve Windows i\u015fletim sistemleriyle tam uyumlu olan bu klavye; tablet, cep telefonu, diz\u00fcst\u00fc bilgisayar, ak\u0131ll\u0131 televizyon ve di\u011fer Bluetooth&#8230;<\/p>\n","protected":false},"featured_media":120082,"comment_status":"open","ping_status":"closed","template":"","meta":{"_kad_post_transparent":"","_kad_post_title":"","_kad_post_layout":"","_kad_post_sidebar_id":"","_kad_post_content_style":"","_kad_post_vertical_padding":"","_kad_post_feature":"","_kad_post_feature_position":"","_kad_post_header":false,"_kad_post_footer":false,"_kad_post_classname":""},"product_brand":[],"product_cat":[14913],"product_tag":[],"class_list":{"0":"post-120083","1":"product","2":"type-product","3":"status-publish","4":"has-post-thumbnail","6":"product_cat-klavye-klavye-2","8":"first","9":"instock","10":"purchasable","11":"product-type-simple","12":"entry","13":"content-bg","14":"loop-entry"},"_links":{"self":[{"href":"https:\/\/www.hediyepazar.com\/index.php?rest_route=\/wp\/v2\/product\/120083","targetHints":{"allow":["GET"]}}],"collection":[{"href":"https:\/\/www.hediyepazar.com\/index.php?rest_route=\/wp\/v2\/product"}],"about":[{"href":"https:\/\/www.hediyepazar.com\/index.php?rest_route=\/wp\/v2\/types\/product"}],"replies":[{"embeddable":true,"href":"https:\/\/www.hediyepazar.com\/index.php?rest_route=%2Fwp%2Fv2%2Fcomments&post=120083"}],"wp:featuredmedia":[{"embeddable":true,"href":"https:\/\/www.hediyepazar.com\/index.php?rest_route=\/wp\/v2\/media\/120082"}],"wp:attachment":[{"href":"https:\/\/www.hediyepazar.com\/index.php?rest_route=%2Fwp%2Fv2%2Fmedia&parent=120083"}],"wp:term":[{"taxonomy":"product_brand","embeddable":true,"href":"https:\/\/www.hediyepazar.com\/index.php?rest_route=%2Fwp%2Fv2%2Fproduct_brand&post=120083"},{"taxonomy":"product_cat","embeddable":true,"href":"https:\/\/www.hediyepazar.com\/index.php?rest_route=%2Fwp%2Fv2%2Fproduct_cat&post=120083"},{"taxonomy":"product_tag","embeddable":true,"href":"https:\/\/www.hediyepazar.com\/index.php?rest_route=%2Fwp%2Fv2%2Fproduct_tag&post=120083"}],"curies":[{"name":"wp","href":"https:\/\/api.w.org\/{rel}","templated":true}]}}