{"id":120095,"date":"2026-05-06T02:57:11","date_gmt":"2026-05-06T05:57:11","guid":{"rendered":"https:\/\/www.hediyepazar.com\/?product=akilli-bluetooth-tarti-8-farkli-olcum-verisi-otomatik-kisi-tanima"},"modified":"2026-05-06T02:57:11","modified_gmt":"2026-05-06T05:57:11","slug":"akilli-bluetooth-tarti-8-farkli-olcum-verisi-otomatik-kisi-tanima","status":"publish","type":"product","link":"https:\/\/www.hediyepazar.com\/?product=akilli-bluetooth-tarti-8-farkli-olcum-verisi-otomatik-kisi-tanima","title":{"rendered":"Ak\u0131ll\u0131 Bluetooth Tart\u0131 \u2013 8 Farkl\u0131 \u00d6l\u00e7\u00fcm Verisi Otomatik Ki\u015fi Tan\u0131ma"},"content":{"rendered":"<p>Sa\u011fl\u0131\u011f\u0131n\u0131z\u0131 takip etmenin en ak\u0131ll\u0131 yolu! Ak\u0131ll\u0131 Bluetooth Tart\u0131, yaln\u0131zca a\u011f\u0131rl\u0131\u011f\u0131n\u0131z\u0131 de\u011fil, v\u00fccudunuzla ilgili bir\u00e7ok detay\u0131 analiz ederek size kapsaml\u0131 bir sa\u011fl\u0131k raporu sunar. Geli\u015fmi\u015f sens\u00f6r teknolojisi sayesinde 8 farkl\u0131 \u00f6l\u00e7\u00fcm verisini (a\u011f\u0131rl\u0131k, v\u00fccut ya\u011f\u0131, visseral ya\u011f, kas oran\u0131, kemik yo\u011funlu\u011fu, BMR, ya\u015f ve BMI) an\u0131nda hesaplar.Bluetooth ba\u011flant\u0131 \u00f6zelli\u011fi ile ak\u0131ll\u0131 telefonunuza kolayca ba\u011flanabilir. Android ve iOS uyumlu OKOK International uygulamas\u0131, \u00f6l\u00e7\u00fcm sonu\u00e7lar\u0131n\u0131z\u0131 anl\u0131k olarak g\u00f6r\u00fcnt\u00fclemenizi ve ge\u00e7mi\u015f verilerinizi takip etmenizi sa\u011flar. B\u00f6ylece kilo de\u011fi\u015fimlerinizi, ya\u011f oran\u0131n\u0131z\u0131 veya kas geli\u015fiminizi d\u00fczenli olarak g\u00f6zlemleyebilir, sa\u011fl\u0131kl\u0131 bir ya\u015fam i\u00e7in ki\u015fisel hedefler belirleyebilirsiniz.Tart\u0131, otomatik kullan\u0131c\u0131 tan\u0131ma sistemi sayesinde farkl\u0131 aile bireylerini alg\u0131layarak ki\u015fisel profilleri otomatik olarak olu\u015fturur. Bu \u00f6zellik, ailedeki herkesin kendi \u00f6l\u00e7\u00fcmlerini ayr\u0131 ayr\u0131 takip etmesine olanak tan\u0131r.3 kg \u2013 180 kg kapasiteye sahip bu dijital bask\u00fcl, kg\/lb\/st birimleriyle \u00f6l\u00e7\u00fcm yapabilir. \u00dczerine \u00e7\u0131k\u0131ld\u0131\u011f\u0131nda otomatik olarak \u00e7al\u0131\u015f\u0131r ve kullan\u0131lmad\u0131\u011f\u0131nda kendili\u011finden kapan\u0131r. Ayr\u0131ca oda s\u0131cakl\u0131\u011f\u0131n\u0131 da g\u00f6sterebilir.A\u015f\u0131r\u0131 y\u00fck uyar\u0131s\u0131 g\u00fcvenli kullan\u0131m sa\u011flarken, \u015f\u0131k ve modern tasar\u0131m\u0131 her banyoya veya spor alan\u0131na zarif bir dokunu\u015f katar. 2 adet AAA pil ile \u00e7al\u0131\u015f\u0131r ve enerji tasarruflu sistemiyle uzun \u00f6m\u00fcrl\u00fc kullan\u0131m sunar.Kilo kontrol\u00fcn\u00fc teknolojiyle bulu\u015fturmak isteyen herkes i\u00e7in ideal!Ak\u0131ll\u0131 Bluetooth Tart\u0131, sa\u011fl\u0131\u011f\u0131n\u0131z\u0131 yak\u0131ndan takip etmenin en kolay, en ak\u0131ll\u0131 ve en modern yolunu sunar.<\/p>\n","protected":false},"excerpt":{"rendered":"<p>Sa\u011fl\u0131\u011f\u0131n\u0131z\u0131 takip etmenin en ak\u0131ll\u0131 yolu! Ak\u0131ll\u0131 Bluetooth Tart\u0131, yaln\u0131zca a\u011f\u0131rl\u0131\u011f\u0131n\u0131z\u0131 de\u011fil, v\u00fccudunuzla ilgili bir\u00e7ok detay\u0131 analiz ederek size kapsaml\u0131 bir sa\u011fl\u0131k raporu sunar. Geli\u015fmi\u015f sens\u00f6r teknolojisi sayesinde 8 farkl\u0131 \u00f6l\u00e7\u00fcm verisini (a\u011f\u0131rl\u0131k, v\u00fccut ya\u011f\u0131, visseral ya\u011f, kas oran\u0131, kemik yo\u011funlu\u011fu, BMR, ya\u015f ve BMI) an\u0131nda hesaplar.Bluetooth ba\u011flant\u0131 \u00f6zelli\u011fi ile ak\u0131ll\u0131 telefonunuza kolayca ba\u011flanabilir. Android&#8230;<\/p>\n","protected":false},"featured_media":120094,"comment_status":"open","ping_status":"closed","template":"","meta":{"_kad_post_transparent":"","_kad_post_title":"","_kad_post_layout":"","_kad_post_sidebar_id":"","_kad_post_content_style":"","_kad_post_vertical_padding":"","_kad_post_feature":"","_kad_post_feature_position":"","_kad_post_header":false,"_kad_post_footer":false,"_kad_post_classname":""},"product_brand":[],"product_cat":[14996],"product_tag":[],"class_list":{"0":"post-120095","1":"product","2":"type-product","3":"status-publish","4":"has-post-thumbnail","6":"product_cat-tarti-tarti","8":"first","9":"instock","10":"purchasable","11":"product-type-simple","12":"entry","13":"content-bg","14":"loop-entry"},"_links":{"self":[{"href":"https:\/\/www.hediyepazar.com\/index.php?rest_route=\/wp\/v2\/product\/120095","targetHints":{"allow":["GET"]}}],"collection":[{"href":"https:\/\/www.hediyepazar.com\/index.php?rest_route=\/wp\/v2\/product"}],"about":[{"href":"https:\/\/www.hediyepazar.com\/index.php?rest_route=\/wp\/v2\/types\/product"}],"replies":[{"embeddable":true,"href":"https:\/\/www.hediyepazar.com\/index.php?rest_route=%2Fwp%2Fv2%2Fcomments&post=120095"}],"wp:featuredmedia":[{"embeddable":true,"href":"https:\/\/www.hediyepazar.com\/index.php?rest_route=\/wp\/v2\/media\/120094"}],"wp:attachment":[{"href":"https:\/\/www.hediyepazar.com\/index.php?rest_route=%2Fwp%2Fv2%2Fmedia&parent=120095"}],"wp:term":[{"taxonomy":"product_brand","embeddable":true,"href":"https:\/\/www.hediyepazar.com\/index.php?rest_route=%2Fwp%2Fv2%2Fproduct_brand&post=120095"},{"taxonomy":"product_cat","embeddable":true,"href":"https:\/\/www.hediyepazar.com\/index.php?rest_route=%2Fwp%2Fv2%2Fproduct_cat&post=120095"},{"taxonomy":"product_tag","embeddable":true,"href":"https:\/\/www.hediyepazar.com\/index.php?rest_route=%2Fwp%2Fv2%2Fproduct_tag&post=120095"}],"curies":[{"name":"wp","href":"https:\/\/api.w.org\/{rel}","templated":true}]}}