{"id":120107,"date":"2026-05-06T02:58:09","date_gmt":"2026-05-06T05:58:09","guid":{"rendered":"https:\/\/www.hediyepazar.com\/?product=sarjli-su-gecirmez-yuz-temizleme-ve-masaj-aleti-3-fonksiyonlu"},"modified":"2026-05-06T02:58:09","modified_gmt":"2026-05-06T05:58:09","slug":"sarjli-su-gecirmez-yuz-temizleme-ve-masaj-aleti-3-fonksiyonlu","status":"publish","type":"product","link":"https:\/\/www.hediyepazar.com\/?product=sarjli-su-gecirmez-yuz-temizleme-ve-masaj-aleti-3-fonksiyonlu","title":{"rendered":"\u015earjl\u0131 Su Ge\u00e7irmez Y\u00fcz Temizleme ve Masaj Aleti \u2013 3 Fonksiyonlu"},"content":{"rendered":"<p>Cilt bak\u0131m rutininizi profesyonel seviyeye ta\u015f\u0131mak i\u00e7in tasarlanan \u00e7ok i\u015flevli \u015farjl\u0131 y\u00fcz temizleme ve masaj aleti, hem temizlik hem de masaj etkisini tek bir cihazda birle\u015ftirir. G\u00fcnl\u00fck kullan\u0131m i\u00e7in ideal olan bu cihaz, cildin alt katmanlar\u0131na kadar ula\u015fan titre\u015fimli f\u0131r\u00e7alar\u0131yla derinlemesine temizlik sa\u011flar.Ciltte biriken makyaj kal\u0131nt\u0131lar\u0131n\u0131, fazla sebumu ve \u00f6l\u00fc deriyi nazik\u00e7e temizleyerek daha p\u00fcr\u00fczs\u00fcz bir g\u00f6r\u00fcn\u00fcm kazand\u0131r\u0131r. D\u00fczenli kullan\u0131mda cilt tonunu e\u015fitleyip g\u00f6zeneklerin s\u0131k\u0131la\u015fmas\u0131na yard\u0131mc\u0131 olur. Mikro titre\u015fim teknolojisi, cilt kan dola\u015f\u0131m\u0131n\u0131 h\u0131zland\u0131rarak daha canl\u0131, gen\u00e7 ve parlak bir cilt elde etmenizi sa\u011flar.Su ge\u00e7irmez (IPX7) yap\u0131s\u0131 sayesinde hem \u0131slak hem kuru kullan\u0131m i\u00e7in uygundur. Du\u015fta veya lavaboda rahat\u00e7a kullanabilirsiniz. Kablosuz ve \u015farj edilebilir tasar\u0131m\u0131 sayesinde seyahatlerde bile yan\u0131n\u0131zda ta\u015f\u0131yabilir, istedi\u011finiz her yerde bak\u0131m yapabilirsiniz.Cihaz\u0131n farkl\u0131 h\u0131z kademeleri ve masaj ayarlar\u0131, cilt tipinize g\u00f6re ki\u015fiselle\u015ftirilmi\u015f bir deneyim sunar. Hassas, karma veya ya\u011fl\u0131 ciltler i\u00e7in uygun modlar i\u00e7erir.Makyaj temizli\u011fi, y\u00fcz masaj\u0131 ve \u00f6l\u00fc deri uzakla\u015ft\u0131rma gibi \u00fc\u00e7 temel i\u015flevi bir araya getiren bu cihaz, profesyonel cilt bak\u0131m merkezlerindeki etkiyi evinize getirir.Her g\u00fcn yaln\u0131zca birka\u00e7 dakikal\u0131k kullan\u0131m ile cildinizde fark edilir bir yenilenme hissi ya\u015fay\u0131n!<\/p>\n","protected":false},"excerpt":{"rendered":"<p>Cilt bak\u0131m rutininizi profesyonel seviyeye ta\u015f\u0131mak i\u00e7in tasarlanan \u00e7ok i\u015flevli \u015farjl\u0131 y\u00fcz temizleme ve masaj aleti, hem temizlik hem de masaj etkisini tek bir cihazda birle\u015ftirir. G\u00fcnl\u00fck kullan\u0131m i\u00e7in ideal olan bu cihaz, cildin alt katmanlar\u0131na kadar ula\u015fan titre\u015fimli f\u0131r\u00e7alar\u0131yla derinlemesine temizlik sa\u011flar.Ciltte biriken makyaj kal\u0131nt\u0131lar\u0131n\u0131, fazla sebumu ve \u00f6l\u00fc deriyi nazik\u00e7e temizleyerek daha p\u00fcr\u00fczs\u00fcz&#8230;<\/p>\n","protected":false},"featured_media":120106,"comment_status":"open","ping_status":"closed","template":"","meta":{"_kad_post_transparent":"","_kad_post_title":"","_kad_post_layout":"","_kad_post_sidebar_id":"","_kad_post_content_style":"","_kad_post_vertical_padding":"","_kad_post_feature":"","_kad_post_feature_position":"","_kad_post_header":false,"_kad_post_footer":false,"_kad_post_classname":""},"product_brand":[],"product_cat":[15018],"product_tag":[],"class_list":{"0":"post-120107","1":"product","2":"type-product","3":"status-publish","4":"has-post-thumbnail","6":"product_cat-yuz-temizleme-cihazi-yuz-temizleme-cihazi","8":"first","9":"instock","10":"purchasable","11":"product-type-simple","12":"entry","13":"content-bg","14":"loop-entry"},"_links":{"self":[{"href":"https:\/\/www.hediyepazar.com\/index.php?rest_route=\/wp\/v2\/product\/120107","targetHints":{"allow":["GET"]}}],"collection":[{"href":"https:\/\/www.hediyepazar.com\/index.php?rest_route=\/wp\/v2\/product"}],"about":[{"href":"https:\/\/www.hediyepazar.com\/index.php?rest_route=\/wp\/v2\/types\/product"}],"replies":[{"embeddable":true,"href":"https:\/\/www.hediyepazar.com\/index.php?rest_route=%2Fwp%2Fv2%2Fcomments&post=120107"}],"wp:featuredmedia":[{"embeddable":true,"href":"https:\/\/www.hediyepazar.com\/index.php?rest_route=\/wp\/v2\/media\/120106"}],"wp:attachment":[{"href":"https:\/\/www.hediyepazar.com\/index.php?rest_route=%2Fwp%2Fv2%2Fmedia&parent=120107"}],"wp:term":[{"taxonomy":"product_brand","embeddable":true,"href":"https:\/\/www.hediyepazar.com\/index.php?rest_route=%2Fwp%2Fv2%2Fproduct_brand&post=120107"},{"taxonomy":"product_cat","embeddable":true,"href":"https:\/\/www.hediyepazar.com\/index.php?rest_route=%2Fwp%2Fv2%2Fproduct_cat&post=120107"},{"taxonomy":"product_tag","embeddable":true,"href":"https:\/\/www.hediyepazar.com\/index.php?rest_route=%2Fwp%2Fv2%2Fproduct_tag&post=120107"}],"curies":[{"name":"wp","href":"https:\/\/api.w.org\/{rel}","templated":true}]}}