{"id":120117,"date":"2026-05-06T03:00:17","date_gmt":"2026-05-06T06:00:17","guid":{"rendered":"https:\/\/www.hediyepazar.com\/?product=akilli-takip-aleti-ios-android-uyumlu-ve-bluetooth-baglantili"},"modified":"2026-05-06T03:00:17","modified_gmt":"2026-05-06T06:00:17","slug":"akilli-takip-aleti-ios-android-uyumlu-ve-bluetooth-baglantili","status":"publish","type":"product","link":"https:\/\/www.hediyepazar.com\/?product=akilli-takip-aleti-ios-android-uyumlu-ve-bluetooth-baglantili","title":{"rendered":"Ak\u0131ll\u0131 Takip Aleti iOS Android Uyumlu ve Bluetooth Ba\u011flant\u0131l\u0131"},"content":{"rendered":"<p>Kaybolan e\u015fyalar art\u0131k sorun olmaktan \u00e7\u0131k\u0131yor! Ak\u0131ll\u0131 Takip Aleti iOS Android Uyumlu ve Bluetooth Ba\u011flant\u0131l\u0131, modern konum bulma teknolojisiyle size tam kontrol sunar.Bluetooth 5.0 deste\u011fi ile saniyeler i\u00e7inde telefonunuza ba\u011flan\u0131r ve kaybolma riskine kar\u015f\u0131 g\u00fcvenli bir takip sa\u011flar.\u201cBul\u201d uygulamas\u0131yla entegre \u015fekilde \u00e7al\u0131\u015fan bu cihaz, harita \u00fczerinden anl\u0131k konum g\u00fcncellemeleri sunarak e\u015fyalar\u0131n\u0131z\u0131n nerede oldu\u011funu saniye saniye g\u00f6sterir.iOS ve Android uyumlu uygulamas\u0131, kolay aray\u00fcz\u00fcyle her ya\u015ftan kullan\u0131c\u0131 i\u00e7in pratik bir kullan\u0131m sa\u011flar.K\u00fc\u00e7\u00fck ve hafif tasar\u0131m\u0131, cihaz\u0131 anahtarl\u0131k, valiz, c\u00fczdan, laptop \u00e7antas\u0131 veya evcil hayvan tasmalar\u0131na kolayca takman\u0131za olanak tan\u0131r.Y\u00fcksek kapasiteli pili, aylarca kesintisiz kullan\u0131m s\u00fcresi sunar. Ayr\u0131ca d\u00fc\u015f\u00fck enerji t\u00fcketimiyle \u00e7evre dostu bir performans sergiler.Kaybolan e\u015fyalara veda edin, rahat bir nefes al\u0131n!Ak\u0131ll\u0131 Takip Aleti iOS Android Uyumlu ve Bluetooth Ba\u011flant\u0131l\u0131, e\u015fyalar\u0131n\u0131z\u0131 her zaman kontrol alt\u0131nda tutman\u0131z\u0131 sa\u011flayan ak\u0131ll\u0131 bir g\u00fcvenlik \u00e7\u00f6z\u00fcm\u00fcd\u00fcr.<\/p>\n","protected":false},"excerpt":{"rendered":"<p>Kaybolan e\u015fyalar art\u0131k sorun olmaktan \u00e7\u0131k\u0131yor! Ak\u0131ll\u0131 Takip Aleti iOS Android Uyumlu ve Bluetooth Ba\u011flant\u0131l\u0131, modern konum bulma teknolojisiyle size tam kontrol sunar.Bluetooth 5.0 deste\u011fi ile saniyeler i\u00e7inde telefonunuza ba\u011flan\u0131r ve kaybolma riskine kar\u015f\u0131 g\u00fcvenli bir takip sa\u011flar.\u201cBul\u201d uygulamas\u0131yla entegre \u015fekilde \u00e7al\u0131\u015fan bu cihaz, harita \u00fczerinden anl\u0131k konum g\u00fcncellemeleri sunarak e\u015fyalar\u0131n\u0131z\u0131n nerede oldu\u011funu saniye saniye&#8230;<\/p>\n","protected":false},"featured_media":120116,"comment_status":"open","ping_status":"closed","template":"","meta":{"_kad_post_transparent":"","_kad_post_title":"","_kad_post_layout":"","_kad_post_sidebar_id":"","_kad_post_content_style":"","_kad_post_vertical_padding":"","_kad_post_feature":"","_kad_post_feature_position":"","_kad_post_header":false,"_kad_post_footer":false,"_kad_post_classname":""},"product_brand":[],"product_cat":[14985],"product_tag":[],"class_list":{"0":"post-120117","1":"product","2":"type-product","3":"status-publish","4":"has-post-thumbnail","6":"product_cat-akilli-guvenlik-urunu-akilli-guvenlik-urunu","8":"first","9":"instock","10":"purchasable","11":"product-type-simple","12":"entry","13":"content-bg","14":"loop-entry"},"_links":{"self":[{"href":"https:\/\/www.hediyepazar.com\/index.php?rest_route=\/wp\/v2\/product\/120117","targetHints":{"allow":["GET"]}}],"collection":[{"href":"https:\/\/www.hediyepazar.com\/index.php?rest_route=\/wp\/v2\/product"}],"about":[{"href":"https:\/\/www.hediyepazar.com\/index.php?rest_route=\/wp\/v2\/types\/product"}],"replies":[{"embeddable":true,"href":"https:\/\/www.hediyepazar.com\/index.php?rest_route=%2Fwp%2Fv2%2Fcomments&post=120117"}],"wp:featuredmedia":[{"embeddable":true,"href":"https:\/\/www.hediyepazar.com\/index.php?rest_route=\/wp\/v2\/media\/120116"}],"wp:attachment":[{"href":"https:\/\/www.hediyepazar.com\/index.php?rest_route=%2Fwp%2Fv2%2Fmedia&parent=120117"}],"wp:term":[{"taxonomy":"product_brand","embeddable":true,"href":"https:\/\/www.hediyepazar.com\/index.php?rest_route=%2Fwp%2Fv2%2Fproduct_brand&post=120117"},{"taxonomy":"product_cat","embeddable":true,"href":"https:\/\/www.hediyepazar.com\/index.php?rest_route=%2Fwp%2Fv2%2Fproduct_cat&post=120117"},{"taxonomy":"product_tag","embeddable":true,"href":"https:\/\/www.hediyepazar.com\/index.php?rest_route=%2Fwp%2Fv2%2Fproduct_tag&post=120117"}],"curies":[{"name":"wp","href":"https:\/\/api.w.org\/{rel}","templated":true}]}}