{"id":120133,"date":"2026-05-06T03:02:42","date_gmt":"2026-05-06T06:02:42","guid":{"rendered":"https:\/\/www.hediyepazar.com\/?product=3d-yazici-kalem-tasinabilir-fdm-teknolojili-ve-cok-amacli-kullanimli"},"modified":"2026-05-06T03:02:42","modified_gmt":"2026-05-06T06:02:42","slug":"3d-yazici-kalem-tasinabilir-fdm-teknolojili-ve-cok-amacli-kullanimli","status":"publish","type":"product","link":"https:\/\/www.hediyepazar.com\/?product=3d-yazici-kalem-tasinabilir-fdm-teknolojili-ve-cok-amacli-kullanimli","title":{"rendered":"3D Yaz\u0131c\u0131 Kalem Ta\u015f\u0131nabilir FDM Teknolojili ve \u00c7ok Ama\u00e7l\u0131 Kullan\u0131ml\u0131"},"content":{"rendered":"<p>Yarat\u0131c\u0131l\u0131\u011f\u0131n\u0131z\u0131 ger\u00e7e\u011fe d\u00f6n\u00fc\u015ft\u00fcrmenin en kolay yolu: 3D Yaz\u0131c\u0131 Kalem Ta\u015f\u0131nabilir FDM Teknolojili ve \u00c7ok Ama\u00e7l\u0131 Kullan\u0131ml\u0131.Bu ak\u0131ll\u0131 tasar\u0131ml\u0131 3D kalem, FDM teknolojisini kullanarak ABS, PLA ve HIPS filamentlerle uyumlu \u015fekilde \u00e7al\u0131\u015f\u0131r. \u0130ster \u00e7ocuk olun ister profesyonel bir tasar\u0131mc\u0131, bu kalemle \u00fc\u00e7 boyutlu fikirlerinizi hayata ge\u00e7irmek art\u0131k \u00e7ok kolay.1,75 mm filament deste\u011fi, y\u00fcksek do\u011frulukta ve p\u00fcr\u00fczs\u00fcz modelleme imk\u00e2n\u0131 sunar.Ergonomik tutu\u015f tasar\u0131m\u0131, uzun s\u00fcreli kullan\u0131mlarda bile el yorgunlu\u011funu \u00f6nler.Ayarlanabilir \u0131s\u0131 sistemi sayesinde farkl\u0131 malzemelerle \u00e7al\u0131\u015f\u0131rken tam kontrol sa\u011flayabilirsiniz.Tek tu\u015fla filament y\u00fckleme ve \u00e7\u0131karma \u00f6zelli\u011fi, kullan\u0131m kolayl\u0131\u011f\u0131 sa\u011flar.Bu 3D kalem; heykel, s\u00fcs e\u015fyas\u0131, oyuncak, prototip veya maket yap\u0131m\u0131nda kullan\u0131labilir. Sanatla ilgilenenler, m\u00fchendislik \u00f6\u011frencileri veya hobi severler i\u00e7in m\u00fckemmel bir ara\u00e7t\u0131r.Ayr\u0131ca hafif ve ta\u015f\u0131nabilir yap\u0131s\u0131 sayesinde her yere kolayca g\u00f6t\u00fcrebilirsiniz.3D Yaz\u0131c\u0131 Kalem Ta\u015f\u0131nabilir FDM Teknolojili ve \u00c7ok Ama\u00e7l\u0131 Kullan\u0131ml\u0131, hem e\u011flenceli hem \u00f6\u011fretici bir deneyim sunarak yarat\u0131c\u0131l\u0131\u011f\u0131n\u0131z\u0131 s\u0131n\u0131rlar\u0131n \u00f6tesine ta\u015f\u0131r.<\/p>\n","protected":false},"excerpt":{"rendered":"<p>Yarat\u0131c\u0131l\u0131\u011f\u0131n\u0131z\u0131 ger\u00e7e\u011fe d\u00f6n\u00fc\u015ft\u00fcrmenin en kolay yolu: 3D Yaz\u0131c\u0131 Kalem Ta\u015f\u0131nabilir FDM Teknolojili ve \u00c7ok Ama\u00e7l\u0131 Kullan\u0131ml\u0131.Bu ak\u0131ll\u0131 tasar\u0131ml\u0131 3D kalem, FDM teknolojisini kullanarak ABS, PLA ve HIPS filamentlerle uyumlu \u015fekilde \u00e7al\u0131\u015f\u0131r. \u0130ster \u00e7ocuk olun ister profesyonel bir tasar\u0131mc\u0131, bu kalemle \u00fc\u00e7 boyutlu fikirlerinizi hayata ge\u00e7irmek art\u0131k \u00e7ok kolay.1,75 mm filament deste\u011fi, y\u00fcksek do\u011frulukta ve p\u00fcr\u00fczs\u00fcz&#8230;<\/p>\n","protected":false},"featured_media":120132,"comment_status":"open","ping_status":"closed","template":"","meta":{"_kad_post_transparent":"","_kad_post_title":"","_kad_post_layout":"","_kad_post_sidebar_id":"","_kad_post_content_style":"","_kad_post_vertical_padding":"","_kad_post_feature":"","_kad_post_feature_position":"","_kad_post_header":false,"_kad_post_footer":false,"_kad_post_classname":""},"product_brand":[],"product_cat":[15090],"product_tag":[],"class_list":{"0":"post-120133","1":"product","2":"type-product","3":"status-publish","4":"has-post-thumbnail","6":"product_cat-cocuk-oyuncak-cocuk-oyuncak","8":"first","9":"instock","10":"purchasable","11":"product-type-simple","12":"entry","13":"content-bg","14":"loop-entry"},"_links":{"self":[{"href":"https:\/\/www.hediyepazar.com\/index.php?rest_route=\/wp\/v2\/product\/120133","targetHints":{"allow":["GET"]}}],"collection":[{"href":"https:\/\/www.hediyepazar.com\/index.php?rest_route=\/wp\/v2\/product"}],"about":[{"href":"https:\/\/www.hediyepazar.com\/index.php?rest_route=\/wp\/v2\/types\/product"}],"replies":[{"embeddable":true,"href":"https:\/\/www.hediyepazar.com\/index.php?rest_route=%2Fwp%2Fv2%2Fcomments&post=120133"}],"wp:featuredmedia":[{"embeddable":true,"href":"https:\/\/www.hediyepazar.com\/index.php?rest_route=\/wp\/v2\/media\/120132"}],"wp:attachment":[{"href":"https:\/\/www.hediyepazar.com\/index.php?rest_route=%2Fwp%2Fv2%2Fmedia&parent=120133"}],"wp:term":[{"taxonomy":"product_brand","embeddable":true,"href":"https:\/\/www.hediyepazar.com\/index.php?rest_route=%2Fwp%2Fv2%2Fproduct_brand&post=120133"},{"taxonomy":"product_cat","embeddable":true,"href":"https:\/\/www.hediyepazar.com\/index.php?rest_route=%2Fwp%2Fv2%2Fproduct_cat&post=120133"},{"taxonomy":"product_tag","embeddable":true,"href":"https:\/\/www.hediyepazar.com\/index.php?rest_route=%2Fwp%2Fv2%2Fproduct_tag&post=120133"}],"curies":[{"name":"wp","href":"https:\/\/api.w.org\/{rel}","templated":true}]}}