{"id":120143,"date":"2026-05-06T03:04:21","date_gmt":"2026-05-06T06:04:21","guid":{"rendered":"https:\/\/www.hediyepazar.com\/?product=tasinabilir-karaoke-hoparlor-bluetooth-5-0-ve-cift-mikrofonlu"},"modified":"2026-05-06T03:04:21","modified_gmt":"2026-05-06T06:04:21","slug":"tasinabilir-karaoke-hoparlor-bluetooth-5-0-ve-cift-mikrofonlu","status":"publish","type":"product","link":"https:\/\/www.hediyepazar.com\/?product=tasinabilir-karaoke-hoparlor-bluetooth-5-0-ve-cift-mikrofonlu","title":{"rendered":"Ta\u015f\u0131nabilir Karaoke Hoparl\u00f6r Bluetooth 5.0 ve \u00c7ift Mikrofonlu"},"content":{"rendered":"<p>E\u011flencenin her an\u0131nda yan\u0131n\u0131zda olacak Ta\u015f\u0131nabilir Karaoke Hoparl\u00f6r Bluetooth 5.0 ve \u00c7ift Mikrofonlu, y\u00fcksek ses kalitesi ve \u015f\u0131k tasar\u0131m\u0131yla m\u00fczik deneyiminizi bamba\u015fka bir seviyeye ta\u015f\u0131r.Geli\u015fmi\u015f Bluetooth 5.0 teknolojisi, saniyeler i\u00e7inde cihaz\u0131n\u0131za ba\u011flanarak kesintisiz m\u00fczik keyfi sunar. Ba\u011flant\u0131 kopmadan net ses aktar\u0131m\u0131 sa\u011flar ve d\u00fc\u015f\u00fck gecikme s\u00fcresiyle kusursuz bir performans elde etmenize olanak tan\u0131r.Dahili ses s\u00fcr\u00fcc\u00fcleri, g\u00fc\u00e7l\u00fc bas ve net tizler \u00fcreterek m\u00fckemmel bir ses dengesi olu\u015fturur. \u0130ster m\u00fczik dinleyin ister karaoke yap\u0131n, y\u00fcksek kaliteli ses performans\u0131ndan \u00f6d\u00fcn vermeden e\u011flencenizi ya\u015fay\u0131n.Kutudan \u00e7\u0131kan iki adet mikrofon, arkada\u015flar\u0131n\u0131zla birlikte e\u011flenceli anlar payla\u015fman\u0131z\u0131 sa\u011flar \u2014 ister d\u00fcet yap\u0131n ister kar\u015f\u0131l\u0131kl\u0131 \u015fark\u0131 s\u00f6yleyin, keyif her zaman sizinle!USB ve AUX giri\u015fleri, farkl\u0131 m\u00fczik kaynaklar\u0131ndan kolayca ba\u011flant\u0131 kurman\u0131z\u0131 sa\u011flar. Type-C \u015farj giri\u015fi, cihaz\u0131n\u0131z\u0131 k\u0131sa s\u00fcrede \u015farj ederek uzun s\u00fcreli kullan\u0131m olana\u011f\u0131 sunar.Renkli LED \u0131\u015f\u0131klar, m\u00fczi\u011finizle senkronize \u015fekilde yan\u0131p s\u00f6nerek ortama canl\u0131l\u0131k katar.Kompakt yap\u0131s\u0131 ve ergonomik ta\u015f\u0131ma sap\u0131, hoparl\u00f6r\u00fc diledi\u011finiz yere kolayca g\u00f6t\u00fcrmenize imk\u00e2n tan\u0131r. Evde, d\u0131\u015far\u0131da, piknikte veya partilerde e\u011flenceyi dorukta ya\u015famak i\u00e7in Ta\u015f\u0131nabilir Karaoke Hoparl\u00f6r Bluetooth 5.0 ve \u00c7ift Mikrofonlu m\u00fckemmel bir tercihtir!<\/p>\n","protected":false},"excerpt":{"rendered":"<p>E\u011flencenin her an\u0131nda yan\u0131n\u0131zda olacak Ta\u015f\u0131nabilir Karaoke Hoparl\u00f6r Bluetooth 5.0 ve \u00c7ift Mikrofonlu, y\u00fcksek ses kalitesi ve \u015f\u0131k tasar\u0131m\u0131yla m\u00fczik deneyiminizi bamba\u015fka bir seviyeye ta\u015f\u0131r.Geli\u015fmi\u015f Bluetooth 5.0 teknolojisi, saniyeler i\u00e7inde cihaz\u0131n\u0131za ba\u011flanarak kesintisiz m\u00fczik keyfi sunar. Ba\u011flant\u0131 kopmadan net ses aktar\u0131m\u0131 sa\u011flar ve d\u00fc\u015f\u00fck gecikme s\u00fcresiyle kusursuz bir performans elde etmenize olanak tan\u0131r.Dahili ses s\u00fcr\u00fcc\u00fcleri,&#8230;<\/p>\n","protected":false},"featured_media":120142,"comment_status":"open","ping_status":"closed","template":"","meta":{"_kad_post_transparent":"","_kad_post_title":"","_kad_post_layout":"","_kad_post_sidebar_id":"","_kad_post_content_style":"","_kad_post_vertical_padding":"","_kad_post_feature":"","_kad_post_feature_position":"","_kad_post_header":false,"_kad_post_footer":false,"_kad_post_classname":""},"product_brand":[],"product_cat":[14911],"product_tag":[],"class_list":{"0":"post-120143","1":"product","2":"type-product","3":"status-publish","4":"has-post-thumbnail","6":"product_cat-kablosuz-hoparlor-kablosuz-hoparlor","8":"first","9":"instock","10":"purchasable","11":"product-type-simple","12":"entry","13":"content-bg","14":"loop-entry"},"_links":{"self":[{"href":"https:\/\/www.hediyepazar.com\/index.php?rest_route=\/wp\/v2\/product\/120143","targetHints":{"allow":["GET"]}}],"collection":[{"href":"https:\/\/www.hediyepazar.com\/index.php?rest_route=\/wp\/v2\/product"}],"about":[{"href":"https:\/\/www.hediyepazar.com\/index.php?rest_route=\/wp\/v2\/types\/product"}],"replies":[{"embeddable":true,"href":"https:\/\/www.hediyepazar.com\/index.php?rest_route=%2Fwp%2Fv2%2Fcomments&post=120143"}],"wp:featuredmedia":[{"embeddable":true,"href":"https:\/\/www.hediyepazar.com\/index.php?rest_route=\/wp\/v2\/media\/120142"}],"wp:attachment":[{"href":"https:\/\/www.hediyepazar.com\/index.php?rest_route=%2Fwp%2Fv2%2Fmedia&parent=120143"}],"wp:term":[{"taxonomy":"product_brand","embeddable":true,"href":"https:\/\/www.hediyepazar.com\/index.php?rest_route=%2Fwp%2Fv2%2Fproduct_brand&post=120143"},{"taxonomy":"product_cat","embeddable":true,"href":"https:\/\/www.hediyepazar.com\/index.php?rest_route=%2Fwp%2Fv2%2Fproduct_cat&post=120143"},{"taxonomy":"product_tag","embeddable":true,"href":"https:\/\/www.hediyepazar.com\/index.php?rest_route=%2Fwp%2Fv2%2Fproduct_tag&post=120143"}],"curies":[{"name":"wp","href":"https:\/\/api.w.org\/{rel}","templated":true}]}}