{"id":120145,"date":"2026-05-06T03:06:06","date_gmt":"2026-05-06T06:06:06","guid":{"rendered":"https:\/\/www.hediyepazar.com\/?product=ahsap-desenli-130-ml-aromaterapi-difuzor-sessiz-ve-usb-baglantili"},"modified":"2026-05-06T03:06:06","modified_gmt":"2026-05-06T06:06:06","slug":"ahsap-desenli-130-ml-aromaterapi-difuzor-sessiz-ve-usb-baglantili","status":"publish","type":"product","link":"https:\/\/www.hediyepazar.com\/?product=ahsap-desenli-130-ml-aromaterapi-difuzor-sessiz-ve-usb-baglantili","title":{"rendered":"Ah\u015fap Desenli 130 ml Aromaterapi Dif\u00fcz\u00f6r Sessiz ve USB Ba\u011flant\u0131l\u0131"},"content":{"rendered":"<p>Evde, ofiste veya seyahatte rahat bir nefes al\u0131n! Ah\u015fap Desenli 130 ml Aromaterapi Dif\u00fcz\u00f6r Sessiz ve USB Ba\u011flant\u0131l\u0131, do\u011fal ah\u015fap dokusu ve kompakt yap\u0131s\u0131yla ya\u015fam alanlar\u0131n\u0131za s\u0131cak bir hava katarken sa\u011fl\u0131kl\u0131 bir ortam olu\u015fturur.130 ml su kapasitesi sayesinde uzun s\u00fcreli nemlendirme yaparak ortam havas\u0131n\u0131 tazeler.Ultrasonik buhar teknolojisi, suyu mikroskobik par\u00e7ac\u0131klara d\u00f6n\u00fc\u015ft\u00fcrerek sessiz bir \u015fekilde ortama yayar. Bu sayede cildinizin kurumas\u0131n\u0131 engeller, sin\u00fcs t\u0131kan\u0131kl\u0131\u011f\u0131n\u0131 hafifletir ve daha konforlu bir solunum ortam\u0131 sa\u011flar.Kuru yan\u0131k korumas\u0131, su bitti\u011finde cihaz\u0131n otomatik kapanmas\u0131n\u0131 sa\u011flayarak g\u00fcvenli kullan\u0131m sunar.7 renkli LED ayd\u0131nlatma sistemi, hem dekoratif bir g\u00f6r\u00fcn\u00fcm kazand\u0131r\u0131r hem de rahatlat\u0131c\u0131 bir atmosfer yarat\u0131r. Gece lambas\u0131 olarak kullan\u0131labilir ve \u00f6zellikle yoga, meditasyon veya dinlenme anlar\u0131nda m\u00fckemmel bir e\u015flik\u00e7idir.Sessiz \u00e7al\u0131\u015fma teknolojisi (36 dB), dinlendirici bir ortam sa\u011flar. USB ba\u011flant\u0131s\u0131 sayesinde powerbank, bilgisayar veya adapt\u00f6r ile kolayca kullan\u0131labilir.Kompakt boyutlar\u0131 (150&#215;95 mm), her alanda kolayca ta\u015f\u0131nabilir ve yer kaplamaz.Aromaterapi \u00f6zelli\u011fi sayesinde sevdi\u011finiz u\u00e7ucu ya\u011flar\u0131 ekleyerek stresi azaltabilir, ruh halinizi dengeleyebilir ve ferahl\u0131\u011f\u0131n tad\u0131n\u0131 \u00e7\u0131karabilirsiniz.Ah\u015fap Desenli 130 ml Aromaterapi Dif\u00fcz\u00f6r Sessiz ve USB Ba\u011flant\u0131l\u0131, hem estetik hem de i\u015flevsel bir ya\u015fam aksesuar\u0131d\u0131r.<\/p>\n","protected":false},"excerpt":{"rendered":"<p>Evde, ofiste veya seyahatte rahat bir nefes al\u0131n! Ah\u015fap Desenli 130 ml Aromaterapi Dif\u00fcz\u00f6r Sessiz ve USB Ba\u011flant\u0131l\u0131, do\u011fal ah\u015fap dokusu ve kompakt yap\u0131s\u0131yla ya\u015fam alanlar\u0131n\u0131za s\u0131cak bir hava katarken sa\u011fl\u0131kl\u0131 bir ortam olu\u015fturur.130 ml su kapasitesi sayesinde uzun s\u00fcreli nemlendirme yaparak ortam havas\u0131n\u0131 tazeler.Ultrasonik buhar teknolojisi, suyu mikroskobik par\u00e7ac\u0131klara d\u00f6n\u00fc\u015ft\u00fcrerek sessiz bir \u015fekilde ortama&#8230;<\/p>\n","protected":false},"featured_media":120144,"comment_status":"open","ping_status":"closed","template":"","meta":{"_kad_post_transparent":"","_kad_post_title":"","_kad_post_layout":"","_kad_post_sidebar_id":"","_kad_post_content_style":"","_kad_post_vertical_padding":"","_kad_post_feature":"","_kad_post_feature_position":"","_kad_post_header":false,"_kad_post_footer":false,"_kad_post_classname":""},"product_brand":[],"product_cat":[14965],"product_tag":[],"class_list":{"0":"post-120145","1":"product","2":"type-product","3":"status-publish","4":"has-post-thumbnail","6":"product_cat-hava-nemlendirici-hava-nemlendirici","8":"first","9":"instock","10":"purchasable","11":"product-type-simple","12":"entry","13":"content-bg","14":"loop-entry"},"_links":{"self":[{"href":"https:\/\/www.hediyepazar.com\/index.php?rest_route=\/wp\/v2\/product\/120145","targetHints":{"allow":["GET"]}}],"collection":[{"href":"https:\/\/www.hediyepazar.com\/index.php?rest_route=\/wp\/v2\/product"}],"about":[{"href":"https:\/\/www.hediyepazar.com\/index.php?rest_route=\/wp\/v2\/types\/product"}],"replies":[{"embeddable":true,"href":"https:\/\/www.hediyepazar.com\/index.php?rest_route=%2Fwp%2Fv2%2Fcomments&post=120145"}],"wp:featuredmedia":[{"embeddable":true,"href":"https:\/\/www.hediyepazar.com\/index.php?rest_route=\/wp\/v2\/media\/120144"}],"wp:attachment":[{"href":"https:\/\/www.hediyepazar.com\/index.php?rest_route=%2Fwp%2Fv2%2Fmedia&parent=120145"}],"wp:term":[{"taxonomy":"product_brand","embeddable":true,"href":"https:\/\/www.hediyepazar.com\/index.php?rest_route=%2Fwp%2Fv2%2Fproduct_brand&post=120145"},{"taxonomy":"product_cat","embeddable":true,"href":"https:\/\/www.hediyepazar.com\/index.php?rest_route=%2Fwp%2Fv2%2Fproduct_cat&post=120145"},{"taxonomy":"product_tag","embeddable":true,"href":"https:\/\/www.hediyepazar.com\/index.php?rest_route=%2Fwp%2Fv2%2Fproduct_tag&post=120145"}],"curies":[{"name":"wp","href":"https:\/\/api.w.org\/{rel}","templated":true}]}}