{"id":120151,"date":"2026-05-06T03:07:04","date_gmt":"2026-05-06T06:07:04","guid":{"rendered":"https:\/\/www.hediyepazar.com\/?product=powerbank-20000-mah-hizli-sarjli-led-fenerli-ve-4-portlu"},"modified":"2026-05-06T03:07:04","modified_gmt":"2026-05-06T06:07:04","slug":"powerbank-20000-mah-hizli-sarjli-led-fenerli-ve-4-portlu","status":"publish","type":"product","link":"https:\/\/www.hediyepazar.com\/?product=powerbank-20000-mah-hizli-sarjli-led-fenerli-ve-4-portlu","title":{"rendered":"Powerbank 20000 mAh H\u0131zl\u0131 \u015earjl\u0131 LED Fenerli ve 4 Portlu"},"content":{"rendered":"<p>Tek bir cihazla t\u00fcm \u015farj ihtiya\u00e7lar\u0131n\u0131z\u0131 kar\u015f\u0131lay\u0131n! Powerbank 20000 mAh H\u0131zl\u0131 \u015earjl\u0131 LED Fenerli ve 4 Portlu, y\u00fcksek kapasiteli bataryas\u0131 ve \u00e7ok y\u00f6nl\u00fc kullan\u0131m\u0131yla fark yarat\u0131r.G\u00fc\u00e7l\u00fc 20.000 mAh batarya kapasitesi, cihazlar\u0131n\u0131z\u0131 g\u00fcn boyu aktif tutar.4 \u00e7\u0131k\u0131\u015fl\u0131 tasar\u0131m\u0131, ayn\u0131 anda birden fazla cihaz\u0131 \u015farj etmenizi sa\u011flar. Bu sayede telefon, tablet, kulakl\u0131k ve ak\u0131ll\u0131 saatlerinizi tek seferde \u015farj ederek zamandan tasarruf edebilirsiniz.H\u0131zl\u0131 \u015farj teknolojisi, enerji aktar\u0131m\u0131n\u0131 maksimum seviyeye \u00e7\u0131kar\u0131r ve bekleme s\u00fcresini azalt\u0131r.\u00dczerinde bulunan LED ekran, mevcut g\u00fc\u00e7 seviyesini g\u00f6sterirken, entegre LED fener, karanl\u0131k ortamlarda ek bir \u0131\u015f\u0131k kayna\u011f\u0131 sa\u011flar.Cihaz\u0131n \u00e7ift USB giri\u015fi, k\u0131sa s\u00fcrede tam dolum sa\u011flar ve uzun s\u00fcreli kullan\u0131m sunar.\u00c7oklu g\u00fcvenlik korumas\u0131, cihazlar\u0131n\u0131z\u0131 a\u015f\u0131r\u0131 \u0131s\u0131nma, ak\u0131m ve voltaj de\u011fi\u015fimlerine kar\u015f\u0131 korur.Kompakt ve modern tasar\u0131m\u0131yla kolayca ta\u015f\u0131nabilir, g\u00fcnl\u00fck kullan\u0131ma veya seyahatlere m\u00fckemmel \u015fekilde uyum sa\u011flar.G\u00fc\u00e7, dayan\u0131kl\u0131l\u0131k ve tasar\u0131m\u0131 bir arada sunan Powerbank 20000 mAh H\u0131zl\u0131 \u015earjl\u0131 LED Fenerli ve 4 Portlu, teknolojiyle i\u00e7 i\u00e7e ya\u015fayan herkes i\u00e7in ideal bir enerji \u00e7\u00f6z\u00fcm\u00fcd\u00fcr.<\/p>\n","protected":false},"excerpt":{"rendered":"<p>Tek bir cihazla t\u00fcm \u015farj ihtiya\u00e7lar\u0131n\u0131z\u0131 kar\u015f\u0131lay\u0131n! Powerbank 20000 mAh H\u0131zl\u0131 \u015earjl\u0131 LED Fenerli ve 4 Portlu, y\u00fcksek kapasiteli bataryas\u0131 ve \u00e7ok y\u00f6nl\u00fc kullan\u0131m\u0131yla fark yarat\u0131r.G\u00fc\u00e7l\u00fc 20.000 mAh batarya kapasitesi, cihazlar\u0131n\u0131z\u0131 g\u00fcn boyu aktif tutar.4 \u00e7\u0131k\u0131\u015fl\u0131 tasar\u0131m\u0131, ayn\u0131 anda birden fazla cihaz\u0131 \u015farj etmenizi sa\u011flar. Bu sayede telefon, tablet, kulakl\u0131k ve ak\u0131ll\u0131 saatlerinizi tek seferde&#8230;<\/p>\n","protected":false},"featured_media":120150,"comment_status":"open","ping_status":"closed","template":"","meta":{"_kad_post_transparent":"","_kad_post_title":"","_kad_post_layout":"","_kad_post_sidebar_id":"","_kad_post_content_style":"","_kad_post_vertical_padding":"","_kad_post_feature":"","_kad_post_feature_position":"","_kad_post_header":false,"_kad_post_footer":false,"_kad_post_classname":""},"product_brand":[],"product_cat":[14937],"product_tag":[],"class_list":{"0":"post-120151","1":"product","2":"type-product","3":"status-publish","4":"has-post-thumbnail","6":"product_cat-powerbank-powerbank-2","8":"first","9":"instock","10":"purchasable","11":"product-type-simple","12":"entry","13":"content-bg","14":"loop-entry"},"_links":{"self":[{"href":"https:\/\/www.hediyepazar.com\/index.php?rest_route=\/wp\/v2\/product\/120151","targetHints":{"allow":["GET"]}}],"collection":[{"href":"https:\/\/www.hediyepazar.com\/index.php?rest_route=\/wp\/v2\/product"}],"about":[{"href":"https:\/\/www.hediyepazar.com\/index.php?rest_route=\/wp\/v2\/types\/product"}],"replies":[{"embeddable":true,"href":"https:\/\/www.hediyepazar.com\/index.php?rest_route=%2Fwp%2Fv2%2Fcomments&post=120151"}],"wp:featuredmedia":[{"embeddable":true,"href":"https:\/\/www.hediyepazar.com\/index.php?rest_route=\/wp\/v2\/media\/120150"}],"wp:attachment":[{"href":"https:\/\/www.hediyepazar.com\/index.php?rest_route=%2Fwp%2Fv2%2Fmedia&parent=120151"}],"wp:term":[{"taxonomy":"product_brand","embeddable":true,"href":"https:\/\/www.hediyepazar.com\/index.php?rest_route=%2Fwp%2Fv2%2Fproduct_brand&post=120151"},{"taxonomy":"product_cat","embeddable":true,"href":"https:\/\/www.hediyepazar.com\/index.php?rest_route=%2Fwp%2Fv2%2Fproduct_cat&post=120151"},{"taxonomy":"product_tag","embeddable":true,"href":"https:\/\/www.hediyepazar.com\/index.php?rest_route=%2Fwp%2Fv2%2Fproduct_tag&post=120151"}],"curies":[{"name":"wp","href":"https:\/\/api.w.org\/{rel}","templated":true}]}}