{"id":120167,"date":"2026-05-06T03:09:42","date_gmt":"2026-05-06T06:09:42","guid":{"rendered":"https:\/\/www.hediyepazar.com\/?product=magsafe-powerbank-kablosuz-sarjli-ve-22-5w-hizli-sarj-destekli"},"modified":"2026-05-06T03:09:42","modified_gmt":"2026-05-06T06:09:42","slug":"magsafe-powerbank-kablosuz-sarjli-ve-22-5w-hizli-sarj-destekli","status":"publish","type":"product","link":"https:\/\/www.hediyepazar.com\/?product=magsafe-powerbank-kablosuz-sarjli-ve-22-5w-hizli-sarj-destekli","title":{"rendered":"MagSafe Powerbank Kablosuz \u015earjl\u0131 ve 22.5W H\u0131zl\u0131 \u015earj Destekli"},"content":{"rendered":"<p>Modern teknolojiyi zarafetle bulu\u015fturan MagSafe Powerbank Kablosuz \u015earjl\u0131 ve 22.5W H\u0131zl\u0131 \u015earj Destekli, g\u00fcnl\u00fck ya\u015famda cihazlar\u0131n\u0131z\u0131 her an enerjiyle bulu\u015fturmak i\u00e7in tasarland\u0131.10.000 mAh batarya kapasitesi, telefonlar\u0131n\u0131z\u0131 ve di\u011fer elektronik cihazlar\u0131n\u0131z\u0131 birden fazla kez \u015farj edebilmenizi sa\u011flar. G\u00fc\u00e7l\u00fc manyetik yap\u0131s\u0131 sayesinde MagSafe uyumlu cihazlar\u0131n\u0131za tam oturur ve hareket halindeyken bile sabit kal\u0131r.Kablosuz \u015farj \u00f6zelli\u011fi, kablo ta\u015f\u0131ma zorunlulu\u011funu ortadan kald\u0131r\u0131rken 22.5W h\u0131zl\u0131 \u015farj deste\u011fi, cihazlar\u0131n\u0131z\u0131 k\u0131sa s\u00fcrede \u015farj etmenize yard\u0131mc\u0131 olur. Bu \u00f6zellik, \u00f6zellikle acil durumlarda veya yo\u011fun tempolu g\u00fcnlerde b\u00fcy\u00fck kolayl\u0131k sa\u011flar.\u00dczerindeki dijital ekran, \u015farj seviyesini net bir \u015fekilde g\u00f6sterir. B\u00f6ylece batarya durumunuzu anl\u0131k olarak kontrol edebilir, enerji y\u00f6netiminizi planlayabilirsiniz. Kompakt ve ince yap\u0131s\u0131, cebinize veya \u00e7antan\u0131za kolayca s\u0131\u011far; hem ofiste hem de seyahatte g\u00fcvenilir bir enerji kayna\u011f\u0131 olarak yan\u0131n\u0131zda olur.Dayan\u0131kl\u0131 malzeme kalitesi, uzun \u00f6m\u00fcrl\u00fc kullan\u0131m sunarken, minimalist tasar\u0131m\u0131 modern tarz\u0131n\u0131z\u0131 tamamlar.Kablosuz, pratik ve g\u00fc\u00e7l\u00fc \u2013 MagSafe Powerbank Kablosuz \u015earjl\u0131 ve 22.5W H\u0131zl\u0131 \u015earj Destekli ile enerjiniz asla bitmesin!<\/p>\n","protected":false},"excerpt":{"rendered":"<p>Modern teknolojiyi zarafetle bulu\u015fturan MagSafe Powerbank Kablosuz \u015earjl\u0131 ve 22.5W H\u0131zl\u0131 \u015earj Destekli, g\u00fcnl\u00fck ya\u015famda cihazlar\u0131n\u0131z\u0131 her an enerjiyle bulu\u015fturmak i\u00e7in tasarland\u0131.10.000 mAh batarya kapasitesi, telefonlar\u0131n\u0131z\u0131 ve di\u011fer elektronik cihazlar\u0131n\u0131z\u0131 birden fazla kez \u015farj edebilmenizi sa\u011flar. G\u00fc\u00e7l\u00fc manyetik yap\u0131s\u0131 sayesinde MagSafe uyumlu cihazlar\u0131n\u0131za tam oturur ve hareket halindeyken bile sabit kal\u0131r.Kablosuz \u015farj \u00f6zelli\u011fi, kablo ta\u015f\u0131ma&#8230;<\/p>\n","protected":false},"featured_media":120166,"comment_status":"open","ping_status":"closed","template":"","meta":{"_kad_post_transparent":"","_kad_post_title":"","_kad_post_layout":"","_kad_post_sidebar_id":"","_kad_post_content_style":"","_kad_post_vertical_padding":"","_kad_post_feature":"","_kad_post_feature_position":"","_kad_post_header":false,"_kad_post_footer":false,"_kad_post_classname":""},"product_brand":[],"product_cat":[14937],"product_tag":[],"class_list":{"0":"post-120167","1":"product","2":"type-product","3":"status-publish","4":"has-post-thumbnail","6":"product_cat-powerbank-powerbank-2","8":"first","9":"instock","10":"purchasable","11":"product-type-simple","12":"entry","13":"content-bg","14":"loop-entry"},"_links":{"self":[{"href":"https:\/\/www.hediyepazar.com\/index.php?rest_route=\/wp\/v2\/product\/120167","targetHints":{"allow":["GET"]}}],"collection":[{"href":"https:\/\/www.hediyepazar.com\/index.php?rest_route=\/wp\/v2\/product"}],"about":[{"href":"https:\/\/www.hediyepazar.com\/index.php?rest_route=\/wp\/v2\/types\/product"}],"replies":[{"embeddable":true,"href":"https:\/\/www.hediyepazar.com\/index.php?rest_route=%2Fwp%2Fv2%2Fcomments&post=120167"}],"wp:featuredmedia":[{"embeddable":true,"href":"https:\/\/www.hediyepazar.com\/index.php?rest_route=\/wp\/v2\/media\/120166"}],"wp:attachment":[{"href":"https:\/\/www.hediyepazar.com\/index.php?rest_route=%2Fwp%2Fv2%2Fmedia&parent=120167"}],"wp:term":[{"taxonomy":"product_brand","embeddable":true,"href":"https:\/\/www.hediyepazar.com\/index.php?rest_route=%2Fwp%2Fv2%2Fproduct_brand&post=120167"},{"taxonomy":"product_cat","embeddable":true,"href":"https:\/\/www.hediyepazar.com\/index.php?rest_route=%2Fwp%2Fv2%2Fproduct_cat&post=120167"},{"taxonomy":"product_tag","embeddable":true,"href":"https:\/\/www.hediyepazar.com\/index.php?rest_route=%2Fwp%2Fv2%2Fproduct_tag&post=120167"}],"curies":[{"name":"wp","href":"https:\/\/api.w.org\/{rel}","templated":true}]}}