{"id":120169,"date":"2026-05-06T03:09:53","date_gmt":"2026-05-06T06:09:53","guid":{"rendered":"https:\/\/www.hediyepazar.com\/?product=akilli-duy-kamera-gece-goruslu-ve-hareket-algilama-sensorlu"},"modified":"2026-05-06T03:09:53","modified_gmt":"2026-05-06T06:09:53","slug":"akilli-duy-kamera-gece-goruslu-ve-hareket-algilama-sensorlu","status":"publish","type":"product","link":"https:\/\/www.hediyepazar.com\/?product=akilli-duy-kamera-gece-goruslu-ve-hareket-algilama-sensorlu","title":{"rendered":"Ak\u0131ll\u0131 Duy Kamera Gece G\u00f6r\u00fc\u015fl\u00fc ve Hareket Alg\u0131lama Sens\u00f6rl\u00fc"},"content":{"rendered":"<p>G\u00fcvenlik teknolojisinde yeni bir standart belirleyen Ak\u0131ll\u0131 Duy Kamera Gece G\u00f6r\u00fc\u015fl\u00fc ve Hareket Alg\u0131lama Sens\u00f6rl\u00fc, her ortamda y\u00fcksek performansl\u0131 izleme imk\u00e2n\u0131 sunar.Geli\u015fmi\u015f PTZ sistemi ile kamera, uzaktan kontrol edilebilir ve 360 derece d\u00f6nebilir yap\u0131dad\u0131r. B\u00f6ylece evinizin, ofisinizin veya garaj\u0131n\u0131z\u0131n hi\u00e7bir noktas\u0131 g\u00f6zden ka\u00e7maz.Kurulumu son derece kolayd\u0131r; sadece duy soketine takarak birka\u00e7 saniye i\u00e7inde \u00e7al\u0131\u015fmaya ba\u015flar. Kablosuz ba\u011flant\u0131 sayesinde karma\u015f\u0131k kurulumlarla u\u011fra\u015fmadan g\u00fcvenli\u011finizi art\u0131rabilirsiniz.Gece g\u00f6r\u00fc\u015f \u00f6zelli\u011fi, 8-12 metre mesafede dahi net g\u00f6r\u00fcnt\u00fc alman\u0131z\u0131 sa\u011flar.Hareket sens\u00f6rleri, bir hareket alg\u0131land\u0131\u011f\u0131nda otomatik olarak izleme moduna ge\u00e7er ve an\u0131nda bildirim g\u00f6nderir. Bu \u00f6zellik sayesinde, siz uzakta olsan\u0131z bile evinizin g\u00fcvenli\u011finden emin olabilirsiniz.Ayr\u0131ca \u00e7ift y\u00f6nl\u00fc ses ileti\u015fimi sayesinde ortamla do\u011frudan ileti\u015fim kurabilir, sesli komutlar verebilirsiniz. Y\u00fcksek \u00e7\u00f6z\u00fcn\u00fcrl\u00fckl\u00fc kamera, g\u00fcnd\u00fczleri renkli, geceleri ise siyah-beyaz modda kristal netli\u011finde g\u00f6r\u00fcnt\u00fcler sunar.Estetik ve kompakt tasar\u0131m\u0131, g\u00fc\u00e7l\u00fc donan\u0131m\u0131yla birle\u015ferek Ak\u0131ll\u0131 Duy Kamera Gece G\u00f6r\u00fc\u015fl\u00fc ve Hareket Alg\u0131lama Sens\u00f6rl\u00fc modelini g\u00fcvenlik sistemlerinde \u00f6ne \u00e7\u0131kar\u0131r.Her detay sizin kontrol\u00fcn\u00fczde, her an g\u00fcvendesiniz!<\/p>\n","protected":false},"excerpt":{"rendered":"<p>G\u00fcvenlik teknolojisinde yeni bir standart belirleyen Ak\u0131ll\u0131 Duy Kamera Gece G\u00f6r\u00fc\u015fl\u00fc ve Hareket Alg\u0131lama Sens\u00f6rl\u00fc, her ortamda y\u00fcksek performansl\u0131 izleme imk\u00e2n\u0131 sunar.Geli\u015fmi\u015f PTZ sistemi ile kamera, uzaktan kontrol edilebilir ve 360 derece d\u00f6nebilir yap\u0131dad\u0131r. B\u00f6ylece evinizin, ofisinizin veya garaj\u0131n\u0131z\u0131n hi\u00e7bir noktas\u0131 g\u00f6zden ka\u00e7maz.Kurulumu son derece kolayd\u0131r; sadece duy soketine takarak birka\u00e7 saniye i\u00e7inde \u00e7al\u0131\u015fmaya ba\u015flar&#8230;.<\/p>\n","protected":false},"featured_media":120168,"comment_status":"open","ping_status":"closed","template":"","meta":{"_kad_post_transparent":"","_kad_post_title":"","_kad_post_layout":"","_kad_post_sidebar_id":"","_kad_post_content_style":"","_kad_post_vertical_padding":"","_kad_post_feature":"","_kad_post_feature_position":"","_kad_post_header":false,"_kad_post_footer":false,"_kad_post_classname":""},"product_brand":[],"product_cat":[14927],"product_tag":[],"class_list":{"0":"post-120169","1":"product","2":"type-product","3":"status-publish","4":"has-post-thumbnail","6":"product_cat-akilli-kamera-akilli-kamera","8":"first","9":"instock","10":"purchasable","11":"product-type-simple","12":"entry","13":"content-bg","14":"loop-entry"},"_links":{"self":[{"href":"https:\/\/www.hediyepazar.com\/index.php?rest_route=\/wp\/v2\/product\/120169","targetHints":{"allow":["GET"]}}],"collection":[{"href":"https:\/\/www.hediyepazar.com\/index.php?rest_route=\/wp\/v2\/product"}],"about":[{"href":"https:\/\/www.hediyepazar.com\/index.php?rest_route=\/wp\/v2\/types\/product"}],"replies":[{"embeddable":true,"href":"https:\/\/www.hediyepazar.com\/index.php?rest_route=%2Fwp%2Fv2%2Fcomments&post=120169"}],"wp:featuredmedia":[{"embeddable":true,"href":"https:\/\/www.hediyepazar.com\/index.php?rest_route=\/wp\/v2\/media\/120168"}],"wp:attachment":[{"href":"https:\/\/www.hediyepazar.com\/index.php?rest_route=%2Fwp%2Fv2%2Fmedia&parent=120169"}],"wp:term":[{"taxonomy":"product_brand","embeddable":true,"href":"https:\/\/www.hediyepazar.com\/index.php?rest_route=%2Fwp%2Fv2%2Fproduct_brand&post=120169"},{"taxonomy":"product_cat","embeddable":true,"href":"https:\/\/www.hediyepazar.com\/index.php?rest_route=%2Fwp%2Fv2%2Fproduct_cat&post=120169"},{"taxonomy":"product_tag","embeddable":true,"href":"https:\/\/www.hediyepazar.com\/index.php?rest_route=%2Fwp%2Fv2%2Fproduct_tag&post=120169"}],"curies":[{"name":"wp","href":"https:\/\/api.w.org\/{rel}","templated":true}]}}