{"id":120199,"date":"2026-05-06T03:13:21","date_gmt":"2026-05-06T06:13:21","guid":{"rendered":"https:\/\/www.hediyepazar.com\/?product=tasarim-metal-cakmak-minimal-mat-yuzeyli-ve-sik-gorunumlu"},"modified":"2026-05-06T03:13:21","modified_gmt":"2026-05-06T06:13:21","slug":"tasarim-metal-cakmak-minimal-mat-yuzeyli-ve-sik-gorunumlu","status":"publish","type":"product","link":"https:\/\/www.hediyepazar.com\/?product=tasarim-metal-cakmak-minimal-mat-yuzeyli-ve-sik-gorunumlu","title":{"rendered":"Tasar\u0131m Metal \u00c7akmak Minimal Mat Y\u00fczeyli ve \u015e\u0131k G\u00f6r\u00fcn\u00fcml\u00fc"},"content":{"rendered":"<p>Minimalist tarz\u0131 ve kaliteli yap\u0131s\u0131yla fark yaratan Tasar\u0131m Metal \u00c7akmak Minimal Mat Y\u00fczeyli ve \u015e\u0131k G\u00f6r\u00fcn\u00fcml\u00fc, modern estetik anlay\u0131\u015f\u0131n\u0131 i\u015flevsellikle bulu\u015fturur.G\u00fcnl\u00fck hayatta pratik bir ara\u00e7 olman\u0131n \u00f6tesinde, tarz\u0131n\u0131z\u0131 tamamlayan bir aksesuar haline gelir.Mat metal kaplamas\u0131, hem modern hem klasik tarzlara uyum sa\u011flar.Parlak olmayan y\u00fczeyiyle sade ama etkileyici bir duru\u015f sergiler.Ergonomik yap\u0131s\u0131, elinizde rahat tutu\u015f imkan\u0131 verir; uzun s\u00fcreli kullan\u0131mda bile konfor sunar.Bu \u00e7akmak, dayan\u0131kl\u0131 metal g\u00f6vdesi sayesinde uzun \u00f6m\u00fcrl\u00fc kullan\u0131m sa\u011flar.Masa ba\u015f\u0131nda, d\u0131\u015f mekanda veya hediye olarak kullan\u0131labilir.G\u00fcvenlik amac\u0131yla yak\u0131ts\u0131z g\u00f6nderilmesi, ilk dolumu ki\u015fisel hale getirmenize olanak tan\u0131r.Her detay\u0131nda \u00f6zenle i\u015flenmi\u015f olan bu \u00e7akmak, \u00f6zg\u00fcn stilinizi yans\u0131t\u0131rken kaliteyi elinizde hissettirir.Sadelikten do\u011fan zarafetiyle Tasar\u0131m Metal \u00c7akmak Minimal Mat Y\u00fczeyli ve \u015e\u0131k G\u00f6r\u00fcn\u00fcml\u00fc, \u015f\u0131kl\u0131kla fonksiyonelli\u011fi bir araya getiriyor.<\/p>\n","protected":false},"excerpt":{"rendered":"<p>Minimalist tarz\u0131 ve kaliteli yap\u0131s\u0131yla fark yaratan Tasar\u0131m Metal \u00c7akmak Minimal Mat Y\u00fczeyli ve \u015e\u0131k G\u00f6r\u00fcn\u00fcml\u00fc, modern estetik anlay\u0131\u015f\u0131n\u0131 i\u015flevsellikle bulu\u015fturur.G\u00fcnl\u00fck hayatta pratik bir ara\u00e7 olman\u0131n \u00f6tesinde, tarz\u0131n\u0131z\u0131 tamamlayan bir aksesuar haline gelir.Mat metal kaplamas\u0131, hem modern hem klasik tarzlara uyum sa\u011flar.Parlak olmayan y\u00fczeyiyle sade ama etkileyici bir duru\u015f sergiler.Ergonomik yap\u0131s\u0131, elinizde rahat tutu\u015f imkan\u0131&#8230;<\/p>\n","protected":false},"featured_media":120198,"comment_status":"open","ping_status":"closed","template":"","meta":{"_kad_post_transparent":"","_kad_post_title":"","_kad_post_layout":"","_kad_post_sidebar_id":"","_kad_post_content_style":"","_kad_post_vertical_padding":"","_kad_post_feature":"","_kad_post_feature_position":"","_kad_post_header":false,"_kad_post_footer":false,"_kad_post_classname":""},"product_brand":[],"product_cat":[15042],"product_tag":[],"class_list":{"0":"post-120199","1":"product","2":"type-product","3":"status-publish","4":"has-post-thumbnail","6":"product_cat-benzinli-cakmak-benzinli-cakmak","8":"first","9":"instock","10":"purchasable","11":"product-type-simple","12":"entry","13":"content-bg","14":"loop-entry"},"_links":{"self":[{"href":"https:\/\/www.hediyepazar.com\/index.php?rest_route=\/wp\/v2\/product\/120199","targetHints":{"allow":["GET"]}}],"collection":[{"href":"https:\/\/www.hediyepazar.com\/index.php?rest_route=\/wp\/v2\/product"}],"about":[{"href":"https:\/\/www.hediyepazar.com\/index.php?rest_route=\/wp\/v2\/types\/product"}],"replies":[{"embeddable":true,"href":"https:\/\/www.hediyepazar.com\/index.php?rest_route=%2Fwp%2Fv2%2Fcomments&post=120199"}],"wp:featuredmedia":[{"embeddable":true,"href":"https:\/\/www.hediyepazar.com\/index.php?rest_route=\/wp\/v2\/media\/120198"}],"wp:attachment":[{"href":"https:\/\/www.hediyepazar.com\/index.php?rest_route=%2Fwp%2Fv2%2Fmedia&parent=120199"}],"wp:term":[{"taxonomy":"product_brand","embeddable":true,"href":"https:\/\/www.hediyepazar.com\/index.php?rest_route=%2Fwp%2Fv2%2Fproduct_brand&post=120199"},{"taxonomy":"product_cat","embeddable":true,"href":"https:\/\/www.hediyepazar.com\/index.php?rest_route=%2Fwp%2Fv2%2Fproduct_cat&post=120199"},{"taxonomy":"product_tag","embeddable":true,"href":"https:\/\/www.hediyepazar.com\/index.php?rest_route=%2Fwp%2Fv2%2Fproduct_tag&post=120199"}],"curies":[{"name":"wp","href":"https:\/\/api.w.org\/{rel}","templated":true}]}}