{"id":120207,"date":"2026-05-06T03:14:17","date_gmt":"2026-05-06T06:14:17","guid":{"rendered":"https:\/\/www.hediyepazar.com\/?product=kablosuz-bluetooth-ses-adaptoru-4-1-teknolojili-ve-10m-menzilli"},"modified":"2026-05-06T03:14:17","modified_gmt":"2026-05-06T06:14:17","slug":"kablosuz-bluetooth-ses-adaptoru-4-1-teknolojili-ve-10m-menzilli","status":"publish","type":"product","link":"https:\/\/www.hediyepazar.com\/?product=kablosuz-bluetooth-ses-adaptoru-4-1-teknolojili-ve-10m-menzilli","title":{"rendered":"Kablosuz Bluetooth Ses Adapt\u00f6r\u00fc 4.1 Teknolojili ve 10m Menzilli"},"content":{"rendered":"<p>Her yerde kablosuz ses deneyimi ya\u015fay\u0131n! Kablosuz Bluetooth Ses Adapt\u00f6r\u00fc 4.1 Teknolojili ve 10m Menzilli, hoparl\u00f6r, kulakl\u0131k veya ara\u00e7 ses sisteminizi an\u0131nda Bluetooth destekli hale getirir.Karma\u015f\u0131k ba\u011flant\u0131larla u\u011fra\u015fmadan m\u00fczik dinlemek, film izlemek veya g\u00f6r\u00fc\u015fme yapmak i\u00e7in ideal bir \u00e7\u00f6z\u00fcmd\u00fcr.Bluetooth 4.1 teknolojisi, h\u0131zl\u0131 ve kararl\u0131 bir ba\u011flant\u0131 sunar.3.5mm ses giri\u015fli her cihazla uyumlu oldu\u011fu i\u00e7in evdeki eski ses sistemlerinizi yeniden kullanabilirsiniz.Kompakt boyutu ve klipsli ta\u015f\u0131nabilir tasar\u0131m\u0131, kolay ta\u015f\u0131ma imkan\u0131 sa\u011flar.10 metre kablosuz kapsama alan\u0131, kesintisiz bir m\u00fczik keyfi sunar.Yaln\u0131zca 30 dakikal\u0131k \u015farj s\u00fcresi ile tam dolum sa\u011flan\u0131r ve 4 saate kadar kesintisiz kullan\u0131m imkan\u0131 verir.Evde, ofiste, arabada veya a\u00e7\u0131k havada m\u00fczi\u011fin keyfini \u00e7\u0131kar\u0131n.Kablosuz Bluetooth Ses Adapt\u00f6r\u00fc 4.1 Teknolojili ve 10m Menzilli, kablolu cihazlar\u0131n\u0131z\u0131 ak\u0131ll\u0131 hale getirmenin en pratik yoludur.<\/p>\n","protected":false},"excerpt":{"rendered":"<p>Her yerde kablosuz ses deneyimi ya\u015fay\u0131n! Kablosuz Bluetooth Ses Adapt\u00f6r\u00fc 4.1 Teknolojili ve 10m Menzilli, hoparl\u00f6r, kulakl\u0131k veya ara\u00e7 ses sisteminizi an\u0131nda Bluetooth destekli hale getirir.Karma\u015f\u0131k ba\u011flant\u0131larla u\u011fra\u015fmadan m\u00fczik dinlemek, film izlemek veya g\u00f6r\u00fc\u015fme yapmak i\u00e7in ideal bir \u00e7\u00f6z\u00fcmd\u00fcr.Bluetooth 4.1 teknolojisi, h\u0131zl\u0131 ve kararl\u0131 bir ba\u011flant\u0131 sunar.3.5mm ses giri\u015fli her cihazla uyumlu oldu\u011fu i\u00e7in evdeki&#8230;<\/p>\n","protected":false},"featured_media":120206,"comment_status":"open","ping_status":"closed","template":"","meta":{"_kad_post_transparent":"","_kad_post_title":"","_kad_post_layout":"","_kad_post_sidebar_id":"","_kad_post_content_style":"","_kad_post_vertical_padding":"","_kad_post_feature":"","_kad_post_feature_position":"","_kad_post_header":false,"_kad_post_footer":false,"_kad_post_classname":""},"product_brand":[],"product_cat":[15020],"product_tag":[],"class_list":{"0":"post-120207","1":"product","2":"type-product","3":"status-publish","4":"has-post-thumbnail","6":"product_cat-bluetooth-arac-kiti-bluetooth-arac-kiti","8":"first","9":"instock","10":"purchasable","11":"product-type-simple","12":"entry","13":"content-bg","14":"loop-entry"},"_links":{"self":[{"href":"https:\/\/www.hediyepazar.com\/index.php?rest_route=\/wp\/v2\/product\/120207","targetHints":{"allow":["GET"]}}],"collection":[{"href":"https:\/\/www.hediyepazar.com\/index.php?rest_route=\/wp\/v2\/product"}],"about":[{"href":"https:\/\/www.hediyepazar.com\/index.php?rest_route=\/wp\/v2\/types\/product"}],"replies":[{"embeddable":true,"href":"https:\/\/www.hediyepazar.com\/index.php?rest_route=%2Fwp%2Fv2%2Fcomments&post=120207"}],"wp:featuredmedia":[{"embeddable":true,"href":"https:\/\/www.hediyepazar.com\/index.php?rest_route=\/wp\/v2\/media\/120206"}],"wp:attachment":[{"href":"https:\/\/www.hediyepazar.com\/index.php?rest_route=%2Fwp%2Fv2%2Fmedia&parent=120207"}],"wp:term":[{"taxonomy":"product_brand","embeddable":true,"href":"https:\/\/www.hediyepazar.com\/index.php?rest_route=%2Fwp%2Fv2%2Fproduct_brand&post=120207"},{"taxonomy":"product_cat","embeddable":true,"href":"https:\/\/www.hediyepazar.com\/index.php?rest_route=%2Fwp%2Fv2%2Fproduct_cat&post=120207"},{"taxonomy":"product_tag","embeddable":true,"href":"https:\/\/www.hediyepazar.com\/index.php?rest_route=%2Fwp%2Fv2%2Fproduct_tag&post=120207"}],"curies":[{"name":"wp","href":"https:\/\/api.w.org\/{rel}","templated":true}]}}